{"id":23,"date":"2025-05-04T15:48:37","date_gmt":"2025-05-04T12:48:37","guid":{"rendered":"https:\/\/blogit.utu.fi\/tvoseniorit\/?page_id=23"},"modified":"2025-05-06T10:28:03","modified_gmt":"2025-05-06T07:28:03","slug":"saannot","status":"publish","type":"page","link":"https:\/\/blogit.utu.fi\/tvoseniorit\/saannot\/","title":{"rendered":"TURUN YLIOPISTON VARSINAISSUOMALAISEN OSAKUNNAN SENIORIT r.y:n S\u00c4\u00c4NN\u00d6T"},"content":{"rendered":"\n<h4 class=\"wp-block-heading\">Nimi ja kotipaikka<\/h4>\n\n\n\n<p><strong>1 \u00a7.<\/strong><br>Yhdistyksen nimi on Turun Yliopiston Varsinaissuomalaisen Osakunnan Seniorit r.y. ja sen kotipaikka on Turun kaupunki.<\/p>\n\n\n\n<h4 class=\"wp-block-heading\">Tarkoitus<\/h4>\n\n\n\n<p><strong>2 \u00a7.<\/strong><br>Yhdistyksen tarkoituksena on toimia Turun Yliopistossa opiskelleiden varsinaissuomalaisten yhdyssiteen\u00e4 sek\u00e4 tukea Turun Yliopiston Varsinaissuomalaisen Osakunnan toimintaa. T\u00e4ss\u00e4 tarkoituksessa yhdistys j\u00e4rjest\u00e4\u00e4 kokouksia, neuvottelutilaisuuksia ja juhlia yms.<\/p>\n\n\n\n<h4 class=\"wp-block-heading\">J\u00e4senyys<\/h4>\n\n\n\n<p><strong>3 \u00a7.<\/strong><br>Yhdistyksen j\u00e4seniksi voivat liitty\u00e4 kaikki Turun Yliopiston Varsinaissuomalaisen Osakunnan entiset j\u00e4senet.<\/p>\n\n\n\n<p>Hallitus voi harkinnan mukaan kutsua j\u00e4seniksi yhdistykseen muitakin sen toiminnasta kiinnostuneita yksityisi\u00e4 tai juridisia henkil\u00f6it\u00e4.<\/p>\n\n\n\n<p><strong>4 \u00a7.<\/strong><br>Yhdistys perii j\u00e4senilt\u00e4\u00e4n vuosittain j\u00e4senmaksun, jonka suuruus m\u00e4\u00e4r\u00e4t\u00e4\u00e4n syyskokouksessa.<\/p>\n\n\n\n<h4 class=\"wp-block-heading\">Toiminta- ja tilivuosi<\/h4>\n\n\n\n<p><strong>5 \u00a7.<\/strong><br>Yhdistyksen toiminta- ja tilivuosi on kalenterivuosi.<\/p>\n\n\n\n<h4 class=\"wp-block-heading\">Kokoukset<\/h4>\n\n\n\n<p><strong>6 \u00a7.<\/strong><br>Yhdistys kokoontuu toiminta- ja tilivuoden aikana kev\u00e4tkokoukseen huhti-toukokuussa ja syyskokoukseen loka-marraskuussa sek\u00e4 ylim\u00e4\u00e4r\u00e4isiin kokouksiin, mik\u00e4li hallitus katsoo sen tarpeelliseksi tai mik\u00e4li v\u00e4hint\u00e4\u00e4n viisi (5) sadannesta j\u00e4senist\u00f6st\u00e4 sit\u00e4 ilmoittamansa asian vuoksi anoo puheenjohtajalta.<\/p>\n\n\n\n<p><strong>7 \u00a7.<\/strong><br>Kev\u00e4tkokouksessa k\u00e4sitell\u00e4\u00e4n seuraavat asiat:<br>1) Esitet\u00e4\u00e4n edellisen vuoden toiminta- ja tilikertomus,<br>2) esitet\u00e4\u00e4n tilintarkastajien lausunto yhdistyksen tileist\u00e4 ja hallinnosta,<br>3) p\u00e4\u00e4tet\u00e4\u00e4n vastuuvapauden my\u00f6nt\u00e4misest\u00e4 hallitukselle ja taloudenhoitajalle sek\u00e4 toimenpiteist\u00e4, joihin toiminta- tai tilikertomus antavat aihetta.<\/p>\n\n\n\n<p><strong>8 \u00a7.<\/strong><br>Syyskokouksessa k\u00e4sitell\u00e4\u00e4n seuraavat asiat:<br>1) Valitaan tulevaksi toimintavuodeksi hallitukseen puheenjohtaja, varapuheenjohtaja, sihteeri, taloudenhoitaja sek\u00e4 yksi muu j\u00e4sen ja kaksi varaj\u00e4sent\u00e4,<br>2) valitaan tilintarkastajat ja heid\u00e4n varamiehens\u00e4,<br>3) valitaan muut tarvittavat toimihenkil\u00f6t,<br>4) esitet\u00e4\u00e4n talousarvio ja toimintasuunnitelma hyv\u00e4ksytt\u00e4v\u00e4ksi,<br>5) p\u00e4\u00e4tet\u00e4\u00e4n j\u00e4senmaksun suuruus.<\/p>\n\n\n\n<p><strong>9 \u00a7.<\/strong><br>Yhdistyksen kokous kutsutaan koolle seitsem\u00e4n (7) vuorokautta ennen kokousta joko Turun Yliopiston Varsinaissuomalaisen Osakunnan p\u00e4\u00e4-\u00e4\u00e4nenkannattajassa tai suurimmassa turkulaisessa p\u00e4iv\u00e4lehdess\u00e4 olevalla ilmoituksella taikka jokaiselle yhdistyksen j\u00e4senelle seitsem\u00e4n (7) vuorokautta ennen kokousta l\u00e4hetetyll\u00e4 kutsulla.<\/p>\n\n\n\n<h4 class=\"wp-block-heading\">Hallitus<\/h4>\n\n\n\n<p><strong>10 \u00a7.<\/strong><br>Yhdistyksen hallitukseen kuuluvat syyskokouksen valitsemina puheenjohtaja, varapuheenjohtaja, sihteeri, taloudenhoitaja sek\u00e4 yksi muu j\u00e4sen.<\/p>\n\n\n\n<p>Syyskokous valitsee lis\u00e4ksi hallitukseen kaksi varaj\u00e4sent\u00e4.<\/p>\n\n\n\n<p><strong>11 \u00a7.<\/strong><br>Hallitus on p\u00e4\u00e4t\u00f6svaltainen kaikkien sen j\u00e4senten saatua kutsun v\u00e4hint\u00e4\u00e4n kaksi vuorokautta ennen kokousta ja v\u00e4hint\u00e4\u00e4n kolmen j\u00e4senen ollessa l\u00e4sn\u00e4 puheenjohtaja tai varapuheenjohtaja mukaan luettuna.<\/p>\n\n\n\n<h4 class=\"wp-block-heading\">Erin\u00e4isi\u00e4 m\u00e4\u00e4r\u00e4yksi\u00e4<\/h4>\n\n\n\n<p><strong>12 \u00a7.<\/strong><br>Yhdistyksen nimen kirjoittavat puheenjohtaja ja sihteeri yhdess\u00e4 tai jompikumpi yhdess\u00e4 varapuheenjohtajan kanssa.<\/p>\n\n\n\n<p><strong>13 \u00a7.<\/strong><br>Ehdotukset muutoksista n\u00e4ihin s\u00e4\u00e4nt\u00f6ihin on teht\u00e4v\u00e4 yhdistyksen kokoukselle ja on niist\u00e4 kokouskutsussa mainittava. Tullakseen hyv\u00e4ksytyksi on muutosehdotuksen saatava puolelleen kahdessa per\u00e4kk\u00e4isess\u00e4, v\u00e4hint\u00e4\u00e4n kahden viikon v\u00e4liajoin pidetyss\u00e4 kokouksessa, v\u00e4hint\u00e4\u00e4n kolme nelj\u00e4sosaa annetuista \u00e4\u00e4nist\u00e4.<\/p>\n\n\n\n<p><strong>14 \u00a7.<\/strong><br>P\u00e4\u00e4t\u00f6s yhdistyksen purkamisesta on teht\u00e4v\u00e4 kahdessa, v\u00e4hint\u00e4\u00e4n kuukauden v\u00e4liajoin pidett\u00e4v\u00e4ss\u00e4 yhdistyksen kokouksessa v\u00e4hint\u00e4\u00e4n kolmella nelj\u00e4sosalla annetusta \u00e4\u00e4nim\u00e4\u00e4r\u00e4st\u00e4, ja asia on kokouskutsussa mainittava.<\/p>\n\n\n\n<p>Jos yhdistys p\u00e4\u00e4tet\u00e4\u00e4n purkaa, on sen varat luovutettava Turun Yliopiston Varsinaissuomalaiselle osakunnalle, t\u00e4m\u00e4n toiminnan jatkajalle taikka Osakunnan lopetettua toimintansa, Turun Yliopistolle.<\/p>\n","protected":false},"excerpt":{"rendered":"<p>Nimi ja kotipaikka 1 \u00a7.Yhdistyksen nimi on Turun Yliopiston Varsinaissuomalaisen Osakunnan Seniorit r.y. ja sen kotipaikka on Turun kaupunki. Tarkoitus 2 \u00a7.Yhdistyksen tarkoituksena on toimia Turun Yliopistossa opiskelleiden varsinaissuomalaisten yhdyssiteen\u00e4 sek\u00e4 tukea Turun Yliopiston Varsinaissuomalaisen Osakunnan toimintaa. T\u00e4ss\u00e4 tarkoituksessa yhdistys j\u00e4rjest\u00e4\u00e4 kokouksia, neuvottelutilaisuuksia ja juhlia yms. J\u00e4senyys 3 \u00a7.Yhdistyksen j\u00e4seniksi voivat liitty\u00e4 kaikki Turun Yliopiston [&hellip;]<\/p>\n","protected":false},"author":2698,"featured_media":0,"parent":0,"menu_order":0,"comment_status":"closed","ping_status":"closed","template":"","meta":{"footnotes":""},"class_list":["post-23","page","type-page","status-publish","hentry","post-preview"],"_links":{"self":[{"href":"https:\/\/blogit.utu.fi\/tvoseniorit\/wp-json\/wp\/v2\/pages\/23","targetHints":{"allow":["GET"]}}],"collection":[{"href":"https:\/\/blogit.utu.fi\/tvoseniorit\/wp-json\/wp\/v2\/pages"}],"about":[{"href":"https:\/\/blogit.utu.fi\/tvoseniorit\/wp-json\/wp\/v2\/types\/page"}],"author":[{"embeddable":true,"href":"https:\/\/blogit.utu.fi\/tvoseniorit\/wp-json\/wp\/v2\/users\/2698"}],"replies":[{"embeddable":true,"href":"https:\/\/blogit.utu.fi\/tvoseniorit\/wp-json\/wp\/v2\/comments?post=23"}],"version-history":[{"count":2,"href":"https:\/\/blogit.utu.fi\/tvoseniorit\/wp-json\/wp\/v2\/pages\/23\/revisions"}],"predecessor-version":[{"id":66,"href":"https:\/\/blogit.utu.fi\/tvoseniorit\/wp-json\/wp\/v2\/pages\/23\/revisions\/66"}],"wp:attachment":[{"href":"https:\/\/blogit.utu.fi\/tvoseniorit\/wp-json\/wp\/v2\/media?parent=23"}],"curies":[{"name":"wp","href":"https:\/\/api.w.org\/{rel}","templated":true}]}}