{"id":31,"date":"2025-05-04T16:00:46","date_gmt":"2025-05-04T13:00:46","guid":{"rendered":"https:\/\/blogit.utu.fi\/tvoseniorit\/?page_id=31"},"modified":"2026-02-14T07:52:32","modified_gmt":"2026-02-14T05:52:32","slug":"yhteystiedot-2","status":"publish","type":"page","link":"https:\/\/blogit.utu.fi\/tvoseniorit\/yhteystiedot-2\/","title":{"rendered":"Yhteystiedot"},"content":{"rendered":"\n<p><strong>S\u00e4hk\u00f6posti:<\/strong> tvo@utu.fi<\/p>\n\n\n\n<p><strong>Turun yliopiston varsinaissuomalaisen osakunnan seniorit ry:n hallitus 2026<\/strong><\/p>\n\n\n\n<p>Puheenjohtaja Sara Bronstein<\/p>\n\n\n\n<p>Varapuheenjohtaja Tomi Hautakangas<\/p>\n\n\n\n<p>Taloudenhoitaja Mikko Jakonen<\/p>\n\n\n\n<p>Sihteeri Riku Hautala<\/p>\n\n\n\n<p>Varsinainen j\u00e4sen Kati H\u00e4kkinen<\/p>\n\n\n\n<p>Varaj\u00e4sen Otto Haaki<\/p>\n","protected":false},"excerpt":{"rendered":"<p>S\u00e4hk\u00f6posti: tvo@utu.fi Turun yliopiston varsinaissuomalaisen osakunnan seniorit ry:n hallitus 2026 Puheenjohtaja Sara Bronstein Varapuheenjohtaja Tomi Hautakangas Taloudenhoitaja Mikko Jakonen Sihteeri Riku Hautala Varsinainen j\u00e4sen Kati H\u00e4kkinen Varaj\u00e4sen Otto Haaki<\/p>\n","protected":false},"author":2698,"featured_media":0,"parent":0,"menu_order":0,"comment_status":"closed","ping_status":"closed","template":"","meta":{"footnotes":""},"class_list":["post-31","page","type-page","status-publish","hentry","post-preview"],"_links":{"self":[{"href":"https:\/\/blogit.utu.fi\/tvoseniorit\/wp-json\/wp\/v2\/pages\/31","targetHints":{"allow":["GET"]}}],"collection":[{"href":"https:\/\/blogit.utu.fi\/tvoseniorit\/wp-json\/wp\/v2\/pages"}],"about":[{"href":"https:\/\/blogit.utu.fi\/tvoseniorit\/wp-json\/wp\/v2\/types\/page"}],"author":[{"embeddable":true,"href":"https:\/\/blogit.utu.fi\/tvoseniorit\/wp-json\/wp\/v2\/users\/2698"}],"replies":[{"embeddable":true,"href":"https:\/\/blogit.utu.fi\/tvoseniorit\/wp-json\/wp\/v2\/comments?post=31"}],"version-history":[{"count":3,"href":"https:\/\/blogit.utu.fi\/tvoseniorit\/wp-json\/wp\/v2\/pages\/31\/revisions"}],"predecessor-version":[{"id":133,"href":"https:\/\/blogit.utu.fi\/tvoseniorit\/wp-json\/wp\/v2\/pages\/31\/revisions\/133"}],"wp:attachment":[{"href":"https:\/\/blogit.utu.fi\/tvoseniorit\/wp-json\/wp\/v2\/media?parent=31"}],"curies":[{"name":"wp","href":"https:\/\/api.w.org\/{rel}","templated":true}]}}