{"id":70,"date":"2025-05-06T10:36:04","date_gmt":"2025-05-06T07:36:04","guid":{"rendered":"https:\/\/blogit.utu.fi\/tvoseniorit\/?page_id=70"},"modified":"2025-05-06T10:39:52","modified_gmt":"2025-05-06T07:39:52","slug":"osakuntanauhaohjesaanto","status":"publish","type":"page","link":"https:\/\/blogit.utu.fi\/tvoseniorit\/osakuntanauhaohjesaanto\/","title":{"rendered":"TVO:n osakuntanauhaohjes\u00e4\u00e4nt\u00f6"},"content":{"rendered":"\n<h3 class=\"wp-block-heading\">Osakuntanauhan k\u00e4ytt\u00f6<\/h3>\n\n\n\n<p>1 \u00a7 Osakuntanauhaa k\u00e4ytet\u00e4\u00e4n TVO:n juhlissa, kuten vuosijuhlassa ja seniorijuhlassa ja muissa tilaisuuksissa, joissa pidet\u00e4\u00e4n akateemisia kunniamerkkej\u00e4. N\u00e4iss\u00e4 tilaisuuksissa kunnianauha tai ansionauha korvaavat osakuntanauhan.<\/p>\n\n\n\n<p>2 \u00a7 Osakuntanauhaa suositellaan k\u00e4ytett\u00e4v\u00e4ksi juhlien ohella osakunnan retkill\u00e4, kuten maakuntaretkill\u00e4 ja Floran p\u00e4iv\u00e4n risteilyll\u00e4, osakuntakokouksissa, karonkkakokouksissa, vappuna, osakunnan pikkujouluissa ja osakunnan lippua kannettaessa ja lipun ollessa l\u00e4sn\u00e4.<\/p>\n\n\n\n<p>3 \u00a7 Osakunnan tiloissa nauhaa voi k\u00e4ytt\u00e4\u00e4 aina halutessaan.<\/p>\n\n\n\n<p>4 \u00a7 Osakuntanauhaa k\u00e4ytet\u00e4\u00e4n tilaisuuteen sopivan pukeutumisen osana. Osakuntanauhaa ei saa k\u00e4ytt\u00e4\u00e4 opiskelijahaalareiden kanssa.<\/p>\n\n\n\n<p>5 \u00a7 Miehet kantavat osakuntanauhaa oikealta olkap\u00e4\u00e4lt\u00e4 rinnan yli viistoon. Naiset kantavat osakuntanauhaa oikelta tai vasemmalta olkap\u00e4\u00e4lt\u00e4 rinnan yli viistoon. Osakuntanauhaa voi kantaa my\u00f6s ruusukkeeksi solmittuna.<\/p>\n\n\n\n<h4 class=\"wp-block-heading\">Osakuntanauhan my\u00f6nt\u00e4minen ja k\u00e4ytt\u00f6oikeus<\/h4>\n\n\n\n<p>6 \u00a7 Osakuntanauha my\u00f6nnet\u00e4\u00e4n ansiomerkkitoimikunnan p\u00e4\u00e4t\u00f6ksell\u00e4 osakunnassa toimiville henkil\u00f6ille. TVO:n hallituksen tulee tehd\u00e4 ansiomerkkitoimikunnalle ehdotus nauhan saajista.<\/p>\n\n\n\n<p>Ansiomerkkitoimikunta voi my\u00f6nt\u00e4\u00e4 osakuntanauhan harkintansa mukaan muillekin.<\/p>\n\n\n\n<p>7 \u00a7 Osakuntanauhoja voidaan jakaa vuosijuhlassa ja seniorijuhlassa.<\/p>\n\n\n\n<p>Osakuntanauhoihin kirjoitetaan saajan nimi.<\/p>\n\n\n\n<p>8 \u00a7 Osakuntanauhan k\u00e4ytt\u00f6oikeus on elinik\u00e4inen.<\/p>\n\n\n\n<p>Osakuntanauhan k\u00e4ytt\u00f6oikeus voidaan kurinpitosyist\u00e4 peruuttaa korkeintaan yhden vuoden ajaksi kerrallaan. Osakunnasta kurinpitosyist\u00e4 erotettu henkil\u00f6 menett\u00e4\u00e4 osakuntanauhan k\u00e4ytt\u00f6oikeuden pysyv\u00e4sti.<\/p>\n\n\n\n<h4 class=\"wp-block-heading\">Osakuntanauhan ominaisuudet<\/h4>\n\n\n\n<p>9 \u00a7 Osakuntanauha on 20 mm leve\u00e4. Nauhassa on ylimm\u00e4st\u00e4 alimpaan lukien 2 mm leve\u00e4 punainen raita, 7 mm leve\u00e4 keltainen raita, 7 mm leve\u00e4 punainen raita, 2 mm leve\u00e4 keltainen raita ja 2 mm leve\u00e4 punainen raita.<\/p>\n\n\n\n<p>Osakuntanauhan Pantone-v\u00e4rikoodit ovat keltainen: 14-1159 TP ja punainen: 18-1662.<\/p>\n\n\n\n<h4 class=\"wp-block-heading\">Inspehtorin ja kuraattorin k\u00e4\u00e4dyt<\/h4>\n\n\n\n<p>10 \u00a7 Inspehtorilla ja kuraattorilla on kummallakin k\u00e4\u00e4dyt. Uuden inspehtorin tai kuraattorin aloittaessa teht\u00e4v\u00e4ss\u00e4 edellinen inspehtori tai kuraattori luovuttaa k\u00e4\u00e4dyt seuraajalleen.<\/p>\n\n\n\n<p>K\u00e4\u00e4tyj\u00e4 k\u00e4ytet\u00e4\u00e4n akateemisissa tilaisuuksissa ja niiss\u00e4 osakunnallisissa tilaisuuksissa, joissa k\u00e4ytet\u00e4\u00e4n osakuntanauhaa ja k\u00e4\u00e4tyjen kantaminen sopii tilaisuuden pukeutumiseen.<\/p>\n\n\n\n<h4 class=\"wp-block-heading\">Siirtym\u00e4s\u00e4\u00e4nn\u00f6s<\/h4>\n\n\n\n<p>11 \u00a7 T\u00e4m\u00e4n s\u00e4\u00e4nn\u00f6n mukaista nauhanmy\u00f6nt\u00e4mismenettely\u00e4 sovelletaan ensimm\u00e4ist\u00e4 kertaa vuoden 2007 kev\u00e4tkokouksessa hyv\u00e4ksyttyihin uusiin j\u00e4seniin.<\/p>\n","protected":false},"excerpt":{"rendered":"<p>Osakuntanauhan k\u00e4ytt\u00f6 1 \u00a7 Osakuntanauhaa k\u00e4ytet\u00e4\u00e4n TVO:n juhlissa, kuten vuosijuhlassa ja seniorijuhlassa ja muissa tilaisuuksissa, joissa pidet\u00e4\u00e4n akateemisia kunniamerkkej\u00e4. N\u00e4iss\u00e4 tilaisuuksissa kunnianauha tai ansionauha korvaavat osakuntanauhan. 2 \u00a7 Osakuntanauhaa suositellaan k\u00e4ytett\u00e4v\u00e4ksi juhlien ohella osakunnan retkill\u00e4, kuten maakuntaretkill\u00e4 ja Floran p\u00e4iv\u00e4n risteilyll\u00e4, osakuntakokouksissa, karonkkakokouksissa, vappuna, osakunnan pikkujouluissa ja osakunnan lippua kannettaessa ja lipun ollessa l\u00e4sn\u00e4. 3 [&hellip;]<\/p>\n","protected":false},"author":2698,"featured_media":0,"parent":0,"menu_order":0,"comment_status":"closed","ping_status":"closed","template":"","meta":{"footnotes":""},"class_list":["post-70","page","type-page","status-publish","hentry","post-preview"],"_links":{"self":[{"href":"https:\/\/blogit.utu.fi\/tvoseniorit\/wp-json\/wp\/v2\/pages\/70","targetHints":{"allow":["GET"]}}],"collection":[{"href":"https:\/\/blogit.utu.fi\/tvoseniorit\/wp-json\/wp\/v2\/pages"}],"about":[{"href":"https:\/\/blogit.utu.fi\/tvoseniorit\/wp-json\/wp\/v2\/types\/page"}],"author":[{"embeddable":true,"href":"https:\/\/blogit.utu.fi\/tvoseniorit\/wp-json\/wp\/v2\/users\/2698"}],"replies":[{"embeddable":true,"href":"https:\/\/blogit.utu.fi\/tvoseniorit\/wp-json\/wp\/v2\/comments?post=70"}],"version-history":[{"count":3,"href":"https:\/\/blogit.utu.fi\/tvoseniorit\/wp-json\/wp\/v2\/pages\/70\/revisions"}],"predecessor-version":[{"id":76,"href":"https:\/\/blogit.utu.fi\/tvoseniorit\/wp-json\/wp\/v2\/pages\/70\/revisions\/76"}],"wp:attachment":[{"href":"https:\/\/blogit.utu.fi\/tvoseniorit\/wp-json\/wp\/v2\/media?parent=70"}],"curies":[{"name":"wp","href":"https:\/\/api.w.org\/{rel}","templated":true}]}}