{"id":53,"date":"2019-08-16T18:21:19","date_gmt":"2019-08-16T18:21:19","guid":{"rendered":"https:\/\/blogit.utu.fi\/utopiaako\/?page_id=53"},"modified":"2021-09-29T13:21:32","modified_gmt":"2021-09-29T13:21:32","slug":"yhteystiedot","status":"publish","type":"page","link":"https:\/\/blogit.utu.fi\/utopiaako\/yhteystiedot\/","title":{"rendered":"Yhteystiedot"},"content":{"rendered":"<p>Projektip\u00e4\u00e4\u00e4llikk\u00f6<\/p>\n<p>Petriina Paturi<\/p>\n<p>petriina.paturi (at) utu.fi<\/p>\n<div class=\"field field__field_work_phone profile-card__work-phone\">+358 29 450 2396<\/div>\n<div class=\"field field__field_mobile_phone profile-card__mobile-phone\">+358 41 506 0895<\/div>\n<p>Instagram @utopiaako<\/p>\n<p>Twitter @utopiaako<\/p>\n<p>Facebook Utopiaako Projekti<\/p>\n<p>#utopiaako?<\/p>\n","protected":false},"excerpt":{"rendered":"<p>Projektip\u00e4\u00e4\u00e4llikk\u00f6 Petriina Paturi petriina.paturi (at) utu.fi +358 29 450 2396 +358 41 506 0895 Instagram @utopiaako Twitter @utopiaako Facebook Utopiaako<\/p>\n","protected":false},"author":15497,"featured_media":0,"parent":0,"menu_order":0,"comment_status":"closed","ping_status":"closed","template":"","meta":{"footnotes":""},"class_list":["post-53","page","type-page","status-publish","hentry","comments-off"],"_links":{"self":[{"href":"https:\/\/blogit.utu.fi\/utopiaako\/wp-json\/wp\/v2\/pages\/53","targetHints":{"allow":["GET"]}}],"collection":[{"href":"https:\/\/blogit.utu.fi\/utopiaako\/wp-json\/wp\/v2\/pages"}],"about":[{"href":"https:\/\/blogit.utu.fi\/utopiaako\/wp-json\/wp\/v2\/types\/page"}],"author":[{"embeddable":true,"href":"https:\/\/blogit.utu.fi\/utopiaako\/wp-json\/wp\/v2\/users\/15497"}],"replies":[{"embeddable":true,"href":"https:\/\/blogit.utu.fi\/utopiaako\/wp-json\/wp\/v2\/comments?post=53"}],"version-history":[{"count":6,"href":"https:\/\/blogit.utu.fi\/utopiaako\/wp-json\/wp\/v2\/pages\/53\/revisions"}],"predecessor-version":[{"id":696,"href":"https:\/\/blogit.utu.fi\/utopiaako\/wp-json\/wp\/v2\/pages\/53\/revisions\/696"}],"wp:attachment":[{"href":"https:\/\/blogit.utu.fi\/utopiaako\/wp-json\/wp\/v2\/media?parent=53"}],"curies":[{"name":"wp","href":"https:\/\/api.w.org\/{rel}","templated":true}]}}