{"id":80,"date":"2021-09-29T13:29:31","date_gmt":"2021-09-29T13:29:31","guid":{"rendered":"https:\/\/blogit.utu.fi\/utopiaako\/?page_id=80"},"modified":"2021-09-29T14:38:01","modified_gmt":"2021-09-29T14:38:01","slug":"julkaisu","status":"publish","type":"page","link":"https:\/\/blogit.utu.fi\/utopiaako\/julkaisu\/","title":{"rendered":"Julkaisu"},"content":{"rendered":"\n<p><strong>Lataa t\u00e4\u00e4lt\u00e4 Utopiaako-hankkeen julkaisu ja ty\u00f6pajamallit!<\/strong><\/p>\n\n\n\n<p>Linkki julkaisun omalle sivulle:<\/p>\n\n\n\n<p><a href=\"https:\/\/www.turkuamk.fi\/fi\/tutkimus-kehitys-ja-innovaatiot\/julkaisuhaku\/144\/\">https:\/\/www.turkuamk.fi\/fi\/tutkimus-kehitys-ja-innovaatiot\/julkaisuhaku\/144\/<\/a><\/p>\n\n\n\n<p>Suora linkki julkaisuun:<\/p>\n\n\n\n<p><a href=\"http:\/\/julkaisut.turkuamk.fi\/isbn9789522167927.pdf\">http:\/\/julkaisut.turkuamk.fi\/isbn9789522167927.pdf<\/a><\/p>\n\n\n\n<p>Suora linkki pajamalleihin:<\/p>\n\n\n\n<p><a href=\"http:\/\/julkaisut.turkuamk.fi\/utopiaako_pajamallit.pdf\">http:\/\/julkaisut.turkuamk.fi\/utopiaako_pajamallit.pdf<\/a><\/p>\n\n\n\n<p>Utopiaako?-hanke on nyt tullut p\u00e4\u00e4t\u00f6kseen. Yll\u00e4 olevista linkeist\u00e4 p\u00e4\u00e4sette palaamaan suurhankkeen eri vaiheisiin ja sen tuottamiin tuloksiin. Koossa on nyt julkaisu, video rakentavasta vuorovaikutuksesta ja ty\u00f6pajamalleja opetusk\u00e4ytt\u00f6\u00f6n.<\/p>\n\n\n\n<p>Utopiaako?-hanke (2019\u20132021) toi yhteen tutkittua tietoa ja taiteen prosesseja toisen asteen opiskelijoille suunnatuissa osallistavissa ty\u00f6pajoissa. Pajoissa k\u00e4siteltiin mm. vihapuhetta, kiusaamista, kest\u00e4v\u00e4\u00e4 kehityst\u00e4 ja yhteiskunnallisen vaikuttamisen eri muotoja. N\u00e4ist\u00e4 kolmetuntisista pajoista muokattiin kuusi vapaasti k\u00e4ytett\u00e4v\u00e4\u00e4 ty\u00f6pajamallia. Opettajat voivat hy\u00f6dynt\u00e4\u00e4 malleja t\u00e4ysimittaisina tai sielt\u00e4 voi halutessaan noukkia parhaat ideat ja yhdistell\u00e4 niist\u00e4 omanlaisensa sekoituksen. Pajoista l\u00f6ytyy ohjeita niin et\u00e4toteutukseen kuin l\u00e4hitoteutukseenkin.<\/p>\n\n\n\n<p><strong>Julkaisu <em>Utopiaako? \u2013 Nuoret vaihtoehtoisia tulevaisuuksia tekem\u00e4ss\u00e4<\/em><\/strong>esittelee hankkeen tuloksia ja prosesseja.&nbsp; Sielt\u00e4 l\u00f6ytyy my\u00f6s linkki <strong>videoon <em>Tunteesta taiteeksi &#8211; Utopiaako<\/em><\/strong><em>?<\/em> Dokumenttivideolla keskityt\u00e4\u00e4n nuorten maailmassa esiintyv\u00e4\u00e4n vihapuheeseen. Yhdess\u00e4 hankkeen taideopiskelijoiden kanssa keskustellaan my\u00f6s siit\u00e4, miten taide voi ottaa osaa yhteiskunnalliseen keskusteluun tai antaa lohtua vaikeissa kokemuksissa.&nbsp;&nbsp;<\/p>\n\n\n\n<p><strong>Ty\u00f6pajamallit:<\/strong><\/p>\n\n\n\n<p>Informaatiovaikuttaminen (et\u00e4toteutus ja l\u00e4hitoteutus): Pajassa tutustutaan informaatiovaikuttamisen moniin eri tapoihin ja osallistujat yritt\u00e4v\u00e4t tehd\u00e4 oman vakuuttavan harhaanjohtavan uutisensa.<\/p>\n\n\n\n<p>Kest\u00e4v\u00e4 tulevaisuus (et\u00e4toteutus ja l\u00e4hitoteutus): Ty\u00f6paja esittelee ekologisen ja sosiaalisen kest\u00e4vyyden teemoja.&nbsp; Pyrkimyksen\u00e4 on kannustaa opiskelijoita luovaan ja ratkaisukeskeiseen ajatteluun.&nbsp; Lis\u00e4ksi haluamme rohkaista nuoria unelmoimaan ja unelmoinnin kautta l\u00e4hestym\u00e4\u00e4n uudenlaista maailmaa.<\/p>\n\n\n\n<p>Kiusaaminen (et\u00e4toteutus ja l\u00e4hitoteutus): Ty\u00f6pajassa pohditaan yhdess\u00e4 mik\u00e4 on kiusaamista, pyrit\u00e4\u00e4n luomaan yhteis\u00f6llisyyden tunnetta kiusaamisen v\u00e4hent\u00e4miseksi sek\u00e4 mietit\u00e4\u00e4n teknologian roolia kiusaamisen vastaisessa ty\u00f6ss\u00e4.<\/p>\n\n\n\n<p>Rakentava vuorovaikutus (et\u00e4toteutus ja l\u00e4hitoteutus): Pajassa keskityt\u00e4\u00e4n niihin seikkoihin, jotka meit\u00e4 ihmisi\u00e4 yhdist\u00e4v\u00e4t. Lis\u00e4ksi pohditaan, miksi esimerkiksi netiss\u00e4 esiintyy nyky\u00e4\u00e4n paljon vihapuhetta. N\u00e4k\u00f6kulma on positiivinen ja rakentavaan vuorovaikutukseen kannustava.&nbsp; Teht\u00e4vin\u00e4 pajassa on muun muassa etsi\u00e4 osallistujia yhdist\u00e4vi\u00e4 seikkoja, kehua toisia sek\u00e4 katsoa ajatuksia her\u00e4tt\u00e4v\u00e4 video.<\/p>\n\n\n\n<p>Utopiaako uutiset (et\u00e4toteutus ja l\u00e4hitoteutus):\u202fUutispajassa osallistujat tuottavat pieniss\u00e4 ryhmiss\u00e4 uutiskorttien avulla tulevaisuuden uutisia. Pajan tavoitteena on saada osallistujat pohtimaan tulevaisuutta, kehitt\u00e4\u00e4 tiimity\u00f6taitoja ja havainnollistaa uutisty\u00f6n t\u00e4rkeytt\u00e4 koskien yhteiskunnallisia ja globaaleita kysymyksi\u00e4.\u202f<\/p>\n\n\n\n<p>Vaatetehdas (vain l\u00e4hitoteutus): Pajassa k\u00e4sitell\u00e4\u00e4n monipuolisesti ylituotannon ja -kuluttamisen luomia haasteita<\/p>\n\n\n\n<p>ja p\u00e4\u00e4st\u00e4\u00e4n yhdess\u00e4 keskustellen ja k\u00e4yt\u00e4nn\u00f6n harjoitusten kautta pohtimaan omaa suhdettamme materiaan sen monissa muodoissa.<\/p>\n","protected":false},"excerpt":{"rendered":"<p>Lataa t\u00e4\u00e4lt\u00e4 Utopiaako-hankkeen julkaisu ja ty\u00f6pajamallit! Linkki julkaisun omalle sivulle: https:\/\/www.turkuamk.fi\/fi\/tutkimus-kehitys-ja-innovaatiot\/julkaisuhaku\/144\/ Suora linkki julkaisuun: http:\/\/julkaisut.turkuamk.fi\/isbn9789522167927.pdf Suora linkki pajamalleihin: http:\/\/julkaisut.turkuamk.fi\/utopiaako_pajamallit.pdf Utopiaako?-hanke<\/p>\n","protected":false},"author":15497,"featured_media":0,"parent":0,"menu_order":0,"comment_status":"closed","ping_status":"closed","template":"","meta":{"footnotes":""},"class_list":["post-80","page","type-page","status-publish","hentry","comments-off"],"_links":{"self":[{"href":"https:\/\/blogit.utu.fi\/utopiaako\/wp-json\/wp\/v2\/pages\/80","targetHints":{"allow":["GET"]}}],"collection":[{"href":"https:\/\/blogit.utu.fi\/utopiaako\/wp-json\/wp\/v2\/pages"}],"about":[{"href":"https:\/\/blogit.utu.fi\/utopiaako\/wp-json\/wp\/v2\/types\/page"}],"author":[{"embeddable":true,"href":"https:\/\/blogit.utu.fi\/utopiaako\/wp-json\/wp\/v2\/users\/15497"}],"replies":[{"embeddable":true,"href":"https:\/\/blogit.utu.fi\/utopiaako\/wp-json\/wp\/v2\/comments?post=80"}],"version-history":[{"count":3,"href":"https:\/\/blogit.utu.fi\/utopiaako\/wp-json\/wp\/v2\/pages\/80\/revisions"}],"predecessor-version":[{"id":789,"href":"https:\/\/blogit.utu.fi\/utopiaako\/wp-json\/wp\/v2\/pages\/80\/revisions\/789"}],"wp:attachment":[{"href":"https:\/\/blogit.utu.fi\/utopiaako\/wp-json\/wp\/v2\/media?parent=80"}],"curies":[{"name":"wp","href":"https:\/\/api.w.org\/{rel}","templated":true}]}}