{"id":105,"date":"2014-02-03T14:18:39","date_gmt":"2014-02-03T12:18:39","guid":{"rendered":"https:\/\/blogit.utu.fi\/utopiat\/?page_id=105"},"modified":"2015-01-07T13:30:46","modified_gmt":"2015-01-07T11:30:46","slug":"kevaan-2013-ohjelma","status":"publish","type":"page","link":"https:\/\/blogit.utu.fi\/utopiat\/kevaan-2013-ohjelma\/","title":{"rendered":"Kev\u00e4\u00e4n 2013 ohjelma"},"content":{"rendered":"<p><!-- [if gte mso 9]&gt;--><\/p>\n<p><!-- [if gte mso 9]&gt;--><\/p>\n<p><strong>Perjantai 8.2. <\/strong><\/p>\n<p>Kev\u00e4\u00e4n ohjelman suunnittelua.Paikka: musiikkitieteen seminaarihuone Salonki, Artium, Turun yliopisto, Kaivokatu 12. Aika: klo 10-12.<\/p>\n<p><!-- [if gte mso 9]&gt;--><\/p>\n<p><!-- [if gte mso 9]&gt;--><\/p>\n<p class=\"MsoNormal\"><span lang=\"EN-US\"><strong>Perjantai 8.3.<\/strong>\u00a0 <\/span><\/p>\n<p class=\"MsoNormal\">Lukupiiriss\u00e4 William Morrisin <i>Huomisp\u00e4iv\u00e4n uutisia (<\/i>News from Nowhere, 1890), suom. Ville-Juhani Sutinen. Savukeidas, Turku 2008. Luetaan k\u00e4\u00e4nt\u00e4j\u00e4n esipuhe ja teoksen ensimm\u00e4iset nelj\u00e4 lukua s. 59 asti (tai englanniksi), suunnitellaan jatkoa. Paikka: Salonki. Aika: <span lang=\"EN-US\">klo 10-12.<br \/>\n<\/span><\/p>\n<p class=\"MsoNormal\"><strong>Pe 22.3.<\/strong><\/p>\n<p class=\"MsoNormal\"><strong>FM Hilja Roivainen<\/strong> alustaa aiheesta <i>Utopia taiteessa Ernst Blochin mukaan<\/i>. Hilja Roivaisen taidehistorian alan v\u00e4it\u00f6skirjahanke k\u00e4sittelee utopistista maisemaa pohjoismaisessa nykytaiteessa. Paikka: Salonki. Aika: klo 10-12.<\/p>\n<p class=\"MsoNormal\"><strong>Pe 19.4.<\/strong><\/p>\n<p class=\"MsoNormal\">Lukupiiriss\u00e4 Jevgeni Zamjatinin vuonna 1920 ilmestynyt teos <i>Me<\/i> (<span lang=\"ru\">\u041c\u044b<\/span><span lang=\"EN-US\">). Oheislukemistona artikkelikokoelma &#8221;Zamyatin&#8217;s We: A Collection of Critical Essays&#8221; (1988, toim. Gary Kern) ja E. J. Brownin artikkeli &#8221;Brave New World, 1984 &amp; We: An Essay on Anti-Utopia\u201d. Paikka: Salonki. Aika: klo 10-12 <\/span><\/p>\n<p class=\"MsoNormal\"><span lang=\"EN-US\">\u00a0<strong>Pe 17.5.<\/strong><br \/>\n<\/span><\/p>\n<p class=\"MsoNormal\">Alustuksia 1930-luvun dystopia- ja scifielokuvista.<\/p>\n<p class=\"MsoNormal\">Grigori Aleksandrov: Sirkus (Tsirk, 1936), <a href=\"https:\/\/www.youtube.com\/watch?v=ia4DyErYhAs\"><span lang=\"EN-US\">https:\/\/www.youtube.com\/watch?v=ia4DyErYhAs<\/span><\/a><\/p>\n<p class=\"MsoNormal\"><span lang=\"EN-US\">William Cameron Menzies: Tulevia aikoja (Things to Come, 1936), <\/span><a href=\"http:\/\/www.youtube.com\/watch?v=c57uWpWcn8w\"><span lang=\"EN-US\">http:\/\/www.youtube.com\/watch?v=c57uWpWcn8w<\/span><\/a><\/p>\n<p class=\"MsoNormal\"><span lang=\"EN-US\">Oheislukemistona Richard Stites: &#8221;Russian popular culture: Entertainment and society since 1900&#8221; (1992), luku 3.<\/span><\/p>\n<p class=\"MsoNormal\">Paikka: Salonki. Aika: 10-12.<\/p>\n","protected":false},"excerpt":{"rendered":"<p>Perjantai 8.2. Kev\u00e4\u00e4n ohjelman suunnittelua.Paikka: musiikkitieteen seminaarihuone Salonki, Artium, Turun yliopisto, Kaivokatu 12. Aika: klo 10-12. Perjantai 8.3.\u00a0 Lukupiiriss\u00e4 William Morrisin Huomisp\u00e4iv\u00e4n uutisia (News from Nowhere, 1890), suom. Ville-Juhani Sutinen. Savukeidas, Turku 2008. Luetaan k\u00e4\u00e4nt\u00e4j\u00e4n esipuhe ja teoksen ensimm\u00e4iset nelj\u00e4 &hellip; <a href=\"https:\/\/blogit.utu.fi\/utopiat\/kevaan-2013-ohjelma\/\">Lue loppuun <span class=\"meta-nav\">&rarr;<\/span><\/a><\/p>\n","protected":false},"author":33,"featured_media":0,"parent":0,"menu_order":0,"comment_status":"open","ping_status":"open","template":"","meta":{"footnotes":""},"class_list":["post-105","page","type-page","status-publish","hentry"],"_links":{"self":[{"href":"https:\/\/blogit.utu.fi\/utopiat\/wp-json\/wp\/v2\/pages\/105","targetHints":{"allow":["GET"]}}],"collection":[{"href":"https:\/\/blogit.utu.fi\/utopiat\/wp-json\/wp\/v2\/pages"}],"about":[{"href":"https:\/\/blogit.utu.fi\/utopiat\/wp-json\/wp\/v2\/types\/page"}],"author":[{"embeddable":true,"href":"https:\/\/blogit.utu.fi\/utopiat\/wp-json\/wp\/v2\/users\/33"}],"replies":[{"embeddable":true,"href":"https:\/\/blogit.utu.fi\/utopiat\/wp-json\/wp\/v2\/comments?post=105"}],"version-history":[{"count":4,"href":"https:\/\/blogit.utu.fi\/utopiat\/wp-json\/wp\/v2\/pages\/105\/revisions"}],"predecessor-version":[{"id":138,"href":"https:\/\/blogit.utu.fi\/utopiat\/wp-json\/wp\/v2\/pages\/105\/revisions\/138"}],"wp:attachment":[{"href":"https:\/\/blogit.utu.fi\/utopiat\/wp-json\/wp\/v2\/media?parent=105"}],"curies":[{"name":"wp","href":"https:\/\/api.w.org\/{rel}","templated":true}]}}