{"id":20,"date":"2009-10-30T15:51:35","date_gmt":"2009-10-30T13:51:35","guid":{"rendered":"http:\/\/blogit.utu.fi\/utopiat\/?page_id=20"},"modified":"2015-01-07T13:31:12","modified_gmt":"2015-01-07T11:31:12","slug":"syksyn-2009-ohjelma","status":"publish","type":"page","link":"https:\/\/blogit.utu.fi\/utopiat\/syksyn-2009-ohjelma\/","title":{"rendered":"Syksyn 2009 ohjelma"},"content":{"rendered":"<p><strong>Tiistai 6.10.<br \/>\n<\/strong>Keskusteluilta.\u00a0Nostalgia ja utopia -kirjan artikkelien ja\u00a0teemojen pohdintaa Ravintola\u00a0Koulun (Eerikinkatu 18) Historia-luokassa. Aika:\u00a0klo 16.30.<\/p>\n<p><strong>Tiistai 20.10.<\/strong><br \/>\nKeskusteluilta. Pohdimme nostalgian ja utopian teemoja Svetlana Boymin artikkelin (Estrangement as a Lifestyle &#8211; \u00a0Shklovsky and Brodsky) pohjalta. Ravintola Teiniss\u00e4 \/ Bremeriss\u00e4 (Uudenmaankatu 1) klo 16 alkaen.<\/p>\n<p><strong>Tiistai 10.11.<br \/>\n<\/strong>Elokuvailta. Andrei Tarkovski: <em>Nostalgia<\/em> (Nostalghia, Italia \/ NL 1983) Kesto: 125 min. Tekstitys englanniksi.\u00a0 Prof. <strong>Pertti Gr\u00f6nholm<\/strong> (Turun yliopisto, Yleinen historia) alustaa lyhyesti elokuvan teemoista ja taustasta. Aikala-sali, Historian laitos,\u00a0 Sirkkalan kasarmi (Kaivokatu 12) 2. krs.\u00a0Aika:\u00a0klo 15.30-18.<\/p>\n<p><strong>Keskiviikko 18.11.<br \/>\n<\/strong>Aineistoilta. <em>Minun l\u00e4hteeni<\/em>. UAT-ryhm\u00e4n tutkijoiden aineistojen esittelyilta. Kullakin esiintyj\u00e4ll\u00e4 on aikaa n. 20 min. Mahdollisuus audio- ja av-aineistojen (CD \/ DVD) sek\u00e4 valokuvien ja tekstin\u00e4ytteiden (PPT) esittelyyn.\u00a0\u00a0Paikalla on DVD-soitin, tietokone ja projektori sek\u00e4 kaiuttimet. Pient\u00e4 purtavaa ja virvokkeita\u00a0tarjolla nyyttikesti-periaatteella.\u00a0Aikala-sali, Historian laitos,\u00a0 Sirkkalan kasarmi (Kaivokatu 12) 2. krs.\u00a0Aika:\u00a0klo 18-21. HUOM! Jotta tilaisuus j\u00e4rjestet\u00e4\u00e4n, pit\u00e4\u00e4 ennakkoilmoittautumisia olla v\u00e4hint\u00e4\u00e4n nelj\u00e4.<\/p>\n<p><strong>Tiistai 24.11.<br \/>\n<\/strong>Tutkimusilta. Nostalgia- ja utopia -kirjan kirjoittajat kokoontuvat esittelem\u00e4\u00e4n teemojaan ja keskustelemaan kirjahankkeen toteutuksesta ja aikataulusta. Paikka: Pub Bremer (Uudenmaankatu 1). Aika: klo 16-18.<\/p>\n<p><strong>Lauantai 28.11.<\/strong><br \/>\nMusiikki-ilta. Post-apokalyptista ambientia soittava\u00a0\u00a0<strong>Dystopia<\/strong> (Ismo Virta &amp; Pertti Gr\u00f6nholm) esiintyy Kuolleen musiikin yhdistyksen klubilla TVO:lla (Rehtorinpellonkatu 4-6 C). Muut esiintyj\u00e4t: <strong>Inade<\/strong> (Saksa), <strong>Zo\u00e4t-Aon<\/strong> (Suomi). Aika: klo 20-24. Liput 8 EUR.<\/p>\n<p><strong>Tiistai 1.12.<br \/>\n<\/strong>Lukupiiri. Svetlana Boym: <em>The Future of Nostalgia<\/em> (2002). Keskustelun alustajina ovat\u00a0 FT <strong>Jenniliisa Salminen<\/strong> (Ven\u00e4j\u00e4n kieli ja kulttuuri) ja FM <strong>Tintti Klapuri<\/strong> (Yleinen kirjallisuustiede).\u00a0Paikkana on Ven\u00e4j\u00e4n kieli ja kirjallisuus (Henrikinkatu 4), yl\u00e4kerran luokkahuone. \u00a0Aika: klo 16-18.<\/p>\n<p><strong>Tiistai 8.12.<\/strong><br \/>\nLukupiiri.\u00a0Ernst Bloch: <em>The Principle of Hope<\/em> (1938-1947). Keskustelun alustajina ovat FL <strong>Hanne Koivisto<\/strong> (Kulttuurihistoria),\u00a0FM <strong>Heli Paalum\u00e4ki<\/strong> (Yleinen historia) ja FM <strong>Asko Nivala<\/strong> (Kulttuurihistoria). Paikka:\u00a0Pub Bremer (Uudenmaankatu 1). \u00a0Aika: klo 16-18.<\/p>\n","protected":false},"excerpt":{"rendered":"<p>Tiistai 6.10. Keskusteluilta.\u00a0Nostalgia ja utopia -kirjan artikkelien ja\u00a0teemojen pohdintaa Ravintola\u00a0Koulun (Eerikinkatu 18) Historia-luokassa. Aika:\u00a0klo 16.30. Tiistai 20.10. Keskusteluilta. Pohdimme nostalgian ja utopian teemoja Svetlana Boymin artikkelin (Estrangement as a Lifestyle &#8211; \u00a0Shklovsky and Brodsky) pohjalta. Ravintola Teiniss\u00e4 \/ Bremeriss\u00e4 (Uudenmaankatu &hellip; <a href=\"https:\/\/blogit.utu.fi\/utopiat\/syksyn-2009-ohjelma\/\">Lue loppuun <span class=\"meta-nav\">&rarr;<\/span><\/a><\/p>\n","protected":false},"author":4,"featured_media":0,"parent":0,"menu_order":0,"comment_status":"closed","ping_status":"closed","template":"","meta":{"footnotes":""},"class_list":["post-20","page","type-page","status-publish","hentry"],"_links":{"self":[{"href":"https:\/\/blogit.utu.fi\/utopiat\/wp-json\/wp\/v2\/pages\/20","targetHints":{"allow":["GET"]}}],"collection":[{"href":"https:\/\/blogit.utu.fi\/utopiat\/wp-json\/wp\/v2\/pages"}],"about":[{"href":"https:\/\/blogit.utu.fi\/utopiat\/wp-json\/wp\/v2\/types\/page"}],"author":[{"embeddable":true,"href":"https:\/\/blogit.utu.fi\/utopiat\/wp-json\/wp\/v2\/users\/4"}],"replies":[{"embeddable":true,"href":"https:\/\/blogit.utu.fi\/utopiat\/wp-json\/wp\/v2\/comments?post=20"}],"version-history":[{"count":1,"href":"https:\/\/blogit.utu.fi\/utopiat\/wp-json\/wp\/v2\/pages\/20\/revisions"}],"predecessor-version":[{"id":133,"href":"https:\/\/blogit.utu.fi\/utopiat\/wp-json\/wp\/v2\/pages\/20\/revisions\/133"}],"wp:attachment":[{"href":"https:\/\/blogit.utu.fi\/utopiat\/wp-json\/wp\/v2\/media?parent=20"}],"curies":[{"name":"wp","href":"https:\/\/api.w.org\/{rel}","templated":true}]}}