{"id":33,"date":"2010-04-07T13:51:28","date_gmt":"2010-04-07T11:51:28","guid":{"rendered":"http:\/\/blogit.utu.fi\/utopiat\/?page_id=33"},"modified":"2015-01-07T13:29:34","modified_gmt":"2015-01-07T11:29:34","slug":"kevaan-2010-ohjelma","status":"publish","type":"page","link":"https:\/\/blogit.utu.fi\/utopiat\/kevaan-2010-ohjelma\/","title":{"rendered":"Kev\u00e4\u00e4n 2010 ohjelma"},"content":{"rendered":"<p><strong>Tiistai 9.3.<br \/>\n<\/strong>Elokuvailta. Francois Truffaut: <em>Fahrenheit 451<\/em> (Britannia 1966, 112 min). Tekstitys suomeksi. Elokuva kertoo rakkaustarinan dystooppisessa l\u00e4hitulevaisuuden maailmassa, jossa kirjojen lukeminen on kielletty. Teos perustuu RayBradburyn kuuluisaan romaaniin vuodelta 1953. Nimi Fahrenheit 451 ilmaisee l\u00e4mp\u00f6tilaa, jossa paperi syttyy tuleen. Paikka: Seminaarihuone J\u00e4ntere, Minerva-rakennus (ent. Esikuntarakennus), Sirkkalan kasarmi (Kaivokatu 12). Aika: klo 16-18.30.<\/p>\n<p><strong>Tiistai 16.3.<br \/>\n<\/strong>Vierailuluento. FM <strong>Ekaterina Taratuta<\/strong> (Pietarin valtionyliopisto ja TY) alustaa keskustelua nostalgian ja utopian k\u00e4sitteellisest\u00e4 suhteesta otsikolla <em>The Concepts of Nostalghia and Utopia<\/em>. Paikka: Seminaarihuone J\u00e4ntere, Minerva-rakennus (ent. Esikuntarakennus), Sirkkalan kasarmi (Kaivokatu 12). Aika: klo 16-18.30.<\/p>\n<p><strong>Tiistai 6.4.<br \/>\n<\/strong>Tutkimusilta. Nostalgia\/utopia -kirjan kirjoittajat kokoontuvat keskustelemaan kirjahankkeen toteutuksesta ja aikataulusta. Paikka: Pub Bremer (Uudenmaankatu 1). Aika: klo 16-18.<\/p>\n<p><strong>Tiistai 13.4.<br \/>\n<\/strong>Lukupiiri. <em>Nostalgia. Kirjoituksia kaipuusta, ik\u00e4v\u00e4st\u00e4 ja muistista. <\/em>Toim. Riikka Rossi ja Katja Seutu. SKS 2007. Paikka: Seminaarihuone Litzen, Minerva-rakennus (ent. Esikuntarakennus), Sirkkalan kasarmi (Kaivokatu 12). Aika: klo 16-18.<\/p>\n<p><strong>Tiistai 20.4.<br \/>\n<\/strong>Elokuvailta. Otar Iosseliani: <em>Huhtikuu<\/em>\u00a0(NL 1961, 45 min). Lis\u00e4ksi neuvostoliittolaisia propaganda-animaatioita. Paikka: Seminaarihuone Litzen, Minerva-rakennus (ent. Esikuntarakennus), Sirkkalan kasarmi (Kaivokatu 12). Aika: klo 16-18.30.<\/p>\n<p><strong>Tiistai 11.5.<br \/>\n<\/strong>Lukupiiri. Nostalgia\/utopia-lukupiiri jatkaa keskustelulla Karin Johannissonin kirjasta <em>Nostalgia, en k\u00e4nslas historia<\/em> (2001). Keskustelua ryyditt\u00e4v\u00e4t\u00a0dosentti <strong>Ritva Hapuli<\/strong> ja FL <strong>Sakari Ollitervo<\/strong>. Historioitsija Karin Johannissonin Nostalgia-esseet\u00e4 pidet\u00e4\u00e4n usein avainteoksena ajankohtaisessa nostalgian tutkimuksessa. Kirjassa Johannisson tarkastelee nostalgian tulkintoja eri aikoina ja tunteen ymm\u00e4rt\u00e4misen muuttumista eli juuri kysymyksi\u00e4, joita on tullut keskusteluissamme usein vastaan. Paikka: Pub Bremer. Aika: klo 16-18.<\/p>\n<p><strong>Tiistai 18.5.<br \/>\n<\/strong>Tutkimusilta. K\u00e4sittelyss\u00e4 FL <strong>Hanne Koiviston <\/strong>artikkeliluonnos Nostalgia\/utopia -kirjaan. Paikka: Seminaarihuone Litzen, Minerva-rakennus (ent. Esikuntarakennus), Sirkkalan kasarmi (Kaivokatu 12). Aika: klo 16-18.<\/p>\n","protected":false},"excerpt":{"rendered":"<p>Tiistai 9.3. Elokuvailta. Francois Truffaut: Fahrenheit 451 (Britannia 1966, 112 min). Tekstitys suomeksi. Elokuva kertoo rakkaustarinan dystooppisessa l\u00e4hitulevaisuuden maailmassa, jossa kirjojen lukeminen on kielletty. Teos perustuu RayBradburyn kuuluisaan romaaniin vuodelta 1953. Nimi Fahrenheit 451 ilmaisee l\u00e4mp\u00f6tilaa, jossa paperi syttyy tuleen. &hellip; <a href=\"https:\/\/blogit.utu.fi\/utopiat\/kevaan-2010-ohjelma\/\">Lue loppuun <span class=\"meta-nav\">&rarr;<\/span><\/a><\/p>\n","protected":false},"author":4,"featured_media":0,"parent":0,"menu_order":0,"comment_status":"closed","ping_status":"closed","template":"","meta":{"footnotes":""},"class_list":["post-33","page","type-page","status-publish","hentry"],"_links":{"self":[{"href":"https:\/\/blogit.utu.fi\/utopiat\/wp-json\/wp\/v2\/pages\/33","targetHints":{"allow":["GET"]}}],"collection":[{"href":"https:\/\/blogit.utu.fi\/utopiat\/wp-json\/wp\/v2\/pages"}],"about":[{"href":"https:\/\/blogit.utu.fi\/utopiat\/wp-json\/wp\/v2\/types\/page"}],"author":[{"embeddable":true,"href":"https:\/\/blogit.utu.fi\/utopiat\/wp-json\/wp\/v2\/users\/4"}],"replies":[{"embeddable":true,"href":"https:\/\/blogit.utu.fi\/utopiat\/wp-json\/wp\/v2\/comments?post=33"}],"version-history":[{"count":1,"href":"https:\/\/blogit.utu.fi\/utopiat\/wp-json\/wp\/v2\/pages\/33\/revisions"}],"predecessor-version":[{"id":136,"href":"https:\/\/blogit.utu.fi\/utopiat\/wp-json\/wp\/v2\/pages\/33\/revisions\/136"}],"wp:attachment":[{"href":"https:\/\/blogit.utu.fi\/utopiat\/wp-json\/wp\/v2\/media?parent=33"}],"curies":[{"name":"wp","href":"https:\/\/api.w.org\/{rel}","templated":true}]}}