{"id":45,"date":"2010-10-18T08:03:40","date_gmt":"2010-10-18T06:03:40","guid":{"rendered":"http:\/\/blogit.utu.fi\/utopiat\/?page_id=45"},"modified":"2015-01-07T13:31:58","modified_gmt":"2015-01-07T11:31:58","slug":"syksyn-2010-ohjelma","status":"publish","type":"page","link":"https:\/\/blogit.utu.fi\/utopiat\/syksyn-2010-ohjelma\/","title":{"rendered":"Syksyn 2010 ohjelma"},"content":{"rendered":"<p><strong>Tiistai 28.9.<br \/>\n<\/strong>Syyskauden aloitus.\u00a0Syksyn ohjelman suunnittelua.\u00a0Paikka: Panimoravintola Koulu (Historia-luokka). Aika:\u00a0klo 16.00 alkaen.<\/p>\n<p><strong>Tiistai 12.10.<br \/>\n<\/strong>Elokuvailta.\u00a0Jacques Tati: <em>PlayTime<\/em> (Ranska 1967, 120 min.) Paikka: Seminaarihuone J\u00e4ntere, Minerva-rakennus, Sirkkalan kasarmi (Kaivokatu 12). Aika: klo 16.15.<\/p>\n<p><strong>Tiistai 26.10.<br \/>\n<\/strong>Tutkimusilta. Nostalgia- ja utopia -kirjan johdannon ja teoreettisten n\u00e4k\u00f6kulmien pohdintaa. Paikka: Seminaarihuone J\u00e4ntere, Minerva-rakennus, Sirkkalan kasarmi (Kaivokatu 12). Aika: klo 16.15-17.30.<\/p>\n<p><strong>Tiistai 16.11.<br \/>\n<\/strong>Tutkimusilta. <strong>Pertti Gr\u00f6nholmin<\/strong> alustus artikkelin teemasta. <strong>Heli Paalum\u00e4en<\/strong> artikkelin suunnitelma. Paikka: Seminaarihuone J\u00e4ntere, Minerva-rakennus, Sirkkalan kasarmi (Kaivokatu 12). Aika: klo 16.15-18.00.<\/p>\n<p><strong>Tiistai 23.11.<br \/>\n<\/strong>Tutkimusilta. <strong>Asko Nivalan<\/strong> artikkeliluonnos. Paikka: Seminaarihuone J\u00e4ntere, Minerva-rakennus, Sirkkalan kasarmi (Kaivokatu 12). Aika: klo 16.15-18.00.<\/p>\n<p><strong>Tiistai 30.11.<\/strong><br \/>\nTutkimusilta. Keskustelua tunteiden historian tutkimuksesta ennalta jaetun artikkelin pohjalta. Paikka: Pub Bremer. Aika: klo 16.oo-18.00.<\/p>\n<p><strong>Tiistai 7.12.<\/strong><br \/>\nTutkimusilta. <strong>Tintti Klapurin<\/strong> artikkeliluonnnos. Paikka: Seminaarihuone J\u00e4ntere, Minerva-rakennus, Sirkkalan kasarmi (Kaivokatu 12). Aika: klo 16.15-18.00.<\/p>\n<p><strong>Tiistai 14.12.<br \/>\n<\/strong>Tutkimusilta. <strong>Juhana Saarelaisen<\/strong> ja <strong>Heidi Hakkaraisen<\/strong> artikkeliluonnokset. Paikka: Seminaarihuone J\u00e4ntere, Minerva-rakennus, Sirkkalan kasarmi (Kaivokatu 12). Aika: klo 16.15-17.30.<\/p>\n<p><strong>Perjantai\u00a017.12.<br \/>\n<\/strong>Tutkijavierailu ja miniseminaari. Professori <strong>Paul Alkon<\/strong> (University of Southern California) vierailee UAT-ryhm\u00e4ss\u00e4. Paikka: Aikala-sali, Historicum, Sirkkalan kasarmi (Kaivokatu 12). Aika: klo 10.15-15.30. Ilmoittautumiset\u00a0torstaihin 16.12. menness\u00e4\u00a0ryhm\u00e4n vet\u00e4jille.<\/p>\n","protected":false},"excerpt":{"rendered":"<p>Tiistai 28.9. Syyskauden aloitus.\u00a0Syksyn ohjelman suunnittelua.\u00a0Paikka: Panimoravintola Koulu (Historia-luokka). Aika:\u00a0klo 16.00 alkaen. Tiistai 12.10. Elokuvailta.\u00a0Jacques Tati: PlayTime (Ranska 1967, 120 min.) Paikka: Seminaarihuone J\u00e4ntere, Minerva-rakennus, Sirkkalan kasarmi (Kaivokatu 12). Aika: klo 16.15. Tiistai 26.10. Tutkimusilta. Nostalgia- ja utopia -kirjan johdannon &hellip; <a href=\"https:\/\/blogit.utu.fi\/utopiat\/syksyn-2010-ohjelma\/\">Lue loppuun <span class=\"meta-nav\">&rarr;<\/span><\/a><\/p>\n","protected":false},"author":4,"featured_media":0,"parent":0,"menu_order":0,"comment_status":"closed","ping_status":"closed","template":"","meta":{"footnotes":""},"class_list":["post-45","page","type-page","status-publish","hentry"],"_links":{"self":[{"href":"https:\/\/blogit.utu.fi\/utopiat\/wp-json\/wp\/v2\/pages\/45","targetHints":{"allow":["GET"]}}],"collection":[{"href":"https:\/\/blogit.utu.fi\/utopiat\/wp-json\/wp\/v2\/pages"}],"about":[{"href":"https:\/\/blogit.utu.fi\/utopiat\/wp-json\/wp\/v2\/types\/page"}],"author":[{"embeddable":true,"href":"https:\/\/blogit.utu.fi\/utopiat\/wp-json\/wp\/v2\/users\/4"}],"replies":[{"embeddable":true,"href":"https:\/\/blogit.utu.fi\/utopiat\/wp-json\/wp\/v2\/comments?post=45"}],"version-history":[{"count":2,"href":"https:\/\/blogit.utu.fi\/utopiat\/wp-json\/wp\/v2\/pages\/45\/revisions"}],"predecessor-version":[{"id":166,"href":"https:\/\/blogit.utu.fi\/utopiat\/wp-json\/wp\/v2\/pages\/45\/revisions\/166"}],"wp:attachment":[{"href":"https:\/\/blogit.utu.fi\/utopiat\/wp-json\/wp\/v2\/media?parent=45"}],"curies":[{"name":"wp","href":"https:\/\/api.w.org\/{rel}","templated":true}]}}