{"id":61,"date":"2011-02-16T13:47:23","date_gmt":"2011-02-16T11:47:23","guid":{"rendered":"http:\/\/blogit.utu.fi\/utopiat\/kevaan-2011-ohjelma\/"},"modified":"2015-01-07T13:30:01","modified_gmt":"2015-01-07T11:30:01","slug":"kevaan-2011-ohjelma","status":"publish","type":"page","link":"https:\/\/blogit.utu.fi\/utopiat\/kevaan-2011-ohjelma\/","title":{"rendered":"Kev\u00e4\u00e4n 2011 ohjelma"},"content":{"rendered":"<p><strong>Tiistai 1.2.<br \/>\n<\/strong>Suunnittelupalaveri. UAT-ryhm\u00e4n kev\u00e4\u00e4n 2011 ohjelman suunnittelua.\u00a0\u00a0Paikka: Pub Bremer (Uudenmaankatu 1). Aika: klo 16-18.<\/p>\n<p><strong>Tiistai 22.2.<br \/>\n<\/strong>Tutkimusilta. Nostalgia ja utopia -kirjan artikkeleiden k\u00e4sittely\u00e4.\u00a0<strong>Anu Kein\u00e4sen<\/strong> luonnos. Kirjahankkeeseen osallistuvien lis\u00e4ksi muut kiinnostuneet UAT-ryhm\u00e4l\u00e4iset saavat artikkelin s\u00e4hk\u00f6postitse pyyt\u00e4m\u00e4ll\u00e4 Helilt\u00e4 tai Pertilt\u00e4. Paikka: Seminaarihuone J\u00e4ntere. Minerva (Kaivokatu 12). Aika: klo 16-18.<\/p>\n<p><strong>Tiistai 29.3.<br \/>\n<\/strong>Tutkimusilta. Nostalgia ja utopia -kirjan artikkeleiden k\u00e4sittely\u00e4. <strong>Pertti Gr\u00f6nholmin<\/strong> luonnos. Kirjahankkeeseen osallistuvien lis\u00e4ksi muut kiinnostuneet UAT-ryhm\u00e4l\u00e4iset saavat artikkelin s\u00e4hk\u00f6postitse pyyt\u00e4m\u00e4ll\u00e4 Helilt\u00e4 tai Pertilt\u00e4. Paikka: Seminaarihuone J\u00e4ntere. Minerva (Kaivokatu 12). Aika: HUOM! \u00a0klo 16.00-17.00.<\/p>\n<p><strong>Tiistai 5.4.<br \/>\n<\/strong>Tutkimusilta. Nostalgia ja utopia -kirjan johdantoartikkelin k\u00e4sittely\u00e4.\u00a0Kirjahankkeeseen osallistuvien lis\u00e4ksi muut kiinnostuneet UAT-ryhm\u00e4l\u00e4iset saavat artikkelin s\u00e4hk\u00f6postitse pyyt\u00e4m\u00e4ll\u00e4 Helilt\u00e4 tai Pertilt\u00e4. Paikka: Seminaarihuone J\u00e4ntere. Minerva (Kaivokatu 12). Aika: klo 16-18.<\/p>\n<p><strong>Tiistai 12.4.<br \/>\n<\/strong>Tutkimusilta. Nostalgia ja utopia -kirjan artikkeleiden k\u00e4sittely\u00e4.<strong> Heli Paalum\u00e4en<\/strong> luonnos. Kirjahankkeeseen osallistuvien lis\u00e4ksi muut kiinnostuneet UAT-ryhm\u00e4l\u00e4iset saavat artikkelin s\u00e4hk\u00f6postitse pyyt\u00e4m\u00e4ll\u00e4 Helilt\u00e4 tai Pertilt\u00e4. Paikka: Seminaarihuone J\u00e4ntere. Minerva (Kaivokatu 12). Aika: klo 16-18.<\/p>\n","protected":false},"excerpt":{"rendered":"<p>Tiistai 1.2. Suunnittelupalaveri. UAT-ryhm\u00e4n kev\u00e4\u00e4n 2011 ohjelman suunnittelua.\u00a0\u00a0Paikka: Pub Bremer (Uudenmaankatu 1). Aika: klo 16-18. Tiistai 22.2. Tutkimusilta. Nostalgia ja utopia -kirjan artikkeleiden k\u00e4sittely\u00e4.\u00a0Anu Kein\u00e4sen luonnos. Kirjahankkeeseen osallistuvien lis\u00e4ksi muut kiinnostuneet UAT-ryhm\u00e4l\u00e4iset saavat artikkelin s\u00e4hk\u00f6postitse pyyt\u00e4m\u00e4ll\u00e4 Helilt\u00e4 tai Pertilt\u00e4. Paikka: &hellip; <a href=\"https:\/\/blogit.utu.fi\/utopiat\/kevaan-2011-ohjelma\/\">Lue loppuun <span class=\"meta-nav\">&rarr;<\/span><\/a><\/p>\n","protected":false},"author":4,"featured_media":0,"parent":0,"menu_order":0,"comment_status":"closed","ping_status":"closed","template":"","meta":{"footnotes":""},"class_list":["post-61","page","type-page","status-publish","hentry"],"_links":{"self":[{"href":"https:\/\/blogit.utu.fi\/utopiat\/wp-json\/wp\/v2\/pages\/61","targetHints":{"allow":["GET"]}}],"collection":[{"href":"https:\/\/blogit.utu.fi\/utopiat\/wp-json\/wp\/v2\/pages"}],"about":[{"href":"https:\/\/blogit.utu.fi\/utopiat\/wp-json\/wp\/v2\/types\/page"}],"author":[{"embeddable":true,"href":"https:\/\/blogit.utu.fi\/utopiat\/wp-json\/wp\/v2\/users\/4"}],"replies":[{"embeddable":true,"href":"https:\/\/blogit.utu.fi\/utopiat\/wp-json\/wp\/v2\/comments?post=61"}],"version-history":[{"count":1,"href":"https:\/\/blogit.utu.fi\/utopiat\/wp-json\/wp\/v2\/pages\/61\/revisions"}],"predecessor-version":[{"id":135,"href":"https:\/\/blogit.utu.fi\/utopiat\/wp-json\/wp\/v2\/pages\/61\/revisions\/135"}],"wp:attachment":[{"href":"https:\/\/blogit.utu.fi\/utopiat\/wp-json\/wp\/v2\/media?parent=61"}],"curies":[{"name":"wp","href":"https:\/\/api.w.org\/{rel}","templated":true}]}}