{"id":63,"date":"2011-02-23T17:34:28","date_gmt":"2011-02-23T15:34:28","guid":{"rendered":"http:\/\/blogit.utu.fi\/utopiat\/"},"modified":"2014-10-10T14:08:42","modified_gmt":"2014-10-10T12:08:42","slug":"linkkeja","status":"publish","type":"page","link":"https:\/\/blogit.utu.fi\/utopiat\/linkkeja\/","title":{"rendered":"Linkkej\u00e4"},"content":{"rendered":"<p><strong>Tutkimusyhteis\u00f6j\u00e4<\/strong><\/p>\n<p>Utopian Studies Society (Europe)<br \/>\n<a href=\"http:\/\/www.utopianstudieseurope.org\/\">http:\/\/www.utopianstudieseurope.org\/<\/a><\/p>\n<p>The Society for Utopian Studies (North America)<br \/>\n<a href=\"http:\/\/www.utoronto.ca\/utopia\/\">http:\/\/www.utoronto.ca\/utopia\/<\/a><\/p>\n<p><strong>Akateemisia julkaisuja<\/strong><\/p>\n<p><em>Utopia and Utopianism<br \/>\n<\/em><a href=\"http:\/\/www.utopiaandutopianism.com\/\">http:\/\/www.utopiaandutopianism.com\/<\/a><\/p>\n<p><em>Utopian Studies<br \/>\n<\/em><a href=\"http:\/\/www.utoronto.ca\/utopia\/journal\/index.html\">http:\/\/www.utoronto.ca\/utopia\/journal\/index.html<\/a><\/p>\n<p><strong>Blogeja<\/strong><\/p>\n<p>Utopiana<br \/>\n<a title=\"http:\/\/earlymodernutopia.blogspot.fi\/\" href=\"http:\/\/earlymodernutopia.blogspot.fi\/\">http:\/\/earlymodernutopia.blogspot.fi\/<\/a><\/p>\n<p>Utopus Discovered<br \/>\n<a href=\"http:\/\/utopusdiscovered.wordpress.com\/\">http:\/\/utopusdiscovered.wordpress.com\/<\/a><\/p>\n<p><strong>Keskustelufoorumeita<\/strong><\/p>\n<p>H-Utopia<br \/>\n<a href=\"http:\/\/www.h-net.org\/~utopia\/\">http:\/\/www.h-net.org\/~utopia\/<\/a><\/p>\n<p>H-Ideas<br \/>\n<a href=\"http:\/\/www.h-net.org\/~ideas\/\">http:\/\/www.h-net.org\/~ideas\/<\/a><\/p>\n<p><strong>Bibliografioita ja sanastoja<\/strong><\/p>\n<p>Discoveries: A Bibliography for the Utopian Inclined<br \/>\n<a href=\"http:\/\/susbiblio.wordpress.com\/\">http:\/\/susbiblio.wordpress.com\/<\/a><\/p>\n<p>Dictionary of Imaginary Places<br \/>\n<a href=\"http:\/\/www.urbangeek.net\/dictionary\/index.html\">http:\/\/www.urbangeek.net\/dictionary\/index.html<\/a><\/p>\n<p><strong>Alkuper\u00e4isaineistoja<\/strong><\/p>\n","protected":false},"excerpt":{"rendered":"<p>Tutkimusyhteis\u00f6j\u00e4 Utopian Studies Society (Europe) http:\/\/www.utopianstudieseurope.org\/ The Society for Utopian Studies (North America) http:\/\/www.utoronto.ca\/utopia\/ Akateemisia julkaisuja Utopia and Utopianism http:\/\/www.utopiaandutopianism.com\/ Utopian Studies http:\/\/www.utoronto.ca\/utopia\/journal\/index.html Blogeja Utopiana http:\/\/earlymodernutopia.blogspot.fi\/ Utopus Discovered http:\/\/utopusdiscovered.wordpress.com\/ Keskustelufoorumeita H-Utopia http:\/\/www.h-net.org\/~utopia\/ H-Ideas http:\/\/www.h-net.org\/~ideas\/ Bibliografioita ja sanastoja Discoveries: A Bibliography &hellip; <a href=\"https:\/\/blogit.utu.fi\/utopiat\/linkkeja\/\">Lue loppuun <span class=\"meta-nav\">&rarr;<\/span><\/a><\/p>\n","protected":false},"author":4,"featured_media":0,"parent":0,"menu_order":0,"comment_status":"closed","ping_status":"closed","template":"","meta":{"footnotes":""},"class_list":["post-63","page","type-page","status-publish","hentry"],"_links":{"self":[{"href":"https:\/\/blogit.utu.fi\/utopiat\/wp-json\/wp\/v2\/pages\/63","targetHints":{"allow":["GET"]}}],"collection":[{"href":"https:\/\/blogit.utu.fi\/utopiat\/wp-json\/wp\/v2\/pages"}],"about":[{"href":"https:\/\/blogit.utu.fi\/utopiat\/wp-json\/wp\/v2\/types\/page"}],"author":[{"embeddable":true,"href":"https:\/\/blogit.utu.fi\/utopiat\/wp-json\/wp\/v2\/users\/4"}],"replies":[{"embeddable":true,"href":"https:\/\/blogit.utu.fi\/utopiat\/wp-json\/wp\/v2\/comments?post=63"}],"version-history":[{"count":2,"href":"https:\/\/blogit.utu.fi\/utopiat\/wp-json\/wp\/v2\/pages\/63\/revisions"}],"predecessor-version":[{"id":146,"href":"https:\/\/blogit.utu.fi\/utopiat\/wp-json\/wp\/v2\/pages\/63\/revisions\/146"}],"wp:attachment":[{"href":"https:\/\/blogit.utu.fi\/utopiat\/wp-json\/wp\/v2\/media?parent=63"}],"curies":[{"name":"wp","href":"https:\/\/api.w.org\/{rel}","templated":true}]}}