{"id":79,"date":"2012-02-16T11:04:07","date_gmt":"2012-02-16T09:04:07","guid":{"rendered":"http:\/\/blogit.utu.fi\/utopiat\/?page_id=79"},"modified":"2015-01-07T13:30:22","modified_gmt":"2015-01-07T11:30:22","slug":"kevaan-2012-ohjelma","status":"publish","type":"page","link":"https:\/\/blogit.utu.fi\/utopiat\/kevaan-2012-ohjelma\/","title":{"rendered":"Kev\u00e4\u00e4n 2012 ohjelma"},"content":{"rendered":"<p><strong>Maanantai 23.1.<br \/>\n<\/strong>Tutkimusryhm\u00e4.\u00a0 Utopia ja nostalgia-kirjan tekij\u00f6iden seminaaritapaaminen ja kev\u00e4\u00e4n ohjelman suunnittelua. K\u00e4sittelyss\u00e4 on <strong>Pertti Gr\u00f6nholmin<\/strong> luku <em>Olipa kerran tulevaisuus. Nostalgian monet ulottuvuudet Kraftwerk-yhtyeen retrofuturismissa<\/em>. Paikka: Seminaarisali Virkkunen, Minerva 1.krs. Sirkkalan kasarmi (Kaivokatu 12). Aika: klo 14-16.<\/p>\n<p><strong>Tiistai 21.2.<\/strong><br \/>\nVierailuluento. FM <strong>Kimmo Ahonen<\/strong> (Yleinen historia, Turun yliopisto) pit\u00e4\u00e4 alustuksen\u00a0otsikolla <em>Uskottavuuden illuusio 1950-luvun tieteiselokuvissa<\/em>. Muukalaisten invaasio oli 1950-luvun yhdysvaltalaisen tieteiselokuvan keskeisi\u00e4 aiheita. Ahonen kertoo, mill\u00e4 tavoin elokuvat kytkeytyiv\u00e4t oman aikansa uhkakuviin ja rakensivat lajityypille ominaista uskottavuuden illuusiota, joka erotti sen kauhuelokuvasta ja fantasiasta. Esimerkkiaineistona on elokuva\u00a0<em>Uhkavaatimus maalle<\/em> (The Day the Earth Stood Still, USA 1951). Paikka: Musiikkitieteen Salonki, huone V108,\u00a0 Artium, katutaso (Kaivokatu 12). Aika: klo 14-16.<\/p>\n<p><strong>Maanantai 26.3.<br \/>\n<\/strong>Nostalgia ja utopia -kirjan artikkeliluonnoksen (<strong>Heli Paalum\u00e4ki<\/strong>) k\u00e4sittely. Paikka: Musiikkitieteen Salonki, huone V108, Artium, katutaso, Kaivokatu 12, Sirkkalan kasarmi. Aika: klo 14-16.<\/p>\n<p><strong>Torstai 12.4.<br \/>\n<\/strong>Ph.D., tutkijatohtori <strong>Kirsi H\u00e4nninen<\/strong> esittelee tutkimushankettaan suomalaisten ufokontaktihenkil\u00f6iden tulevaisuusajattelusta. Paikka: Seminaarisali Litzen, Minerva 1.krs. Kaivokatu 12, Sirkkalan kasarmi. Aika: klo 14-16.<\/p>\n<p>&nbsp;<\/p>\n","protected":false},"excerpt":{"rendered":"<p>Maanantai 23.1. Tutkimusryhm\u00e4.\u00a0 Utopia ja nostalgia-kirjan tekij\u00f6iden seminaaritapaaminen ja kev\u00e4\u00e4n ohjelman suunnittelua. K\u00e4sittelyss\u00e4 on Pertti Gr\u00f6nholmin luku Olipa kerran tulevaisuus. Nostalgian monet ulottuvuudet Kraftwerk-yhtyeen retrofuturismissa. Paikka: Seminaarisali Virkkunen, Minerva 1.krs. Sirkkalan kasarmi (Kaivokatu 12). Aika: klo 14-16. Tiistai 21.2. Vierailuluento. &hellip; <a href=\"https:\/\/blogit.utu.fi\/utopiat\/kevaan-2012-ohjelma\/\">Lue loppuun <span class=\"meta-nav\">&rarr;<\/span><\/a><\/p>\n","protected":false},"author":4,"featured_media":0,"parent":0,"menu_order":0,"comment_status":"closed","ping_status":"closed","template":"","meta":{"footnotes":""},"class_list":["post-79","page","type-page","status-publish","hentry"],"_links":{"self":[{"href":"https:\/\/blogit.utu.fi\/utopiat\/wp-json\/wp\/v2\/pages\/79","targetHints":{"allow":["GET"]}}],"collection":[{"href":"https:\/\/blogit.utu.fi\/utopiat\/wp-json\/wp\/v2\/pages"}],"about":[{"href":"https:\/\/blogit.utu.fi\/utopiat\/wp-json\/wp\/v2\/types\/page"}],"author":[{"embeddable":true,"href":"https:\/\/blogit.utu.fi\/utopiat\/wp-json\/wp\/v2\/users\/4"}],"replies":[{"embeddable":true,"href":"https:\/\/blogit.utu.fi\/utopiat\/wp-json\/wp\/v2\/comments?post=79"}],"version-history":[{"count":1,"href":"https:\/\/blogit.utu.fi\/utopiat\/wp-json\/wp\/v2\/pages\/79\/revisions"}],"predecessor-version":[{"id":134,"href":"https:\/\/blogit.utu.fi\/utopiat\/wp-json\/wp\/v2\/pages\/79\/revisions\/134"}],"wp:attachment":[{"href":"https:\/\/blogit.utu.fi\/utopiat\/wp-json\/wp\/v2\/media?parent=79"}],"curies":[{"name":"wp","href":"https:\/\/api.w.org\/{rel}","templated":true}]}}