{"id":8,"date":"2009-02-05T10:56:35","date_gmt":"2009-02-05T08:56:35","guid":{"rendered":"http:\/\/blogit.utu.fi\/utopiat\/about\/"},"modified":"2009-02-05T10:56:35","modified_gmt":"2009-02-05T08:56:35","slug":"about","status":"publish","type":"page","link":"https:\/\/blogit.utu.fi\/utopiat\/about\/","title":{"rendered":"UAT-ryhm\u00e4"},"content":{"rendered":"<div>\n<p><strong>Teemaryhm\u00e4 tutkijoille, jatko-opiskelijoille ja maisteriopiskelijoille<\/strong><\/p>\n<p>Oletko kiinnostunut aatteista tai utopioista? Kulta-ajan myyteist\u00e4, menneist\u00e4 vision\u00e4\u00e4reist\u00e4, tieteisfantasiasta tai yhteiskunnallisesta unelmoinnista? Tulevaisuusajattelun ja sen historian tutkimuksella on Turussa pitk\u00e4 perinne. Lis\u00e4ksi eri tieteenaloilla on paljon tutkijoita ja opiskelijoita, joiden tutkimusteemoissa ajalla ja sen kokemisella on erityinen merkitys. My\u00f6s aatteiden ja ideologioiden tutkijat joutuvat tekemisiin odotusten, suunnitelmien, unelmien ja pelkojen kanssa. Aatteita ja ideologioita on mahdollista tulkita ja ymm\u00e4rt\u00e4\u00e4 my\u00f6s utopioina, tosin toimintasuunnitelmiksi ja ohjelmiksi jalostuneessa muodossa.<\/p>\n<p>Koska mainittuja aihepiirej\u00e4 tutkivat ja opiskelevat ovat t\u00e4ll\u00e4 hetkell\u00e4 melko hajallaan, koemme tarpeelliseksi, ett\u00e4 teemasta kiinnostuneet perustutkinto- ja jatko-opiskelijat saavat oman keskustelu- ja toimintafooruminsa.<\/p>\n<p>Utopiat, aatteet ja tulevaisuus -ryhm\u00e4ss\u00e4 voidaan pit\u00e4\u00e4 keskustelualustuksia, esitelmi\u00e4, kirjallisuuskatsauksia ja -kritiikkej\u00e4, lukea kirjallisuutta, katsoa elokuvia sek\u00e4 k\u00e4sitell\u00e4 tutkimus-suunnitelmia, ty\u00f6papereita ja artikkeli- ja kirjaluonnoksia. Konkreettisia yhteisi\u00e4 hankkeita voivat olla esimerkiksi tutkijatapaamisen j\u00e4rjest\u00e4minen tai artikkelijulkaisun tuottaminen.<\/p>\n<p>Kokoontumisajat ja my\u00f6s -paikat vaihtelevat suuresti, joten t\u00e4ss\u00e4 blogissa p\u00e4ivitetyn ohjelman seuraaminen on suositeltavaa.<\/p>\n<p>Kaikki utopioiden tutkijat, liittyk\u00e4\u00e4 yhteen!<\/p>\n<p><strong>Ryhm\u00e4n vet\u00e4j\u00e4t<\/strong><\/p>\n<p>Pertti Gr\u00f6nholm, dosentti, yleinen historia<br \/>\nemail: pertti.gronholm(at)utu.fi, puh: 333 5238.<\/p>\n<p>Heli Paalum\u00e4ki, tutkija, yleinen historia<br \/>\nemail: heli.paalumaki(at)utu.fi, puh: 333 5233.<\/p>\n<\/div>\n","protected":false},"excerpt":{"rendered":"<p>Teemaryhm\u00e4 tutkijoille, jatko-opiskelijoille ja maisteriopiskelijoille Oletko kiinnostunut aatteista tai utopioista? Kulta-ajan myyteist\u00e4, menneist\u00e4 vision\u00e4\u00e4reist\u00e4, tieteisfantasiasta tai yhteiskunnallisesta unelmoinnista? Tulevaisuusajattelun ja sen historian tutkimuksella on Turussa pitk\u00e4 perinne. Lis\u00e4ksi eri tieteenaloilla on paljon tutkijoita ja opiskelijoita, joiden tutkimusteemoissa ajalla ja sen &hellip; <a href=\"https:\/\/blogit.utu.fi\/utopiat\/about\/\">Lue loppuun <span class=\"meta-nav\">&rarr;<\/span><\/a><\/p>\n","protected":false},"author":4,"featured_media":0,"parent":0,"menu_order":0,"comment_status":"open","ping_status":"open","template":"","meta":{"footnotes":""},"class_list":["post-8","page","type-page","status-publish","hentry"],"_links":{"self":[{"href":"https:\/\/blogit.utu.fi\/utopiat\/wp-json\/wp\/v2\/pages\/8","targetHints":{"allow":["GET"]}}],"collection":[{"href":"https:\/\/blogit.utu.fi\/utopiat\/wp-json\/wp\/v2\/pages"}],"about":[{"href":"https:\/\/blogit.utu.fi\/utopiat\/wp-json\/wp\/v2\/types\/page"}],"author":[{"embeddable":true,"href":"https:\/\/blogit.utu.fi\/utopiat\/wp-json\/wp\/v2\/users\/4"}],"replies":[{"embeddable":true,"href":"https:\/\/blogit.utu.fi\/utopiat\/wp-json\/wp\/v2\/comments?post=8"}],"version-history":[{"count":0,"href":"https:\/\/blogit.utu.fi\/utopiat\/wp-json\/wp\/v2\/pages\/8\/revisions"}],"wp:attachment":[{"href":"https:\/\/blogit.utu.fi\/utopiat\/wp-json\/wp\/v2\/media?parent=8"}],"curies":[{"name":"wp","href":"https:\/\/api.w.org\/{rel}","templated":true}]}}