{"id":9,"date":"2009-02-05T15:26:17","date_gmt":"2009-02-05T13:26:17","guid":{"rendered":"http:\/\/blogit.utu.fi\/utopiat\/?page_id=3"},"modified":"2015-01-07T13:29:11","modified_gmt":"2015-01-07T11:29:11","slug":"kevaan-2009-ohjelma","status":"publish","type":"page","link":"https:\/\/blogit.utu.fi\/utopiat\/kevaan-2009-ohjelma\/","title":{"rendered":"Kev\u00e4\u00e4n 2009 ohjelma"},"content":{"rendered":"<p style=\"text-align: justify\"><strong>Tiistai 10.2. <\/strong><br \/>\nKeskusteluilta: tutkimus. Mahdollisten artikkelien ja julkaisujen teemojen pohdintaa Ravintola\u00a0Koulun (Eerikinkatu 18) Historia-luokassa. Aika:\u00a0klo 16-18.<\/p>\n<p style=\"text-align: justify\"><strong>Keskiviikko 18.2.<br \/>\n<\/strong>Vierailuluento: Professori <strong>Tatjana Artemjova<\/strong> (Pietarin valtiollinen Herzen-yliopisto) luennoi englanniksi valistusajan ven\u00e4l\u00e4isest\u00e4 utopia-ajattelusta otsikolla: <em>History and Typology of Russian Utopian Thought<\/em>. \u00a0Paikkana on Pharma Cityn (It\u00e4inen Pitk\u00e4katu 4) Seminaarisali Pha 2.\u00a0Aika: klo 14-16.<\/p>\n<p style=\"text-align: justify\"><strong>Perjantai\u00a020.2.<br \/>\n<\/strong>Elokuvailta: Aleksander Dovzhenko: <em>Maa<\/em> (Zemlja, NL 1930,\u00a0 kesto 77 min).\u00a0\u00a0Tekstitys englanniksi. Dos. <strong>Pertti Gr\u00f6nholm<\/strong> (Turun yliopisto, Yleinen historia) alustaa elokuvan teemoista ja taustasta. Aikala-sali, Historian laitos, Sirkkalan kasarmi (Kaivokatu 12) 2. krs.\u00a0Aika:\u00a0klo 14-17.<\/p>\n<p style=\"text-align: justify\"><strong>Tiistai 3.3.<br \/>\n<\/strong>Keskusteluilta:\u00a0Nostalgia ja erityisesti tulevaisuusnostalgia. Keskustelu em. k\u00e4sitteist\u00e4 liittyy mahdollisen\u00a0julkaisuhankkeen pohdintaan. Ravintola\u00a0Koulun (Eerikinkatu 18) Historia-luokka. Aika:\u00a0klo 16-18.<\/p>\n<p style=\"text-align: justify\"><strong>Tiistai 17.3.<br \/>\n<\/strong>Tutkimusilta: FL <strong>Hanne Koivisto<\/strong> (Turun yliopisto, Kulttuurihistoria) esittelee tutkimushankettaan otsikolla\u00a0<em>Toivon utopia<\/em>. Ravintola\u00a0Koulun (Eerikinkatu 18) Historia-luokka. Aika: klo 16-18.<\/p>\n<p style=\"text-align: justify\"><strong>Tiistai 24.3.<br \/>\n<\/strong>Keskusteluilta: klassikot. Guy Debord:\u00a0<em>Spektaakkelin yhteiskunta<\/em> (1967, suom. 2005). Keskustelu etuk\u00e4teen luetun kirjan pohjalta. Ravintola\u00a0Koulun (Eerikinkatu 18) Historia-luokka. Aika: klo 16-18.<\/p>\n<p style=\"text-align: justify\"><strong>Perjantai 3.4.<br \/>\n<\/strong>Elokuvailta (Red Planet Mars, USA 1952). FM\u00a0<strong>Kimmo Ahonen<\/strong> (Turun yliopisto, Yleinen historia) alustaa amerikkalaisista tieteiselokuvista otsikolla <em>Antikommunistinen utopia<\/em>.\u00a0 Aikala-sali, Historian laitos, Sirkkalan kasarmi (Kaivokatu 12) 2. krs.\u00a0Aika:\u00a0klo 16-18.<\/p>\n<p style=\"text-align: justify\"><strong>Tiistai 14.4.<br \/>\n<\/strong>Esitelm\u00e4:\u00a0Kehitysjohtaja <strong>Olli Hietanen<\/strong> (Turun kauppakorkeakoulu, Tulevaisuuden tutkimuskeskus). <em>Tulevaisuudentutkimus &#8211; scifi\u00e4 vai tiedett\u00e4? <\/em> Aikala-sali, Historian laitos, Sirkkalan kasarmi (Kaivokatu 12) 2. krs.\u00a0Aika: klo 17.15-18.45<\/p>\n<p style=\"text-align: justify\"><strong>Tiistai 21.4.<br \/>\n<\/strong>Esitelm\u00e4:\u00a0Professori <strong>Kimmo Rentola<\/strong> (Turun yliopisto, Poliittinen historia) <em>Vuoden 1968 utopiat<\/em>. Paasivirta-sali, Poliittisen historian laitos, Arwidssoninkatu\u00a01.\u00a0Aika: klo 17.00-18.30.<\/p>\n","protected":false},"excerpt":{"rendered":"<p>Tiistai 10.2. Keskusteluilta: tutkimus. Mahdollisten artikkelien ja julkaisujen teemojen pohdintaa Ravintola\u00a0Koulun (Eerikinkatu 18) Historia-luokassa. Aika:\u00a0klo 16-18. Keskiviikko 18.2. Vierailuluento: Professori Tatjana Artemjova (Pietarin valtiollinen Herzen-yliopisto) luennoi englanniksi valistusajan ven\u00e4l\u00e4isest\u00e4 utopia-ajattelusta otsikolla: History and Typology of Russian Utopian Thought. \u00a0Paikkana on &hellip; <a href=\"https:\/\/blogit.utu.fi\/utopiat\/kevaan-2009-ohjelma\/\">Lue loppuun <span class=\"meta-nav\">&rarr;<\/span><\/a><\/p>\n","protected":false},"author":4,"featured_media":0,"parent":0,"menu_order":0,"comment_status":"open","ping_status":"open","template":"","meta":{"footnotes":""},"class_list":["post-9","page","type-page","status-publish","hentry"],"_links":{"self":[{"href":"https:\/\/blogit.utu.fi\/utopiat\/wp-json\/wp\/v2\/pages\/9","targetHints":{"allow":["GET"]}}],"collection":[{"href":"https:\/\/blogit.utu.fi\/utopiat\/wp-json\/wp\/v2\/pages"}],"about":[{"href":"https:\/\/blogit.utu.fi\/utopiat\/wp-json\/wp\/v2\/types\/page"}],"author":[{"embeddable":true,"href":"https:\/\/blogit.utu.fi\/utopiat\/wp-json\/wp\/v2\/users\/4"}],"replies":[{"embeddable":true,"href":"https:\/\/blogit.utu.fi\/utopiat\/wp-json\/wp\/v2\/comments?post=9"}],"version-history":[{"count":1,"href":"https:\/\/blogit.utu.fi\/utopiat\/wp-json\/wp\/v2\/pages\/9\/revisions"}],"predecessor-version":[{"id":137,"href":"https:\/\/blogit.utu.fi\/utopiat\/wp-json\/wp\/v2\/pages\/9\/revisions\/137"}],"wp:attachment":[{"href":"https:\/\/blogit.utu.fi\/utopiat\/wp-json\/wp\/v2\/media?parent=9"}],"curies":[{"name":"wp","href":"https:\/\/api.w.org\/{rel}","templated":true}]}}