{"id":297,"date":"2024-06-07T15:30:36","date_gmt":"2024-06-07T12:30:36","guid":{"rendered":"https:\/\/blogit.utu.fi\/vanhasuomijaruotsi\/?page_id=297"},"modified":"2024-06-07T15:45:34","modified_gmt":"2024-06-07T12:45:34","slug":"etusivu-2","status":"publish","type":"page","link":"https:\/\/blogit.utu.fi\/vanhasuomijaruotsi\/etusivu-2\/","title":{"rendered":"God middag, hyw\u00e4 puolip\u00e4iw\u00e4!"},"content":{"rendered":"\n<figure class=\"wp-block-image size-large\"><img decoding=\"async\" width=\"1024\" height=\"329\" data-src=\"https:\/\/blogit.utu.fi\/vanhasuomijaruotsi\/wp-content\/uploads\/sites\/697\/2024\/02\/Banneri-1-1024x329.jpg\" alt=\"\" class=\"wp-image-22 lazyload\" data-srcset=\"https:\/\/blogit.utu.fi\/vanhasuomijaruotsi\/wp-content\/uploads\/sites\/697\/2024\/02\/Banneri-1-1024x329.jpg 1024w, https:\/\/blogit.utu.fi\/vanhasuomijaruotsi\/wp-content\/uploads\/sites\/697\/2024\/02\/Banneri-1-300x96.jpg 300w, https:\/\/blogit.utu.fi\/vanhasuomijaruotsi\/wp-content\/uploads\/sites\/697\/2024\/02\/Banneri-1-768x247.jpg 768w, https:\/\/blogit.utu.fi\/vanhasuomijaruotsi\/wp-content\/uploads\/sites\/697\/2024\/02\/Banneri-1-1536x494.jpg 1536w, https:\/\/blogit.utu.fi\/vanhasuomijaruotsi\/wp-content\/uploads\/sites\/697\/2024\/02\/Banneri-1.jpg 1891w\" data-sizes=\"(max-width: 1024px) 100vw, 1024px\" src=\"data:image\/svg+xml;base64,PHN2ZyB3aWR0aD0iMSIgaGVpZ2h0PSIxIiB4bWxucz0iaHR0cDovL3d3dy53My5vcmcvMjAwMC9zdmciPjwvc3ZnPg==\" style=\"--smush-placeholder-width: 1024px; --smush-placeholder-aspect-ratio: 1024\/329;\" \/><\/figure>\n\n\n\n<p><\/p>\n\n\n\n<p>Tervehdimme teit\u00e4 toivotuksella, joka on poimittu 1700-luvulla julkaistusta ruotsalais-suomalaisesta keskusteluoppaasta. Naapurikielet ruotsi ja suomi ovat el\u00e4neet pitk\u00e4\u00e4n rinnakkain puhuttuina kielin\u00e4, mutta my\u00f6s kirjallisella kumppanuudella on pitk\u00e4t juuret. Vaikka kielet eiv\u00e4t olekaan sukua toisilleen, ne ovat historian saatossa kietoutuneet toisiinsa lukuisin tavoin, ja t\u00e4st\u00e4 l\u00e4heisest\u00e4 suhteesta on kielentutkijoilla paljon ammennettavaa.<\/p>\n\n\n\n<p>Olemme Turun yliopistossa ty\u00f6skentelevi\u00e4 kielen historiaan erikoistuneita tutkijoita. Minna on perehtynyt erityisesti muinaisruotsalaisiin lakiteksteihin ja Tanja 1500-luvun suomen kieleen. T\u00e4m\u00e4n blogin perustimme paikaksi, jossa voimme kertoa havaintoja ja kuulumisia tutkimushankkeistamme ja opetusprojekteistamme.<\/p>\n\n\n\n<p>V\u00e4lkommen att l\u00e4sa v\u00e5r blog!<\/p>\n\n\n\n<p>\u00d6nskar kursens l\u00e4rare Minna Sandelin och Tanja Toropainen<\/p>\n\n\n\n<h2 class=\"wp-block-heading\"><\/h2>\n\n\n\n<div class=\"wp-block-cover alignfull has-custom-content-position is-position-top-left\" style=\"margin-top:0;padding-top:5vw;padding-right:5vw;padding-bottom:5vw;padding-left:5vw;min-height:50vh;aspect-ratio:unset;\"><span aria-hidden=\"true\" class=\"wp-block-cover__background has-background-dim-90 has-background-dim\" style=\"background-color:#141414\"><\/span><img decoding=\"async\" class=\"wp-block-cover__image-background wp-image-333 lazyload\" alt=\"\" data-src=\"https:\/\/pd.w.org\/2022\/07\/87262c92d42acd1c3.73206444.jpg\" style=\"object-position:50% 0%\" data-object-fit=\"cover\" data-object-position=\"50% 0%\" src=\"data:image\/svg+xml;base64,PHN2ZyB3aWR0aD0iMSIgaGVpZ2h0PSIxIiB4bWxucz0iaHR0cDovL3d3dy53My5vcmcvMjAwMC9zdmciPjwvc3ZnPg==\" \/><div class=\"wp-block-cover__inner-container is-layout-flow wp-block-cover-is-layout-flow\">\n<div class=\"wp-block-group wp-container-content-9cfa9a5a is-vertical is-nowrap is-layout-flex wp-container-core-group-is-layout-929c89a5 wp-block-group-is-layout-flex\">\n<p class=\"has-text-align-left has-text-color has-source-serif-pro-font-family\" style=\"color:#d8a557;font-size:160px;font-style:italic;font-weight:900;letter-spacing:-4px;line-height:0.8;text-transform:none\">bud!<\/p>\n<\/div>\n<\/div><\/div>\n","protected":false},"excerpt":{"rendered":"<p>Tervehdimme teit\u00e4 toivotuksella, joka on poimittu 1700-luvulla julkaistusta ruotsalais-suomalaisesta keskusteluoppaasta. Naapurikielet ruotsi ja suomi ovat el\u00e4neet pitk\u00e4\u00e4n rinnakkain puhuttuina kielin\u00e4, mutta my\u00f6s kirjallisella kumppanuudella on pitk\u00e4t juuret. Vaikka kielet eiv\u00e4t olekaan sukua toisilleen, ne ovat historian saatossa kietoutuneet toisiinsa lukuisin tavoin, ja t\u00e4st\u00e4 l\u00e4heisest\u00e4 suhteesta on kielentutkijoilla paljon ammennettavaa. Olemme Turun yliopistossa ty\u00f6skentelevi\u00e4 kielen historiaan&#8230; <\/p>\n<div class=\"link-more\"><a href=\"https:\/\/blogit.utu.fi\/vanhasuomijaruotsi\/etusivu-2\/\">Read More<\/a><\/div>\n","protected":false},"author":1126,"featured_media":0,"parent":0,"menu_order":0,"comment_status":"closed","ping_status":"closed","template":"","meta":{"footnotes":""},"class_list":["post-297","page","type-page","status-publish","hentry"],"_links":{"self":[{"href":"https:\/\/blogit.utu.fi\/vanhasuomijaruotsi\/wp-json\/wp\/v2\/pages\/297","targetHints":{"allow":["GET"]}}],"collection":[{"href":"https:\/\/blogit.utu.fi\/vanhasuomijaruotsi\/wp-json\/wp\/v2\/pages"}],"about":[{"href":"https:\/\/blogit.utu.fi\/vanhasuomijaruotsi\/wp-json\/wp\/v2\/types\/page"}],"author":[{"embeddable":true,"href":"https:\/\/blogit.utu.fi\/vanhasuomijaruotsi\/wp-json\/wp\/v2\/users\/1126"}],"replies":[{"embeddable":true,"href":"https:\/\/blogit.utu.fi\/vanhasuomijaruotsi\/wp-json\/wp\/v2\/comments?post=297"}],"version-history":[{"count":5,"href":"https:\/\/blogit.utu.fi\/vanhasuomijaruotsi\/wp-json\/wp\/v2\/pages\/297\/revisions"}],"predecessor-version":[{"id":306,"href":"https:\/\/blogit.utu.fi\/vanhasuomijaruotsi\/wp-json\/wp\/v2\/pages\/297\/revisions\/306"}],"wp:attachment":[{"href":"https:\/\/blogit.utu.fi\/vanhasuomijaruotsi\/wp-json\/wp\/v2\/media?parent=297"}],"curies":[{"name":"wp","href":"https:\/\/api.w.org\/{rel}","templated":true}]}}