{"id":54,"date":"2024-02-23T16:40:13","date_gmt":"2024-02-23T14:40:13","guid":{"rendered":"https:\/\/blogit.utu.fi\/vanhasuomijaruotsi\/?page_id=54"},"modified":"2024-03-07T19:58:25","modified_gmt":"2024-03-07T17:58:25","slug":"blogi","status":"publish","type":"page","link":"https:\/\/blogit.utu.fi\/vanhasuomijaruotsi\/blogi\/","title":{"rendered":"Blogi"},"content":{"rendered":"\n<div style=\"height:var(--wp--preset--spacing--50)\" aria-hidden=\"true\" class=\"wp-block-spacer\"><\/div>\n\n\n\n<figure class=\"wp-block-image size-full\"><img decoding=\"async\" width=\"862\" height=\"160\" data-src=\"https:\/\/blogit.utu.fi\/vanhasuomijaruotsi\/wp-content\/uploads\/sites\/697\/2024\/03\/Blogin_etusivu2.jpg\" alt=\"\" class=\"wp-image-161 lazyload\" data-srcset=\"https:\/\/blogit.utu.fi\/vanhasuomijaruotsi\/wp-content\/uploads\/sites\/697\/2024\/03\/Blogin_etusivu2.jpg 862w, https:\/\/blogit.utu.fi\/vanhasuomijaruotsi\/wp-content\/uploads\/sites\/697\/2024\/03\/Blogin_etusivu2-300x56.jpg 300w, https:\/\/blogit.utu.fi\/vanhasuomijaruotsi\/wp-content\/uploads\/sites\/697\/2024\/03\/Blogin_etusivu2-768x143.jpg 768w, https:\/\/blogit.utu.fi\/vanhasuomijaruotsi\/wp-content\/uploads\/sites\/697\/2024\/03\/Blogin_etusivu2-600x111.jpg 600w\" data-sizes=\"(max-width: 862px) 100vw, 862px\" src=\"data:image\/svg+xml;base64,PHN2ZyB3aWR0aD0iMSIgaGVpZ2h0PSIxIiB4bWxucz0iaHR0cDovL3d3dy53My5vcmcvMjAwMC9zdmciPjwvc3ZnPg==\" style=\"--smush-placeholder-width: 862px; --smush-placeholder-aspect-ratio: 862\/160;\" \/><\/figure>\n\n\n\n<h2 class=\"wp-block-heading\">God middag, hyw\u00e4 puolip\u00e4iw\u00e4!<\/h2>\n\n\n\n<p>Tervehdimme teit\u00e4 toivotuksella, joka on poimittu 1700-luvulla julkaistusta ruotsalais-suomalaisesta keskusteluoppaasta. Naapurikielet ruotsi ja suomi ovat el\u00e4neet pitk\u00e4\u00e4n rinnakkain puhuttuina kielin\u00e4, mutta my\u00f6s kirjallisella kumppanuudella on pitk\u00e4t juuret. Vaikka kielet eiv\u00e4t olekaan sukua toisilleen, ne ovat historian saatossa kietoutuneet toisiinsa lukuisin tavoin, ja t\u00e4st\u00e4 l\u00e4heisest\u00e4 suhteesta on kielentutkijoilla paljon ammennettavaa.<\/p>\n\n\n\n<p>Olemme Turun yliopistossa ty\u00f6skentelevi\u00e4 kielen historiaan erikoistuneita tutkijoita. Minna on perehtynyt erityisesti muinaisruotsalaisiin lakiteksteihin ja Tanja 1500-luvun suomen kieleen. T\u00e4m\u00e4n blogin perustimme paikaksi, jossa voimme kertoa havaintoja ja kuulumisia tutkimushankkeistamme ja opetusprojekteistamme.<\/p>\n\n\n\n<p>V\u00e4lkommen att l\u00e4sa v\u00e5r blog!<\/p>\n\n\n\n<p>\u00d6nskar kursens l\u00e4rare <br>Minna Sandelin och Tanja Toropainen<\/p>\n\n\n\n<div class=\"wp-block-group alignfull\" style=\"padding-top:var(--wp--preset--spacing--50);padding-right:var(--wp--preset--spacing--50);padding-bottom:var(--wp--preset--spacing--50);padding-left:var(--wp--preset--spacing--50)\"><div class=\"wp-block-group__inner-container is-layout-constrained wp-container-core-group-is-layout-af81f691 wp-block-group-is-layout-constrained\">\n<div class=\"wp-block-columns alignwide is-layout-flex wp-container-core-columns-is-layout-3edbca9c wp-block-columns-is-layout-flex\" style=\"margin-top:0;margin-bottom:0\">\n<div class=\"wp-block-column is-layout-flow wp-block-column-is-layout-flow\"><\/div>\n\n\n\n<div class=\"wp-block-column is-layout-flow wp-block-column-is-layout-flow\"><\/div>\n<\/div>\n<\/div><\/div>\n","protected":false},"excerpt":{"rendered":"<p>God middag, hyw\u00e4 puolip\u00e4iw\u00e4! Tervehdimme teit\u00e4 toivotuksella, joka on poimittu 1700-luvulla julkaistusta ruotsalais-suomalaisesta keskusteluoppaasta. Naapurikielet ruotsi ja suomi ovat el\u00e4neet pitk\u00e4\u00e4n rinnakkain puhuttuina kielin\u00e4, mutta my\u00f6s kirjallisella kumppanuudella on pitk\u00e4t juuret. Vaikka kielet eiv\u00e4t olekaan sukua toisilleen, ne ovat historian saatossa kietoutuneet toisiinsa lukuisin tavoin, ja t\u00e4st\u00e4 l\u00e4heisest\u00e4 suhteesta on kielentutkijoilla paljon ammennettavaa. Olemme Turun&#8230; <\/p>\n<div class=\"link-more\"><a href=\"https:\/\/blogit.utu.fi\/vanhasuomijaruotsi\/blogi\/\">Read More<\/a><\/div>\n","protected":false},"author":3774,"featured_media":0,"parent":0,"menu_order":2,"comment_status":"closed","ping_status":"closed","template":"","meta":{"footnotes":""},"class_list":["post-54","page","type-page","status-publish","hentry"],"_links":{"self":[{"href":"https:\/\/blogit.utu.fi\/vanhasuomijaruotsi\/wp-json\/wp\/v2\/pages\/54","targetHints":{"allow":["GET"]}}],"collection":[{"href":"https:\/\/blogit.utu.fi\/vanhasuomijaruotsi\/wp-json\/wp\/v2\/pages"}],"about":[{"href":"https:\/\/blogit.utu.fi\/vanhasuomijaruotsi\/wp-json\/wp\/v2\/types\/page"}],"author":[{"embeddable":true,"href":"https:\/\/blogit.utu.fi\/vanhasuomijaruotsi\/wp-json\/wp\/v2\/users\/3774"}],"replies":[{"embeddable":true,"href":"https:\/\/blogit.utu.fi\/vanhasuomijaruotsi\/wp-json\/wp\/v2\/comments?post=54"}],"version-history":[{"count":6,"href":"https:\/\/blogit.utu.fi\/vanhasuomijaruotsi\/wp-json\/wp\/v2\/pages\/54\/revisions"}],"predecessor-version":[{"id":164,"href":"https:\/\/blogit.utu.fi\/vanhasuomijaruotsi\/wp-json\/wp\/v2\/pages\/54\/revisions\/164"}],"wp:attachment":[{"href":"https:\/\/blogit.utu.fi\/vanhasuomijaruotsi\/wp-json\/wp\/v2\/media?parent=54"}],"curies":[{"name":"wp","href":"https:\/\/api.w.org\/{rel}","templated":true}]}}