{"id":2,"date":"2025-01-21T16:08:25","date_gmt":"2025-01-21T14:08:25","guid":{"rendered":"https:\/\/blogit.utu.fi\/vansoc\/?page_id=2"},"modified":"2025-04-10T12:24:33","modified_gmt":"2025-04-10T09:24:33","slug":"esimerkkisivu","status":"publish","type":"page","link":"https:\/\/blogit.utu.fi\/vansoc\/","title":{"rendered":"Home"},"content":{"rendered":"<ul class=\"wp-block-latest-posts__list has-dates wp-block-latest-posts\"><li><a class=\"wp-block-latest-posts__post-title\" href=\"https:\/\/blogit.utu.fi\/vansoc\/2025\/04\/18\/conference-programme\/\">Conference programme<\/a><time datetime=\"2025-04-18T11:03:19+03:00\" class=\"wp-block-latest-posts__post-date\">18.4.2025<\/time><div class=\"wp-block-latest-posts__post-excerpt\">The conference programme can be viewed online. Join us on Thursday 24 April at the University of Turku! Konferenssiohjelma Voit katsoa konferenssiohjelmaa verkkosivuilla. Tule mukaan Turun yliopistoon 24. huhtikuuta!<\/div><\/li>\n<li><a class=\"wp-block-latest-posts__post-title\" href=\"https:\/\/blogit.utu.fi\/vansoc\/2025\/04\/11\/register-for-online-participation\/\">Register for Online Participation!<\/a><time datetime=\"2025-04-11T08:34:06+03:00\" class=\"wp-block-latest-posts__post-date\">11.4.2025<\/time><div class=\"wp-block-latest-posts__post-excerpt\">Registration for onsite participation at the University of Turku is not necessary. More information about the location can be found on the website. Please turn up and enjoy the day! If you wish to attend online, please register to receive Zoom links. Verkkotapahtumaan osallistuminen edellytt\u00e4\u00e4 rekister\u00f6itymist\u00e4 P\u00e4\u00e4puheeseen ja paneeleihin ovat tervetulleita kaikki kulttuurista ja taiteesta &hellip; <p class=\"link-more\"><a href=\"https:\/\/blogit.utu.fi\/vansoc\/2025\/04\/11\/register-for-online-participation\/\" class=\"more-link\">Continue reading<span class=\"screen-reader-text\"> &#8220;Register for Online Participation!&#8221;<\/span><\/a><\/p><\/div><\/li>\n<li><a class=\"wp-block-latest-posts__post-title\" href=\"https:\/\/blogit.utu.fi\/vansoc\/2025\/02\/19\/etsitaan-opiskelija-avustajia-recruiting-student-assistants\/\">Etsit\u00e4\u00e4n opiskelija-avustajia \/ Recruiting student assistants<\/a><time datetime=\"2025-02-19T08:21:00+02:00\" class=\"wp-block-latest-posts__post-date\">19.2.2025<\/time><div class=\"wp-block-latest-posts__post-excerpt\">&#8220;Kuvataiteet, kertomukset ja yhteiskuntaluokka&#8221; -konferenssi hakee opiskelija-avustajia! Konferenssi j\u00e4rjest\u00e4\u00e4n 24. huhtikuuta 2025 ja se tuo Turun yliopistolle noin 30 kuvataiteiden, sosiaalitieteiden ja kirjallisuustieteiden asiantuntijaa ymp\u00e4ri maailmaa. Konferenssi on avoin kaikille kiinnostuneille opiskelijoille, taiteilijoille sek\u00e4 tutkijoille. Avustajiksi konferenssiin etsit\u00e4\u00e4n 4-5 opiskelijaa, jotka auttavat vieraiden opastamisessa kampuksella ja vastaavat vieraiden kysymyksiin. Kokeneet opiskelijat voivat my\u00f6s toimia paneelien &hellip; <p class=\"link-more\"><a href=\"https:\/\/blogit.utu.fi\/vansoc\/2025\/02\/19\/etsitaan-opiskelija-avustajia-recruiting-student-assistants\/\" class=\"more-link\">Continue reading<span class=\"screen-reader-text\"> &#8220;Etsit\u00e4\u00e4n opiskelija-avustajia \/ Recruiting student assistants&#8221;<\/span><\/a><\/p><\/div><\/li>\n<li><a class=\"wp-block-latest-posts__post-title\" href=\"https:\/\/blogit.utu.fi\/vansoc\/2025\/01\/21\/welcome\/\">Welcome! Tervetuloa!<\/a><time datetime=\"2025-01-21T16:08:25+02:00\" class=\"wp-block-latest-posts__post-date\">21.1.2025<\/time><div class=\"wp-block-latest-posts__post-excerpt\">Welcome to the webpages of the Visual Arts, Narrative and Social Class conference! Here you can find information about the conference programme as well as other useful tips for travel to Turku. Tervetuloa Kuvataiteet, kertomukset ja yhteiskuntaluokka -konferenssin verkkosivuille! Sivuiltamme l\u00f6yd\u00e4t tietoa konferenssin ohjelmasta sek\u00e4 muista k\u00e4tevist\u00e4 asioista.<\/div><\/li>\n<\/ul>\n\n\n<p><\/p>\n","protected":false},"excerpt":{"rendered":"","protected":false},"author":16424,"featured_media":130,"parent":0,"menu_order":0,"comment_status":"closed","ping_status":"open","template":"","meta":{"footnotes":""},"class_list":["post-2","page","type-page","status-publish","has-post-thumbnail","hentry"],"_links":{"self":[{"href":"https:\/\/blogit.utu.fi\/vansoc\/wp-json\/wp\/v2\/pages\/2","targetHints":{"allow":["GET"]}}],"collection":[{"href":"https:\/\/blogit.utu.fi\/vansoc\/wp-json\/wp\/v2\/pages"}],"about":[{"href":"https:\/\/blogit.utu.fi\/vansoc\/wp-json\/wp\/v2\/types\/page"}],"author":[{"embeddable":true,"href":"https:\/\/blogit.utu.fi\/vansoc\/wp-json\/wp\/v2\/users\/16424"}],"replies":[{"embeddable":true,"href":"https:\/\/blogit.utu.fi\/vansoc\/wp-json\/wp\/v2\/comments?post=2"}],"version-history":[{"count":5,"href":"https:\/\/blogit.utu.fi\/vansoc\/wp-json\/wp\/v2\/pages\/2\/revisions"}],"predecessor-version":[{"id":67,"href":"https:\/\/blogit.utu.fi\/vansoc\/wp-json\/wp\/v2\/pages\/2\/revisions\/67"}],"wp:featuredmedia":[{"embeddable":true,"href":"https:\/\/blogit.utu.fi\/vansoc\/wp-json\/wp\/v2\/media\/130"}],"wp:attachment":[{"href":"https:\/\/blogit.utu.fi\/vansoc\/wp-json\/wp\/v2\/media?parent=2"}],"curies":[{"name":"wp","href":"https:\/\/api.w.org\/{rel}","templated":true}]}}