{"id":43,"date":"2025-01-22T09:50:01","date_gmt":"2025-01-22T07:50:01","guid":{"rendered":"https:\/\/blogit.utu.fi\/vansoc\/?page_id=43"},"modified":"2025-03-21T08:54:46","modified_gmt":"2025-03-21T06:54:46","slug":"suomeksi","status":"publish","type":"page","link":"https:\/\/blogit.utu.fi\/vansoc\/suomeksi\/","title":{"rendered":"Suomeksi"},"content":{"rendered":"\n<h2 class=\"wp-block-heading\"><strong>Kuvataiteet, kertomukset ja yhteiskuntaluokka.<\/strong><\/h2>\n\n\n\n<p><strong>24-25 huhtikuuta 2025. Turku ja Zoom.<\/strong><\/p>\n\n\n\n<p>Tervetuloa <em>Kuvataiteet, kertomukset ja yhteiskuntaluokka<\/em> -konferenssin verkkosivuille! Sivuiltamme l\u00f6yd\u00e4t tietoa konferenssin ohjelmasta sek\u00e4 muista k\u00e4tevist\u00e4 asioista.<\/p>\n\n\n\n<h2 class=\"wp-block-heading\"><strong>K\u00e4yt\u00e4nn\u00f6n asiat<\/strong><\/h2>\n\n\n\n<p><strong>J\u00e4rjest\u00e4j\u00e4<\/strong><\/p>\n\n\n\n<p><a href=\"https:\/\/www.utu.fi\/fi\/ihmiset\/avril-tynan\">Avril Tynan<\/a> FT, PI Toipumisen lukeminen (Suomen Akatemia)<\/p>\n\n\n\n<p><strong>Konferenssipaikka<\/strong><\/p>\n\n\n\n<p>Konferenssin ensimm\u00e4inen p\u00e4iv\u00e4 j\u00e4rjestet\u00e4\u00e4n <a href=\"https:\/\/www.utu.fi\/en\/university\/turku-campus\/lecture-halls#map\">Turun yliopiston Publicum-rakenuksessa<\/a> (Assistentinkatu 7,  20500 Turku) ja <a href=\"https:\/\/www.utu.fi\/en\/university\/turku-campus\/lecture-halls#map\">Educarium-rakenuksessa<\/a> (Assistentinkatu 5, 20500 Turku). <\/p>\n\n\n\n<p>Konferenssin toinen p\u00e4iv\u00e4 j\u00e4rjestet\u00e4\u00e4n <a href=\"https:\/\/lifeonaleaf.fi\/\">Life on a Leaf -talossa<\/a> (Pikisaarentie 4, 20900 Turku)<strong>.<\/strong> <\/p>\n\n\n\n<p>Lis\u00e4tietoa l\u00f6ytyy englanninkielisilt\u00e4 sivuilta. <\/p>\n\n\n\n<p><strong>Matkustaminen Turkuun<\/strong><\/p>\n\n\n\n<p>Tieto matkustamisesta Turkuun l\u00f6ytyy <a href=\"https:\/\/www.utu.fi\/en\/how-to-get-to-turku-move-around-in-the-city\">yliopiston sivuilta<\/a>.<\/p>\n\n\n\n<p>Tieto reiteist\u00e4 kaupunkien v\u00e4liss\u00e4 l\u00f6ytyy <a href=\"https:\/\/www.matkahuolto.fi\">Matkahuollon<\/a>, <a href=\"https:\/\/www.onnibus.com\/etusivu\">Onnibusin<\/a> sek\u00e4 <a href=\"https:\/\/www.vr.fi\/aikataulut\">VR<\/a>:n sivuilta.<\/p>\n\n\n\n<p>Tieto matkustamisesta Turussa l\u00f6ytyy <a href=\"https:\/\/www.foli.fi\/fi\">F\u00f6lin<\/a> sivuilta.<\/p>\n","protected":false},"excerpt":{"rendered":"<p>Kuvataiteet, kertomukset ja yhteiskuntaluokka. 24-25 huhtikuuta 2025. Turku ja Zoom. Tervetuloa Kuvataiteet, kertomukset ja yhteiskuntaluokka -konferenssin verkkosivuille! Sivuiltamme l\u00f6yd\u00e4t tietoa konferenssin ohjelmasta sek\u00e4 muista k\u00e4tevist\u00e4 asioista. K\u00e4yt\u00e4nn\u00f6n asiat J\u00e4rjest\u00e4j\u00e4 Avril Tynan FT, PI Toipumisen lukeminen (Suomen Akatemia) Konferenssipaikka Konferenssin ensimm\u00e4inen p\u00e4iv\u00e4 j\u00e4rjestet\u00e4\u00e4n Turun yliopiston Publicum-rakenuksessa (Assistentinkatu 7, 20500 Turku) ja Educarium-rakenuksessa (Assistentinkatu 5, 20500 Turku). &hellip; <\/p>\n<p class=\"link-more\"><a href=\"https:\/\/blogit.utu.fi\/vansoc\/suomeksi\/\" class=\"more-link\">Continue reading<span class=\"screen-reader-text\"> &#8220;Suomeksi&#8221;<\/span><\/a><\/p>\n","protected":false},"author":16424,"featured_media":0,"parent":0,"menu_order":0,"comment_status":"closed","ping_status":"closed","template":"","meta":{"footnotes":""},"class_list":["post-43","page","type-page","status-publish","hentry"],"_links":{"self":[{"href":"https:\/\/blogit.utu.fi\/vansoc\/wp-json\/wp\/v2\/pages\/43","targetHints":{"allow":["GET"]}}],"collection":[{"href":"https:\/\/blogit.utu.fi\/vansoc\/wp-json\/wp\/v2\/pages"}],"about":[{"href":"https:\/\/blogit.utu.fi\/vansoc\/wp-json\/wp\/v2\/types\/page"}],"author":[{"embeddable":true,"href":"https:\/\/blogit.utu.fi\/vansoc\/wp-json\/wp\/v2\/users\/16424"}],"replies":[{"embeddable":true,"href":"https:\/\/blogit.utu.fi\/vansoc\/wp-json\/wp\/v2\/comments?post=43"}],"version-history":[{"count":2,"href":"https:\/\/blogit.utu.fi\/vansoc\/wp-json\/wp\/v2\/pages\/43\/revisions"}],"predecessor-version":[{"id":80,"href":"https:\/\/blogit.utu.fi\/vansoc\/wp-json\/wp\/v2\/pages\/43\/revisions\/80"}],"wp:attachment":[{"href":"https:\/\/blogit.utu.fi\/vansoc\/wp-json\/wp\/v2\/media?parent=43"}],"curies":[{"name":"wp","href":"https:\/\/api.w.org\/{rel}","templated":true}]}}