{"id":44,"date":"2019-08-12T11:48:54","date_gmt":"2019-08-12T11:48:54","guid":{"rendered":"https:\/\/blogit.utu.fi\/vauhtiajavirikkeita\/?page_id=44"},"modified":"2020-11-10T13:19:44","modified_gmt":"2020-11-10T13:19:44","slug":"hyodyllisia-linkkeja","status":"publish","type":"page","link":"https:\/\/blogit.utu.fi\/vauhtiajavirikkeita\/hyodyllisia-linkkeja\/","title":{"rendered":"Hy\u00f6dyllisi\u00e4 vinkkej\u00e4 ja linkkej\u00e4"},"content":{"rendered":"\n<ul class=\"wp-block-list\"><li>Helsinki oppii kielt\u00e4-hanke: <a href=\"https:\/\/kielet.edu.hel.fi\/\">https:\/\/kielet.edu.hel.fi\/<\/a><br><\/li><li>Ideoita kielen tunneille: <a href=\"https:\/\/blog.edu.turku.fi\/kieko\/ideoita-kielen-tunneille\/varhentajille-ja-alakouluu\/\">https:\/\/blog.edu.turku.fi\/kieko\/ideoita-kielen-tunneille\/varhentajille-ja-alakouluu\/<\/a><br><\/li><li>Jump In, \u00c4\u00e4nneagentti-peli<br><\/li><li>Kielitietoisesti kouluissa-hanke: <a href=\"https:\/\/blog.edu.turku.fi\/kieko\/ideoita-kielen-tunneille\/\">https:\/\/blog.edu.turku.fi\/kieko\/ideoita-kielen-tunneille\/<\/a><br><\/li><li>Kieliverkosto: <a href=\"https:\/\/www.kieliverkosto.fi\/fi\/journals\/kieli-koulutus-ja-yhteiskunta-joulukuu-2017\/luokanopettajien-kokemuksia-ruotsin-opettamisesta\">https:\/\/www.kieliverkosto.fi\/fi\/journals\/kieli-koulutus-ja-yhteiskunta-joulukuu-2017\/luokanopettajien-kokemuksia-ruotsin-opettamisesta<\/a><br><\/li><li>Kieli\u00e4 kehiin! Tampereen kaupungin kielirikaisteisen hankkeen blogi: <a href=\"https:\/\/kieliakehiin.blogit.tampere.fi\/\">https:\/\/kieliakehiin.blogit.tampere.fi\/<\/a><br><\/li><li>Pirkanmaan Kikatus: <a href=\"http:\/\/pirkanmaankikatus.blogspot.com\/\">http:\/\/pirkanmaankikatus.blogspot.com\/<\/a><br><\/li><li>Ranskaa raakana!-podcast: <a href=\"https:\/\/isosavi.podbean.com\/e\/ranskaa-raakana-32-%E2%80%93-varhennettu-kielenopetus-ja-ranska-vieraana-minni-heikkinen\/\">https:\/\/isosavi.podbean.com\/e\/ranskaa-raakana-32-%E2%80%93-varhennettu-kielenopetus-ja-ranska-vieraana-minni-heikkinen\/<\/a><br><\/li><li>Robolang, Miten robottia voi hy\u00f6dynt\u00e4\u00e4 kielenopetuksessa-video (Outi Veivo, TY): <a href=\"https:\/\/www.youtube.com\/watch?v=geLcPXzA7zA\">https:\/\/www.youtube.com\/watch?v=geLcPXzA7zA<\/a><br><\/li><li>Seppo: <a href=\"https:\/\/seppo.io\/fi\/\">https:\/\/seppo.io\/fi\/<\/a><br><\/li><li>Super Simple Songs: <a href=\"https:\/\/supersimple.com\/super-simple-songs\/\">https:\/\/supersimple.com\/super-simple-songs\/<\/a><br><\/li><li>TALK: <a href=\"https:\/\/www.zodiak.fi\/talk\">https:\/\/www.zodiak.fi\/talk<\/a><br><\/li><li>The Singing Walrus: <a href=\"https:\/\/thesingingwalrus.com\/\">https:\/\/thesingingwalrus.com\/<\/a><br><\/li><li>ViLLE: <a href=\"https:\/\/oppimisanalytiikka.fi\/2019\/ville\">https:\/\/oppimisanalytiikka.fi\/2019\/ville<\/a><br><\/li><li>Vinkkiviuhka: <a href=\"https:\/\/blog.edu.turku.fi\/kieko\/files\/2019\/06\/VINKKIVIUHKA-07062019.pdf\">https:\/\/blog.edu.turku.fi\/kieko\/files\/2019\/06\/VINKKIVIUHKA-07062019.pdf<\/a><\/li><\/ul>\n\n\n\n<p><\/p>\n","protected":false},"excerpt":{"rendered":"<p>Helsinki oppii kielt\u00e4-hanke: https:\/\/kielet.edu.hel.fi\/ Ideoita kielen tunneille: https:\/\/blog.edu.turku.fi\/kieko\/ideoita-kielen-tunneille\/varhentajille-ja-alakouluu\/ Jump In, \u00c4\u00e4nneagentti-peli Kielitietoisesti kouluissa-hanke: https:\/\/blog.edu.turku.fi\/kieko\/ideoita-kielen-tunneille\/ Kieliverkosto: https:\/\/www.kieliverkosto.fi\/fi\/journals\/kieli-koulutus-ja-yhteiskunta-joulukuu-2017\/luokanopettajien-kokemuksia-ruotsin-opettamisesta Kieli\u00e4 kehiin! Tampereen kaupungin kielirikaisteisen hankkeen blogi: https:\/\/kieliakehiin.blogit.tampere.fi\/ Pirkanmaan Kikatus: http:\/\/pirkanmaankikatus.blogspot.com\/ Ranskaa raakana!-podcast: https:\/\/isosavi.podbean.com\/e\/ranskaa-raakana-32-%E2%80%93-varhennettu-kielenopetus-ja-ranska-vieraana-minni-heikkinen\/ Robolang, Miten robottia voi hy\u00f6dynt\u00e4\u00e4 kielenopetuksessa-video (Outi Veivo, TY): https:\/\/www.youtube.com\/watch?v=geLcPXzA7zA Seppo: https:\/\/seppo.io\/fi\/ Super Simple Songs: https:\/\/supersimple.com\/super-simple-songs\/ TALK: https:\/\/www.zodiak.fi\/talk The Singing Walrus: https:\/\/thesingingwalrus.com\/ ViLLE: https:\/\/oppimisanalytiikka.fi\/2019\/ville Vinkkiviuhka: &hellip; <\/p>\n<p class=\"link-more\"><a href=\"https:\/\/blogit.utu.fi\/vauhtiajavirikkeita\/hyodyllisia-linkkeja\/\" class=\"more-link\">Jatka lukemista<span class=\"screen-reader-text\"> &#8221;Hy\u00f6dyllisi\u00e4 vinkkej\u00e4 ja linkkej\u00e4&#8221;<\/span><\/a><\/p>\n","protected":false},"author":5712,"featured_media":0,"parent":0,"menu_order":0,"comment_status":"closed","ping_status":"closed","template":"","meta":{"footnotes":""},"class_list":["post-44","page","type-page","status-publish","hentry"],"_links":{"self":[{"href":"https:\/\/blogit.utu.fi\/vauhtiajavirikkeita\/wp-json\/wp\/v2\/pages\/44","targetHints":{"allow":["GET"]}}],"collection":[{"href":"https:\/\/blogit.utu.fi\/vauhtiajavirikkeita\/wp-json\/wp\/v2\/pages"}],"about":[{"href":"https:\/\/blogit.utu.fi\/vauhtiajavirikkeita\/wp-json\/wp\/v2\/types\/page"}],"author":[{"embeddable":true,"href":"https:\/\/blogit.utu.fi\/vauhtiajavirikkeita\/wp-json\/wp\/v2\/users\/5712"}],"replies":[{"embeddable":true,"href":"https:\/\/blogit.utu.fi\/vauhtiajavirikkeita\/wp-json\/wp\/v2\/comments?post=44"}],"version-history":[{"count":7,"href":"https:\/\/blogit.utu.fi\/vauhtiajavirikkeita\/wp-json\/wp\/v2\/pages\/44\/revisions"}],"predecessor-version":[{"id":606,"href":"https:\/\/blogit.utu.fi\/vauhtiajavirikkeita\/wp-json\/wp\/v2\/pages\/44\/revisions\/606"}],"wp:attachment":[{"href":"https:\/\/blogit.utu.fi\/vauhtiajavirikkeita\/wp-json\/wp\/v2\/media?parent=44"}],"curies":[{"name":"wp","href":"https:\/\/api.w.org\/{rel}","templated":true}]}}