{"id":2,"date":"2014-12-11T20:31:46","date_gmt":"2014-12-11T20:31:46","guid":{"rendered":"http:\/\/blogit.utu.fi\/vietnam\/?page_id=2"},"modified":"2015-04-22T19:01:41","modified_gmt":"2015-04-22T19:01:41","slug":"sample-page","status":"publish","type":"page","link":"https:\/\/blogit.utu.fi\/vietnam\/sample-page\/","title":{"rendered":"Ohjelma"},"content":{"rendered":"<p>Vietnamin sodan kulttuurihistorian seminaari j\u00e4rjestet\u00e4\u00e4n perjantaina 24. huhtikuuta 2015 klo 10-17 luentosalissa Pub3 (Publicum, Assistentinkatu 7, Turku).<\/p>\n<p><strong>Aikataulu<\/strong><\/p>\n<p>10.00 Tervetuliaissanat: Hannu Salmi ja Benita Heiskanen<\/p>\n<p>10.15-11.00 Rauli Virtanen: Journalistina Vietnamin sodassa<\/p>\n<p>11.00-11.30 Kimmo Ahonen: Ronald Reagan ja Hollywoodin Vietnamin sota<\/p>\n<p>11.30-12.00 Janne M\u00e4kel\u00e4: Vietnamin sota ja musiikki<\/p>\n<p>12.00-13.00 Lounastauko<\/p>\n<p>13.00-13.30 Lari Karreinen: Vietnamin sodan ekologiaa<\/p>\n<p>13.30-14.00 Luigi de Anna: Intellektuelli l\u00e4htee sotaan. Tiziano Terzani ja h\u00e4nen n\u00e4kemyksens\u00e4 Vietnamin sodasta<\/p>\n<p>14.00-14.30 Benita Heiskanen: Vietnamin sodan kulttuurinen muisti Yhdysvalloissa<\/p>\n<p>14.30-15.00 Kahvitauko<\/p>\n<p>15.00-16.00\u00a0 Paneelikeskustelu, Jussi Helminen, Hannu Reime &amp; Hannu Taanila, puheenjohtaja<\/p>\n<p>16.00-17.00 Elokuvaesitys: <em>V\u00f5 Nguy\u00ean Gi\u00e1p &#8211; \u0110\u1ea1i t\u01b0\u1edbng c\u1ee7a nh\u00e2n d\u00e2n<\/em> (V\u00f5 Nguy\u00ean Gi\u00e1p &#8211; The People&#8217;s General, 2013), Vietnamin television dokumentti, englanninkieliset tekstit<\/p>\n<p>&nbsp;<\/p>\n<p>Seminaarin j\u00e4rjest\u00e4v\u00e4t Turun yliopiston kulttuurihistorian oppiaine ja Pohjois-Amerikan tutkimuksen John Morton -keskus<\/p>\n","protected":false},"excerpt":{"rendered":"<p>Vietnamin sodan kulttuurihistorian seminaari j\u00e4rjestet\u00e4\u00e4n perjantaina 24. huhtikuuta 2015 klo 10-17 luentosalissa Pub3 (Publicum, Assistentinkatu 7, Turku). Aikataulu 10.00 Tervetuliaissanat: Hannu Salmi ja Benita Heiskanen 10.15-11.00 Rauli Virtanen: Journalistina Vietnamin sodassa 11.00-11.30 Kimmo Ahonen: Ronald Reagan ja Hollywoodin Vietnamin sota &hellip; <a href=\"https:\/\/blogit.utu.fi\/vietnam\/sample-page\/\">Lue loppuun <span class=\"meta-nav\">&rarr;<\/span><\/a><\/p>\n","protected":false},"author":29,"featured_media":0,"parent":0,"menu_order":0,"comment_status":"open","ping_status":"open","template":"","meta":{"footnotes":""},"class_list":["post-2","page","type-page","status-publish","hentry"],"_links":{"self":[{"href":"https:\/\/blogit.utu.fi\/vietnam\/wp-json\/wp\/v2\/pages\/2","targetHints":{"allow":["GET"]}}],"collection":[{"href":"https:\/\/blogit.utu.fi\/vietnam\/wp-json\/wp\/v2\/pages"}],"about":[{"href":"https:\/\/blogit.utu.fi\/vietnam\/wp-json\/wp\/v2\/types\/page"}],"author":[{"embeddable":true,"href":"https:\/\/blogit.utu.fi\/vietnam\/wp-json\/wp\/v2\/users\/29"}],"replies":[{"embeddable":true,"href":"https:\/\/blogit.utu.fi\/vietnam\/wp-json\/wp\/v2\/comments?post=2"}],"version-history":[{"count":12,"href":"https:\/\/blogit.utu.fi\/vietnam\/wp-json\/wp\/v2\/pages\/2\/revisions"}],"predecessor-version":[{"id":61,"href":"https:\/\/blogit.utu.fi\/vietnam\/wp-json\/wp\/v2\/pages\/2\/revisions\/61"}],"wp:attachment":[{"href":"https:\/\/blogit.utu.fi\/vietnam\/wp-json\/wp\/v2\/media?parent=2"}],"curies":[{"name":"wp","href":"https:\/\/api.w.org\/{rel}","templated":true}]}}