{"id":8,"date":"2014-12-11T20:48:39","date_gmt":"2014-12-11T20:48:39","guid":{"rendered":"http:\/\/blogit.utu.fi\/vietnam\/?page_id=8"},"modified":"2015-04-23T21:38:20","modified_gmt":"2015-04-23T21:38:20","slug":"opintosuoritus","status":"publish","type":"page","link":"https:\/\/blogit.utu.fi\/vietnam\/opintosuoritus\/","title":{"rendered":"Opintosuoritus"},"content":{"rendered":"<p>Seminaarin voi ottaa opintojen osaksi Turun yliopistossa 5 op:n laajuisena.<\/p>\n<p><strong>Korvaavuus<br \/>\n<\/strong><\/p>\n<ul>\n<li>kulttuurihistoria A4.10. Katastrofi, trauma ja v\u00e4kivalta, S5 Erikoistumisopinnot<\/li>\n<li>poliittinen historia A3.1.5 (Kansalaisyhteiskunta ja yksil\u00f6t kansainv\u00e4lisiss\u00e4 suhteissa), A4 (Ty\u00f6el\u00e4m\u00e4\u00e4n orientoituminen), A7 (Muut korvaavat opinnot)<\/li>\n<li>yleinen historia A3.6. Valta, politiikka ja rajat\/Globaalit j\u00e4rjestelm\u00e4t<\/li>\n<\/ul>\n<p><strong>Suoritus<\/strong><\/p>\n<p>Opintosuoritusta varten kirjoitetaan<\/p>\n<ul>\n<li>oppimisp\u00e4iv\u00e4kirja (8 sivua, Times New Roman 12p, riviv\u00e4li 1,5), jossa kommentoidaan seminaarin esitelmi\u00e4 ja hy\u00f6dynnet\u00e4\u00e4n blogisivuston aineistoa oman valinnan mukaan.<\/li>\n<\/ul>\n<p>ja tehd\u00e4\u00e4n lis\u00e4ksi<\/p>\n<ul>\n<li>essee (6 sivua, Times New Roman 12p, riviv\u00e4li 1,5), jossa k\u00e4ytet\u00e4\u00e4n aikalaisl\u00e4hteit\u00e4 (n\u00e4ytelm\u00e4elokuva, dokumenttielokuva, valokuvat, julisteet, taideteokset, musiikki, romaani tai muu aikalaisteksti). Essee hy\u00f6dynt\u00e4\u00e4 2-3 tutkimuksellista teksti\u00e4 (kirjallisuusluettelo alla)<\/li>\n<\/ul>\n<p><strong>Deadline<\/strong><\/p>\n<p>Oppimisp\u00e4iv\u00e4kirjat ja esseet palautetaan<strong> 15. toukokuuta 2015<\/strong> menness\u00e4 Hanne Koivistolle, hankoivi[at]utu.fi<\/p>\n<p><strong>Esseeteemoja (voit my\u00f6s itse muokata n\u00e4it\u00e4)<\/strong><\/p>\n<div id=\"dc_vk_code\">\n<p>Vietnamin sota ja kansainv\u00e4linen politiikka<\/p>\n<p>Reaktiot Vietnamin sotaan l\u00e4nness\u00e4 \u2013 radikalismin ja rauhan liikkeen n\u00e4k\u00f6kulma<\/p>\n<p>Vietnamin sota musiikissa, elokuvissa tai kirjallisuudessa. Valitse yksi n\u00e4k\u00f6kulma. Voit halutessasi keskitty\u00e4 my\u00f6s yhteen teokseen<\/p>\n<p>Vietnamin sodan muisto &#8211; sotilaiden kokemukset ja sopeutuminen sodanj\u00e4lkeiseen el\u00e4m\u00e4\u00e4n<\/p>\n<p>Vietnam sodan j\u00e4lkeen<\/p>\n<p>Vietnamin pakolaiset ja uusi el\u00e4m\u00e4<\/p>\n<p>&nbsp;<\/p>\n<p><strong>Kirjallisuutta ja aineistoja<\/strong>:<\/p>\n<p>&nbsp;<\/p>\n<p><span style=\"text-decoration: underline\">Vietnamin sota<\/span>:<\/p>\n<p><span style=\"text-decoration: underline\">El\u00e4v\u00e4 arkisto<\/span>:<\/p>\n<p>yle.fi\/elava.arkisto\/haku\/#aihe\/kriisialueet: <em>Saigon NL:n suurhy\u00f6kk\u00e4yksen j\u00e4lkeen<\/em>. Olavi Laine 1968, 13 min.<\/p>\n<p><em>Vietnam War Reader: a documentary history from American and Vietnamise perspectives\/<\/em> Michael Hunt. Chapel Hill. N.C. University of North Carolina Press 2010. elektroninen aineisto.<\/p>\n<p>Noam Chomsky: <em>Ideologia ja valta 2. Yhdysvallat ja muu maailma<\/em>\/ Like Pystykorvakirjat, 2002.<\/p>\n<p><em>Vietnam images: war and representation<\/em>\/ ed. by Jeffrey Walsh and James Aulich. Basinstoke Macmillan 1989.<\/p>\n<p><em>Vietnam at war<\/em>\/ Mark Phillip Bradley: Oxford, New York, Oxford University Press 2009. elektroninen aineisto.<\/p>\n<p>Kari Kallonen:<em>Sinivihre\u00e4t baretit: Suomalaiset sotilaat Vietnamin sodassa<\/em>. Revontuli, Tampere, 2996, 2007.<\/p>\n<p><em>1968 \u2013 vuosi joka vavahdutti maailmaa<\/em> \/ Mark Kulanski\/ Kirsi Kononen Like 2008.<\/p>\n<p>&nbsp;<\/p>\n<p><span style=\"text-decoration: underline\">Kirjeenvaihtajat Vietnamissa<\/span>:<\/p>\n<p>Susan Sontag: <em>Matka Hanoihin<\/em>. Karisto 1969.<\/p>\n<p>Rauli Virtanen \u2013 <em>Saigonista Bagdadiin: Nelj\u00e4 vuosikymment\u00e4 ulkomaankirjeenvaihtajana<\/em>. WSOY 2014.<\/p>\n<p>Michael Herr : <em>Dispatches<\/em> (kohteena sotakuvaajat Vietnamissa, mm. Tim Page) Knopf 1977.<\/p>\n<p>Wilfred Burchett: <em>N\u00e4in toimivat Vietnamin sissit<\/em>. Tammi 1972.<\/p>\n<p>Wilfred Burchett: <em>Toinen Indokiinan sota, Kambodsha<\/em>. Sadankomitealiitto &amp; Vietnamin solidaarisuusryhm\u00e4 1972.<\/p>\n<p>Wilfred Burchett: <em>At the Barricades. The Memours of a Rebel Journalist<\/em>. 1980.<\/p>\n<p>&nbsp;<\/p>\n<p><span style=\"text-decoration: underline\">Protestit sodan johdosta l\u00e4nness\u00e4<\/span>:<\/p>\n<p><em>Vietnam war in campus: other voices, more distant drums<\/em>\/ ed. Marcus Jason Gilberg. Westport. Conn.: Praeger 2001, elektroninen aineisto.<\/p>\n<p>Bjarne Nitovuori \u2013 <em>Barrikadimaisteri \u2013 Pentti J\u00e4rvinen ja 1960-luvun marssijat<\/em>. Intokustannus, 2013.<\/p>\n<p>Anita Nieminen: <em>Kansa taisteli. Ylioppilaslehti kertoo.<\/em> <em>Vietnamin sota Ylioppilaslehdess\u00e4<\/em>. Pro gradu, poliittinen historia, TY 1994. (netiss\u00e4 PDF)<\/p>\n<p>Kristina Hallman: <em>Sadankomitealainen rauhanliike Suomessa 1960-luvulla osana kansainv\u00e4list\u00e4 atomipasifismia ja vasemmistolaista opiskelijaradikalismia<\/em>. Pro gradu, poliittinen historia, TY, 1986.<\/p>\n<p>&nbsp;<\/p>\n<p><span style=\"text-decoration: underline\">Vietnamissa taistelleet sodan j\u00e4lkeen<\/span>:<\/p>\n<p><em>Soldier talk: The Vietnam war in oral narrative<\/em>. Ed. Paul Budra and Michael Zeitiin. 2004.<\/p>\n<p>Raya Morlig : <em>Defeated Masculinity: post traumatic cinema in the aftermath of war<\/em>. 2009.<\/p>\n<p>Raymond Monsour<em> : Vietnam trilogy: veterans and postraumatic stress, 1968, 1989, 2000<\/em>\/, Scurfield. New York: Algora Pub. 2004. eletroninen aineisto.<\/p>\n<p>Neborah Nelson<em> : War behind me: Vietnam veterans confront the truth about U.S. war crimes<\/em>., 2000.<\/p>\n<p>Anchor Doubleday: <em>Echoes of combat. Trauma, Memory and Vietnam War<\/em>. elektroninen aineisto.<\/p>\n<p>&nbsp;<\/p>\n<p><span style=\"text-decoration: underline\">Vietnamin sota musiikissa, kirjoissa, elokuvissa jne<\/span>.<\/p>\n<p><em>Vietnam war in American stories, songs, and poems<\/em> \/ ed. by H. Bruce Franklin 1996. Boston: St. Martin\u2019s Press. 1996.<\/p>\n<p>&nbsp;<\/p>\n<p><span style=\"text-decoration: underline\">Kaunokirjallisuutta<\/span>:<\/p>\n<p>Graham Greene \u2013 <em>Hiljainen amerikkalainen<\/em>.Tammi 1955 Romaani. (Kertoo Vietnamin aiemmista vaiheista)<\/p>\n<p>Richard Curray: <em>Musta Valo<\/em>. Tammi 1989.Romaani.<\/p>\n<p>Philip Caputo: <em>Pel\u00e4t\u00e4 ja tappaa<\/em>. Otavat 1978. Romaani.<\/p>\n<p>G\u00f6ran Sonnevi: <em>Valtameri<\/em>. Tammi 2006. Runoja.<\/p>\n<p>Paavo Rintala \u2013 <em>Romeo ja Julia H\u00e4r\u00e4nvuonna<\/em>. Otava 1974. Romaani<\/p>\n<p>Paavo Rintala \u2013 <em>Vietnamin kurjet<\/em>. Otaval 1970.Haastatteluraportti<\/p>\n<p>Aulikki Oksanen \u2013 <em>Maallisia lauluja. Laulutekstej\u00e4 vuosilta 1964-1974<\/em>. Kirjayhtym\u00e4 1974<\/p>\n<p>Pekka Parkkinen: <em>Kaupunki nimelt\u00e4 Lotto<\/em>. Weilin&amp; G\u00f6\u00f6s 1972. Runoja.<\/p>\n<p>&nbsp;<\/p>\n<p><span style=\"text-decoration: underline\">Elokuvia Vietnamin sodasta<\/span>:<\/p>\n<p>Michael Cimino: <em>Kauriinmets\u00e4st\u00e4j\u00e4<\/em> 1978<\/p>\n<p>Francis Ford Coppola: <em>Ilmestyskirja. <\/em><em>Nyt.<\/em> 1979.<\/p>\n<p>Stanley Kubrick <em>Full Metal Jacket<\/em> (1987)<\/p>\n<p>Oliver Stone: Vietnam-Trilogia: <em>Platoon \u2013 nuoret sotilaat<\/em> 1986 jne.<\/p>\n<p>&#8212;<\/p>\n<p>Janne Rosenqvist: <em>Amerikkalaisen populaarielokuvan Vietnamin sota<\/em>. Pro gradu, yleinen historia, TY 1996.<\/p>\n<p>&nbsp;<\/p>\n<p><span style=\"text-decoration: underline\">Musiikki<\/span>:<\/p>\n<p>Mc Clure Michael<em> : Vietnam Song<\/em> (visuaalinen aineisto). Cambridge ProQuest LLC, 2004.<\/p>\n<p>Buffy Sainte-Marie: \u201cThe Universal Soldier\u201d (1964), Donovanin levytys 1965<\/p>\n<p>Barry Sadler: \u201cThe Ballad of the Green Berets\u201d<\/p>\n<p>Country Joe and the Fish: \u201dI-Feel-Like-I\u2019m-Fixin\u2019-To-Die Rag\u201d 1967<\/p>\n<p>The Doors: \u201cThe Unknown Soldier\u201d 1968<\/p>\n<p>The Rolling Stones \u201cGimme Shelter 1969<\/p>\n<p>Creedence Clearwater Revival \u201cFortunate Son\u201d 1969<\/p>\n<p>Black Sabbath \u201cWar Pigs\u201d 1970<\/p>\n<p>Jimi Hendrix \u201cMachine Gun\u201d 1970<\/p>\n<p>Edwin Starr: \u201cWar\u201d 1970<\/p>\n<p>John Lennon \u201cHappy Xmas\u201d (War is Over) 1971.<\/p>\n<p>Bruce Springsteen \u201cBorn in the U.S.A\u201d 1985<\/p>\n<p>Public Enemy \u201cBlack Steel in the Hour of Chaos\u201d 1989<\/p>\n<p>Slayer \u201cMandatory Suicide\u201d 1990<\/p>\n<p>Sodom \u201cM-16\u201d, \u201cAgent Orange\u201d<\/p>\n<p><span style=\"text-decoration: underline\">\u00a0<\/span><\/p>\n<p><span style=\"text-decoration: underline\">Vietnamin pakolaiset <\/span>:<\/p>\n<p><em>Vietnamese<\/em> <em>immigrant youth and citizenship: how race, ethnicity, and culture shape sense of belonging<\/em>\/ Diem T. Nguyen. El Paso: LFB Scholarly Pub. 2012. elektroniset aineistot.<\/p>\n<p><em>Vietnamese in America 1,5 generation: stories of war, revolution, flight, and new beginning<\/em>\/ ed. by Suchenen Chang, witch contributions by students at the University of California. 2006. elektroniset aineistot.<\/p>\n<p>useita graduja vietnamilaisten sopeutumisesta Suomeen l\u00f6ytyy hakusanalla Vietnam<\/p>\n<p>&nbsp;<\/p>\n<p><span style=\"text-decoration: underline\">Vietnam-tietoutta<\/span>:<\/p>\n<p><em>Vietnam Reader<\/em>\/ Walter Capps 1991.<\/p>\n<p><em>Vietnam today: a guide to a nation at a cross roads<\/em>\/ Mark A Ashwill with Thai Ngoc Diep Garmouth, ME: Interculturla Press, 2005.<\/p>\n<p><em>Vietnam rising dragon<\/em>\/ Bill Hayton. New Haven (Conn.) London, Yale University Press, co 2010. elektroninen aineisto.<\/p>\n<p><em>Vietnam Rethinking the State<\/em>. \/Martin Gainsborough 2010. London: New York, Zed Books. elektroninen aineisto.<\/p>\n<p><em>\u00c4\u00e4ni\u00e4 Vietnamista<\/em>\/ Mai Thu C\u00e1n: Suom. Anna-Kaisa Kippola. K\u00e4\u00e4nt\u00f6piiri 1993.<\/p>\n<p>&nbsp;<\/p>\n<\/div>\n","protected":false},"excerpt":{"rendered":"<p>Seminaarin voi ottaa opintojen osaksi Turun yliopistossa 5 op:n laajuisena. Korvaavuus kulttuurihistoria A4.10. Katastrofi, trauma ja v\u00e4kivalta, S5 Erikoistumisopinnot poliittinen historia A3.1.5 (Kansalaisyhteiskunta ja yksil\u00f6t kansainv\u00e4lisiss\u00e4 suhteissa), A4 (Ty\u00f6el\u00e4m\u00e4\u00e4n orientoituminen), A7 (Muut korvaavat opinnot) yleinen historia A3.6. Valta, politiikka ja &hellip; <a href=\"https:\/\/blogit.utu.fi\/vietnam\/opintosuoritus\/\">Lue loppuun <span class=\"meta-nav\">&rarr;<\/span><\/a><\/p>\n","protected":false},"author":29,"featured_media":0,"parent":0,"menu_order":0,"comment_status":"open","ping_status":"open","template":"","meta":{"footnotes":""},"class_list":["post-8","page","type-page","status-publish","hentry"],"_links":{"self":[{"href":"https:\/\/blogit.utu.fi\/vietnam\/wp-json\/wp\/v2\/pages\/8","targetHints":{"allow":["GET"]}}],"collection":[{"href":"https:\/\/blogit.utu.fi\/vietnam\/wp-json\/wp\/v2\/pages"}],"about":[{"href":"https:\/\/blogit.utu.fi\/vietnam\/wp-json\/wp\/v2\/types\/page"}],"author":[{"embeddable":true,"href":"https:\/\/blogit.utu.fi\/vietnam\/wp-json\/wp\/v2\/users\/29"}],"replies":[{"embeddable":true,"href":"https:\/\/blogit.utu.fi\/vietnam\/wp-json\/wp\/v2\/comments?post=8"}],"version-history":[{"count":11,"href":"https:\/\/blogit.utu.fi\/vietnam\/wp-json\/wp\/v2\/pages\/8\/revisions"}],"predecessor-version":[{"id":62,"href":"https:\/\/blogit.utu.fi\/vietnam\/wp-json\/wp\/v2\/pages\/8\/revisions\/62"}],"wp:attachment":[{"href":"https:\/\/blogit.utu.fi\/vietnam\/wp-json\/wp\/v2\/media?parent=8"}],"curies":[{"name":"wp","href":"https:\/\/api.w.org\/{rel}","templated":true}]}}