{"id":486,"date":"2020-03-12T09:29:37","date_gmt":"2020-03-12T07:29:37","guid":{"rendered":"https:\/\/blogit.utu.fi\/wooden\/?page_id=486"},"modified":"2021-01-05T12:09:58","modified_gmt":"2021-01-05T10:09:58","slug":"publications","status":"publish","type":"page","link":"https:\/\/blogit.utu.fi\/wooden\/publications\/","title":{"rendered":"Publications"},"content":{"rendered":"\n<p><strong>2020<\/strong><\/p>\n\n\n\n<p>Immonen, Visa 2020. Aikaa kest\u00e4v\u00e4\u00e4 toimivuutta \u2013 Suomen vanhin vakka. <em>Laitilan Sanomat<\/em> 13.10.2020. <a href=\"https:\/\/www.laitilansanomat.fi\/2020\/10\/aikaa-kestavaa-toimivuutta-suomen-vanhin-vakka-loytyy-laitilasta\/\">https:\/\/www.laitilansanomat.fi\/2020\/10\/aikaa-kestavaa-toimivuutta-suomen-vanhin-vakka-loytyy-laitilasta\/<\/a><\/p>\n\n\n\n<p>Immonen, Visa; Harjula, Janne; Lempi\u00e4inen-Avci, Mia; Leskel\u00e4, Ilkka; R\u00e4s\u00e4nen, Elina &amp; Vuola, Katri 2020. The life of wood in North-Eastern Europe in AD 1100\u20131600. <em>Antiquity <\/em>94(378): E35. <a href=\"http:\/\/dx.doi.org\/10.15184\/aqy.2020.209\">http:\/\/dx.doi.org\/10.15184\/aqy.2020.209<\/a><\/p>\n\n\n\n<p>R\u00e4s\u00e4nen, Elina 2020. Plunder and Memento: Iconoclashes on the Itinerary of the Medieval Altarpiece of Rauma. In Krista Kodres, Merike Kurisoo &amp; Ulrike N\u00fcrnberger (eds.), <em>Indifferent Things? Material and Ceremonial Church Practices in the 16th and 17th Centuries in the Baltic Sea Region. <\/em>(Edition Mare Balticum 3). Michael Imhof Verlag, Petersberg, 81\u201391.<\/p>\n\n\n\n<p>Vuola, Katri &amp; Immonen, Visa 2020. Radiohiiliajoituksen mahdollisuuksia ja ongelmia keskiaikaisten puuveistosten ajoituksessa: Esimerkkein\u00e4 Raision krusifiksi ja Jurmon esine. <em>Tahiti <\/em>10(2\u20133): 20\u201331. <a href=\"https:\/\/tahiti.journal.fi\/article\/view\/100179\">https:\/\/tahiti.journal.fi\/article\/view\/100179<\/a><\/p>\n\n\n\n<p><strong>2019<\/strong><\/p>\n\n\n\n<p>Vuola, Katri 2019. Wood Species and the Question of Origin: Reassessing the Sculpture production in the Diocese of Turku (\u00c5bo) during the 14th Century. <em>Baltic Journal of Art History<\/em> 18: 75-104.<\/p>\n","protected":false},"excerpt":{"rendered":"<p>2020 Immonen, Visa 2020. Aikaa kest\u00e4v\u00e4\u00e4 toimivuutta \u2013 Suomen vanhin vakka. Laitilan Sanomat 13.10.2020. https:\/\/www.laitilansanomat.fi\/2020\/10\/aikaa-kestavaa-toimivuutta-suomen-vanhin-vakka-loytyy-laitilasta\/ Immonen, Visa; Harjula, Janne; Lempi\u00e4inen-Avci, Mia; Leskel\u00e4, Ilkka; R\u00e4s\u00e4nen, Elina &amp; Vuola, Katri 2020. The life of wood in North-Eastern Europe in AD 1100\u20131600. Antiquity 94(378): E35. http:\/\/dx.doi.org\/10.15184\/aqy.2020.209 R\u00e4s\u00e4nen, Elina 2020. Plunder and Memento: Iconoclashes<\/p>\n","protected":false},"author":5284,"featured_media":0,"parent":0,"menu_order":0,"comment_status":"closed","ping_status":"closed","template":"","meta":{"footnotes":""},"class_list":["post-486","page","type-page","status-publish","hentry","comments-off"],"_links":{"self":[{"href":"https:\/\/blogit.utu.fi\/wooden\/wp-json\/wp\/v2\/pages\/486","targetHints":{"allow":["GET"]}}],"collection":[{"href":"https:\/\/blogit.utu.fi\/wooden\/wp-json\/wp\/v2\/pages"}],"about":[{"href":"https:\/\/blogit.utu.fi\/wooden\/wp-json\/wp\/v2\/types\/page"}],"author":[{"embeddable":true,"href":"https:\/\/blogit.utu.fi\/wooden\/wp-json\/wp\/v2\/users\/5284"}],"replies":[{"embeddable":true,"href":"https:\/\/blogit.utu.fi\/wooden\/wp-json\/wp\/v2\/comments?post=486"}],"version-history":[{"count":5,"href":"https:\/\/blogit.utu.fi\/wooden\/wp-json\/wp\/v2\/pages\/486\/revisions"}],"predecessor-version":[{"id":654,"href":"https:\/\/blogit.utu.fi\/wooden\/wp-json\/wp\/v2\/pages\/486\/revisions\/654"}],"wp:attachment":[{"href":"https:\/\/blogit.utu.fi\/wooden\/wp-json\/wp\/v2\/media?parent=486"}],"curies":[{"name":"wp","href":"https:\/\/api.w.org\/{rel}","templated":true}]}}