{"id":498,"date":"2020-03-12T09:40:45","date_gmt":"2020-03-12T07:40:45","guid":{"rendered":"https:\/\/blogit.utu.fi\/wooden\/?page_id=498"},"modified":"2020-03-12T11:45:50","modified_gmt":"2020-03-12T09:45:50","slug":"presentations","status":"publish","type":"page","link":"https:\/\/blogit.utu.fi\/wooden\/presentations\/","title":{"rendered":"Presentations and activities"},"content":{"rendered":"\n<p><strong>2020<\/strong><\/p>\n\n\n\n<p>R\u00e4s\u00e4nen, Elina 2020. Hanna Artmanin haastateltavana\u00a0<em>Taiteilijael\u00e4m\u00e4\u00e4<\/em>-radio-ohjelmassa. L\u00e4hiradio 100,3MZh, 12.3., 15.3. ja 16.3.2020.<\/p>\n\n\n\n<p>Vuola, Katri &amp; Paulus, Jaana: <em>Keskiaikaisten krusifiksien kerrostuneet merkitykset ja uudistamisen uhat.<\/em> Kenen kirkko -seminaari. Kansallismuseo, Helsinki, 5.\u20136.3.2020. <a href=\"https:\/\/www.youtube.com\/watch?v=y0a_3X1haSg&amp;list=PL_OuX3gTiSNnGWQjPl8klZTOyAReb8qex&amp;index=4\">https:\/\/www.youtube.com\/watch?v=y0a_3X1haSg&amp;list=PL_OuX3gTiSNnGWQjPl8klZTOyAReb8qex&amp;index=4<\/a><\/p>\n\n\n\n<p>R\u00e4s\u00e4nen, Elina &amp; Leskinen, Saila: <em>Maria ja seitsem\u00e4n apostolia \u2014 Siuntion kirkon veistosten uusi tuleminen. <\/em>Kansallismuseo, Helsinki, 5.\u20136.3.2020. <a href=\"https:\/\/www.youtube.com\/watch?v=y0a_3X1haSg&amp;list=PL_OuX3gTiSNnGWQjPl8klZTOyAReb8qex&amp;index=4\">https:\/\/www.youtube.com\/watch?v=y0a_3X1haSg&amp;list=PL_OuX3gTiSNnGWQjPl8klZTOyAReb8qex&amp;index=4<\/a><\/p>\n\n\n\n<p>Invited: R\u00e4s\u00e4nen, Elina 2020. <em>Motherly love. Imagery of the relationship of the Virgin and her mother Anne in Medieval Finland<\/em>, Niguliste Muuseum, Tallinn, 16.1.2020.<\/p>\n\n\n\n<p><strong>2019<\/strong><\/p>\n\n\n\n<p>Immonen, Visa 2019. <em>Hyv\u00e4\u00e4 puuta? Keskiajan puunk\u00e4yt\u00f6n tutkimuksen uusia n\u00e4k\u00f6aloja. <\/em>TUCEMEMS:n kuukausiesitelm\u00e4. Turun yliopisto, Turku 28.11.2019.<\/p>\n\n\n\n<p>Invited: Immonen, Visa 2019. <em>Carving Out Transformations \u2013 Wood Use in North-Eastern Europe, 1100\u20131600. <\/em>Forskarseminarier i historisk arkeologi h\u00f6stterminen 2019, Lund universitet, Lund 11.11.2019.<\/p>\n\n\n\n<p>Immonen, Visa 2019. <em>Puun k\u00e4ytt\u00f6 Koillis-Euroopassa 1100\u20131600. <\/em>Luentotilaisuuden organisointi ja ensimm\u00e4inen puheenvuoro. Raision kirkko, Raisio, 5.6.2019.<\/p>\n\n\n\n<p>Invited: R\u00e4s\u00e4nen, Elina 2019. <em>Museoviraston\nkokoelmat taidehistorian tutkimuksen kohteena<\/em>, Museoviraston kokoelmat ja\nyliopistojen tutkimustavoitteet, Museovirasto, Helsinki 17.9.2019.<\/p>\n","protected":false},"excerpt":{"rendered":"<p>2020 R\u00e4s\u00e4nen, Elina 2020. Hanna Artmanin haastateltavana\u00a0Taiteilijael\u00e4m\u00e4\u00e4-radio-ohjelmassa. L\u00e4hiradio 100,3MZh, 12.3., 15.3. ja 16.3.2020. Vuola, Katri &amp; Paulus, Jaana: Keskiaikaisten krusifiksien kerrostuneet merkitykset ja uudistamisen uhat. Kenen kirkko -seminaari. Kansallismuseo, Helsinki, 5.\u20136.3.2020. https:\/\/www.youtube.com\/watch?v=y0a_3X1haSg&amp;list=PL_OuX3gTiSNnGWQjPl8klZTOyAReb8qex&amp;index=4 R\u00e4s\u00e4nen, Elina &amp; Leskinen, Saila: Maria ja seitsem\u00e4n apostolia \u2014 Siuntion kirkon veistosten uusi tuleminen. Kansallismuseo, Helsinki, 5.\u20136.3.2020.<\/p>\n","protected":false},"author":5284,"featured_media":0,"parent":0,"menu_order":0,"comment_status":"closed","ping_status":"closed","template":"","meta":{"footnotes":""},"class_list":["post-498","page","type-page","status-publish","hentry","comments-off"],"_links":{"self":[{"href":"https:\/\/blogit.utu.fi\/wooden\/wp-json\/wp\/v2\/pages\/498","targetHints":{"allow":["GET"]}}],"collection":[{"href":"https:\/\/blogit.utu.fi\/wooden\/wp-json\/wp\/v2\/pages"}],"about":[{"href":"https:\/\/blogit.utu.fi\/wooden\/wp-json\/wp\/v2\/types\/page"}],"author":[{"embeddable":true,"href":"https:\/\/blogit.utu.fi\/wooden\/wp-json\/wp\/v2\/users\/5284"}],"replies":[{"embeddable":true,"href":"https:\/\/blogit.utu.fi\/wooden\/wp-json\/wp\/v2\/comments?post=498"}],"version-history":[{"count":3,"href":"https:\/\/blogit.utu.fi\/wooden\/wp-json\/wp\/v2\/pages\/498\/revisions"}],"predecessor-version":[{"id":507,"href":"https:\/\/blogit.utu.fi\/wooden\/wp-json\/wp\/v2\/pages\/498\/revisions\/507"}],"wp:attachment":[{"href":"https:\/\/blogit.utu.fi\/wooden\/wp-json\/wp\/v2\/media?parent=498"}],"curies":[{"name":"wp","href":"https:\/\/api.w.org\/{rel}","templated":true}]}}