{"id":31,"date":"2016-10-10T14:42:51","date_gmt":"2016-10-10T14:42:51","guid":{"rendered":"https:\/\/blogit.utu.fi\/ykskoulu\/?page_id=31"},"modified":"2016-10-14T07:37:45","modified_gmt":"2016-10-14T07:37:45","slug":"koulutustarveselvitys-lyhyesti","status":"publish","type":"page","link":"https:\/\/blogit.utu.fi\/ykskoulu\/koulutustarveselvitys-lyhyesti\/","title":{"rendered":"Koulutustarveselvitys lyhyesti"},"content":{"rendered":"<p>Yhdyskuntasuunnittelun koulutustarveselvitys on 1.9.2016 k\u00e4ynnistynyt hanke, jossa kysyt\u00e4\u00e4n mm. kaupunkien kaavoitustoimen henkil\u00f6ilt\u00e4, millaisia valmiuksia tulevaisuuden yhdyskuntasuunnittelijoilta edellytet\u00e4\u00e4n. Selvitys valmistuu vuoden 2016 aikana.<\/p>\n<p>Hankkeen l\u00e4ht\u00f6kohtana on yhdyskuntasuunnittelun koulutusta kohdannut murros monen asian muuttuessa samanaikaisesti. Suunnittelijoiden tulevaan ty\u00f6nkuvaan vaikuttavat mm. kuntarakenteen uudistuminen, muuttuva lains\u00e4\u00e4d\u00e4nt\u00f6 ja uusi teknologia sek\u00e4 monet muut seikat. Yliopistot yritt\u00e4v\u00e4t osittain vastata tarpeeseen kehitt\u00e4m\u00e4ll\u00e4 uudenlaisia koulutusyhdistelmi\u00e4 ja maisteriohjelmia. T\u00e4t\u00e4 ne tekev\u00e4t niukkenevien voimavarojen tilanteessa ja osaksi toisistaan riippumatta.<\/p>\n<p>Yhdyskuntasuunnittelun tarpeet ja muutospaineet tunnetaan kunnissa luultavasti varsin hyvin, mutta kattavaa koontia asiasta ei ole tehty koulutuksen n\u00e4k\u00f6kulmasta. T\u00e4ss\u00e4 tilanteessa on perusteltua selvitt\u00e4\u00e4 kuntakent\u00e4n n\u00e4kemyksi\u00e4. Menetelmin\u00e4 sovelletaan puolistrukturoituja haastatteluja ja kyselylomaketta verkossa. Hanke ei ota kantaa koulutuksen kehitt\u00e4miseen vaan tuottaa sen pohjaksi uutta tietoa.<\/p>\n<p>Hankkeen rahoittajat ovat Espoo, Helsinki, Joensuu, Jyv\u00e4skyl\u00e4, Oulu, Tampere ja Turku. Selvitys tehd\u00e4\u00e4n Turun yliopiston Sosiaalitieteiden laitoksella. Selvityksen johtajana toimii tutkimusjohtaja Sampo Ruoppila ja tekij\u00e4n\u00e4 erikoistutkija Markku Norvasuo.<\/p>\n","protected":false},"excerpt":{"rendered":"<p>Yhdyskuntasuunnittelun koulutustarveselvitys on 1.9.2016 k\u00e4ynnistynyt hanke, jossa kysyt\u00e4\u00e4n mm. kaupunkien kaavoitustoimen henkil\u00f6ilt\u00e4, millaisia valmiuksia tulevaisuuden yhdyskuntasuunnittelijoilta edellytet\u00e4\u00e4n. Selvitys valmistuu vuoden 2016 aikana. Hankkeen l\u00e4ht\u00f6kohtana on yhdyskuntasuunnittelun koulutusta kohdannut murros monen asian muuttuessa samanaikaisesti. Suunnittelijoiden tulevaan ty\u00f6nkuvaan vaikuttavat mm. kuntarakenteen uudistuminen, muuttuva lains\u00e4\u00e4d\u00e4nt\u00f6 ja uusi teknologia sek\u00e4 monet muut seikat. Yliopistot yritt\u00e4v\u00e4t osittain vastata tarpeeseen kehitt\u00e4m\u00e4ll\u00e4 &hellip; <a href=\"https:\/\/blogit.utu.fi\/ykskoulu\/koulutustarveselvitys-lyhyesti\/\" class=\"more-link\">Jatka artikkeliin <span class=\"screen-reader-text\">Koulutustarveselvitys lyhyesti<\/span><\/a><\/p>\n","protected":false},"author":1590,"featured_media":0,"parent":0,"menu_order":0,"comment_status":"closed","ping_status":"closed","template":"","meta":{"footnotes":""},"class_list":["post-31","page","type-page","status-publish","hentry"],"_links":{"self":[{"href":"https:\/\/blogit.utu.fi\/ykskoulu\/wp-json\/wp\/v2\/pages\/31","targetHints":{"allow":["GET"]}}],"collection":[{"href":"https:\/\/blogit.utu.fi\/ykskoulu\/wp-json\/wp\/v2\/pages"}],"about":[{"href":"https:\/\/blogit.utu.fi\/ykskoulu\/wp-json\/wp\/v2\/types\/page"}],"author":[{"embeddable":true,"href":"https:\/\/blogit.utu.fi\/ykskoulu\/wp-json\/wp\/v2\/users\/1590"}],"replies":[{"embeddable":true,"href":"https:\/\/blogit.utu.fi\/ykskoulu\/wp-json\/wp\/v2\/comments?post=31"}],"version-history":[{"count":2,"href":"https:\/\/blogit.utu.fi\/ykskoulu\/wp-json\/wp\/v2\/pages\/31\/revisions"}],"predecessor-version":[{"id":55,"href":"https:\/\/blogit.utu.fi\/ykskoulu\/wp-json\/wp\/v2\/pages\/31\/revisions\/55"}],"wp:attachment":[{"href":"https:\/\/blogit.utu.fi\/ykskoulu\/wp-json\/wp\/v2\/media?parent=31"}],"curies":[{"name":"wp","href":"https:\/\/api.w.org\/{rel}","templated":true}]}}