{"id":64,"date":"2016-10-14T07:39:41","date_gmt":"2016-10-14T07:39:41","guid":{"rendered":"https:\/\/blogit.utu.fi\/ykskoulu\/?page_id=64"},"modified":"2016-10-14T07:43:25","modified_gmt":"2016-10-14T07:43:25","slug":"menetelmat-ja-tulokset","status":"publish","type":"page","link":"https:\/\/blogit.utu.fi\/ykskoulu\/menetelmat-ja-tulokset\/","title":{"rendered":"Kuinka hanke tehd\u00e4\u00e4n"},"content":{"rendered":"<p>Koulutustarveselvitys kartoittaa ensisijaisesti kuntien n\u00e4kemyksi\u00e4 soveltamalla puolistrukturoituja eli nk. teemahaastatteluja. Tutkimusmateriaalissa ei oteta huomioon esimerkiksi ammattij\u00e4rjest\u00f6jen tai koulutusta antavien tahojen n\u00e4kemyksi\u00e4. Suurin osa haastateltavista edustaa siis kuntia. Lis\u00e4ksi mukaan otetaan edustajia konsulttitoimistoista sek\u00e4 maakunta- ja kuntayhtym\u00e4tasolta. Yhteens\u00e4 haastateltavia on 20 &#8211; 25. Tarkoitus on my\u00f6s t\u00e4ydent\u00e4\u00e4 haastattelua verkkokyselyll\u00e4, jonka toteutustapa ja -ajankohta on toistaiseksi avoin.<\/p>\n<p>Haastatteluilla pyrit\u00e4\u00e4n kattamaan suunnittelutarpeiden ja -tilanteiden monimuotoisuus. Mukana on suurimpien kaupunkien lis\u00e4ksi pienempi\u00e4 kuntia niin, ett\u00e4 katetaan useita maantieteellisi\u00e4 alueita ja my\u00f6s erilaisia taajamarakenteita. Tilanne on erilainen niiss\u00e4 kunnissa, jotka ovat maaseutumaisen rakenteen ymp\u00e4r\u00f6imi\u00e4, kuin niiss\u00e4, jotka ovat suurempien kaupunkien lievealueilla. My\u00f6s kasvavien ja kutistuvien alueiden haasteet ovat erilaisia. Konsulttitoimistoja haastatellaan, koska kunnat ovat niiden merkitt\u00e4vi\u00e4 toimeksiantajia.<\/p>\n<p>Haastattelumateriaalin pohjalta laaditaan yhteenvetoraportti, jossa tarkastellaan yhdyskuntasuunnittelun teht\u00e4v\u00e4kentt\u00e4\u00e4, osaamistarpeiden kehittymist\u00e4 ja koulutuksen sis\u00e4lt\u00f6kysymyksi\u00e4. Vertailumieless\u00e4 k\u00e4sitell\u00e4\u00e4n my\u00f6s aihepiiriin liittyvi\u00e4 selvityksi\u00e4 ja kannanottoja. Tulokset n\u00e4kem\u00e4\u00e4n kaavoittajan ty\u00f6n monitahoisuuden ja tarjoaa l\u00e4ht\u00f6kohtia koulutuksen kehitt\u00e4miselle. Kunnat puolestaan voivat hy\u00f6dynt\u00e4\u00e4 selvityst\u00e4 oman kaavoitustoimensa kehitt\u00e4misess\u00e4.<\/p>\n","protected":false},"excerpt":{"rendered":"<p>Koulutustarveselvitys kartoittaa ensisijaisesti kuntien n\u00e4kemyksi\u00e4 soveltamalla puolistrukturoituja eli nk. teemahaastatteluja. Tutkimusmateriaalissa ei oteta huomioon esimerkiksi ammattij\u00e4rjest\u00f6jen tai koulutusta antavien tahojen n\u00e4kemyksi\u00e4. Suurin osa haastateltavista edustaa siis kuntia. Lis\u00e4ksi mukaan otetaan edustajia konsulttitoimistoista sek\u00e4 maakunta- ja kuntayhtym\u00e4tasolta. Yhteens\u00e4 haastateltavia on 20 &#8211; 25. Tarkoitus on my\u00f6s t\u00e4ydent\u00e4\u00e4 haastattelua verkkokyselyll\u00e4, jonka toteutustapa ja -ajankohta on toistaiseksi avoin. &hellip; <a href=\"https:\/\/blogit.utu.fi\/ykskoulu\/menetelmat-ja-tulokset\/\" class=\"more-link\">Jatka artikkeliin <span class=\"screen-reader-text\">Kuinka hanke tehd\u00e4\u00e4n<\/span><\/a><\/p>\n","protected":false},"author":1590,"featured_media":0,"parent":0,"menu_order":0,"comment_status":"closed","ping_status":"closed","template":"","meta":{"footnotes":""},"class_list":["post-64","page","type-page","status-publish","hentry"],"_links":{"self":[{"href":"https:\/\/blogit.utu.fi\/ykskoulu\/wp-json\/wp\/v2\/pages\/64","targetHints":{"allow":["GET"]}}],"collection":[{"href":"https:\/\/blogit.utu.fi\/ykskoulu\/wp-json\/wp\/v2\/pages"}],"about":[{"href":"https:\/\/blogit.utu.fi\/ykskoulu\/wp-json\/wp\/v2\/types\/page"}],"author":[{"embeddable":true,"href":"https:\/\/blogit.utu.fi\/ykskoulu\/wp-json\/wp\/v2\/users\/1590"}],"replies":[{"embeddable":true,"href":"https:\/\/blogit.utu.fi\/ykskoulu\/wp-json\/wp\/v2\/comments?post=64"}],"version-history":[{"count":3,"href":"https:\/\/blogit.utu.fi\/ykskoulu\/wp-json\/wp\/v2\/pages\/64\/revisions"}],"predecessor-version":[{"id":91,"href":"https:\/\/blogit.utu.fi\/ykskoulu\/wp-json\/wp\/v2\/pages\/64\/revisions\/91"}],"wp:attachment":[{"href":"https:\/\/blogit.utu.fi\/ykskoulu\/wp-json\/wp\/v2\/media?parent=64"}],"curies":[{"name":"wp","href":"https:\/\/api.w.org\/{rel}","templated":true}]}}