{"id":73,"date":"2016-10-14T07:40:37","date_gmt":"2016-10-14T07:40:37","guid":{"rendered":"https:\/\/blogit.utu.fi\/ykskoulu\/?page_id=73"},"modified":"2016-10-14T15:11:26","modified_gmt":"2016-10-14T15:11:26","slug":"yhteystiedot","status":"publish","type":"page","link":"https:\/\/blogit.utu.fi\/ykskoulu\/yhteystiedot\/","title":{"rendered":"Yhteystiedot"},"content":{"rendered":"<p>Erikoistutkija Markku Norvasuo<br \/>\np. 050 512 4593<br \/>\nS\u00e4hk\u00f6postitse minut tavoittaa parhaiten TTY:n osoitteestani, joka on muotoa etunimi.sukunimi (at) tut.fi<br \/>\nTviittaan hankkeen tapahtumista Twitter-tilill\u00e4ni @norvasum<\/p>\n<p>Hankkeen johtajana toimii tutkimusjohtaja (Turun kaupunkitutkimusohjelma), VTT Sampo Ruoppila, sosiaalitieteiden laitos. Ohjausryhm\u00e4ss\u00e4 ovat lis\u00e4ksi kaupunkien edustajana yleiskaavap\u00e4\u00e4llikk\u00f6 Paula Paajanen (Oulun kaupunki) sek\u00e4 asiantuntijaj\u00e4senen\u00e4 erikoistutkija, TkT, VTM Sari Puustinen.<\/p>\n","protected":false},"excerpt":{"rendered":"<p>Erikoistutkija Markku Norvasuo p. 050 512 4593 S\u00e4hk\u00f6postitse minut tavoittaa parhaiten TTY:n osoitteestani, joka on muotoa etunimi.sukunimi (at) tut.fi Tviittaan hankkeen tapahtumista Twitter-tilill\u00e4ni @norvasum Hankkeen johtajana toimii tutkimusjohtaja (Turun kaupunkitutkimusohjelma), VTT Sampo Ruoppila, sosiaalitieteiden laitos. Ohjausryhm\u00e4ss\u00e4 ovat lis\u00e4ksi kaupunkien edustajana yleiskaavap\u00e4\u00e4llikk\u00f6 Paula Paajanen (Oulun kaupunki) sek\u00e4 asiantuntijaj\u00e4senen\u00e4 erikoistutkija, TkT, VTM Sari Puustinen.<\/p>\n","protected":false},"author":1590,"featured_media":0,"parent":0,"menu_order":0,"comment_status":"closed","ping_status":"closed","template":"","meta":{"footnotes":""},"class_list":["post-73","page","type-page","status-publish","hentry"],"_links":{"self":[{"href":"https:\/\/blogit.utu.fi\/ykskoulu\/wp-json\/wp\/v2\/pages\/73","targetHints":{"allow":["GET"]}}],"collection":[{"href":"https:\/\/blogit.utu.fi\/ykskoulu\/wp-json\/wp\/v2\/pages"}],"about":[{"href":"https:\/\/blogit.utu.fi\/ykskoulu\/wp-json\/wp\/v2\/types\/page"}],"author":[{"embeddable":true,"href":"https:\/\/blogit.utu.fi\/ykskoulu\/wp-json\/wp\/v2\/users\/1590"}],"replies":[{"embeddable":true,"href":"https:\/\/blogit.utu.fi\/ykskoulu\/wp-json\/wp\/v2\/comments?post=73"}],"version-history":[{"count":3,"href":"https:\/\/blogit.utu.fi\/ykskoulu\/wp-json\/wp\/v2\/pages\/73\/revisions"}],"predecessor-version":[{"id":103,"href":"https:\/\/blogit.utu.fi\/ykskoulu\/wp-json\/wp\/v2\/pages\/73\/revisions\/103"}],"wp:attachment":[{"href":"https:\/\/blogit.utu.fi\/ykskoulu\/wp-json\/wp\/v2\/media?parent=73"}],"curies":[{"name":"wp","href":"https:\/\/api.w.org\/{rel}","templated":true}]}}