{"id":24,"date":"2020-11-04T09:56:31","date_gmt":"2020-11-04T09:56:31","guid":{"rendered":"https:\/\/blogit.utu.fi\/yleinenkirjallisuustiede\/?page_id=24"},"modified":"2020-11-04T20:51:16","modified_gmt":"2020-11-04T20:51:16","slug":"oppiaine","status":"publish","type":"page","link":"https:\/\/blogit.utu.fi\/yleinenkirjallisuustiede\/oppiaine\/","title":{"rendered":"Oppiaine"},"content":{"rendered":"\n<p><em>Yleisess\u00e4 kirjallisuustieteess\u00e4 pyrit\u00e4\u00e4n teoreettisen ja historiallisen tiedon avulla ymm\u00e4rt\u00e4m\u00e4\u00e4n ja tulkitsemaan kirjallisuuden ominaispiirteit\u00e4, merkityksi\u00e4 ja yhteiskunnallisia edellytyksi\u00e4. Opinnot avaavat n\u00e4k\u00f6alaa eri kulttuuripiirien tuntemukseen ja antavat valmiuksia aikamme kulttuuristen ilmi\u00f6iden analyyttiseen ja kriittiseen tarkasteluun.<\/em><\/p>\n\n\n\n<p>Yleinen kirjallisuustiede on itsen\u00e4isen\u00e4 oppiaineena Suomessa ainoastaan Turun ja Helsingin yliopistoissa. Oppiaine kattaa maailmankirjallisuuden moninaisen kirjon, vaikka k\u00e4yt\u00e4nn\u00f6ss\u00e4 painopiste on l\u00e4nsimaisessa kirjallisuudessa. Oppiaineen englanninkielinen nimi Comparative Literature korostaa eri kirjallisuuksien v\u00e4lisi\u00e4 yhteyksi\u00e4. Opetuksessa ja tutkimuksessa vertaillaan eri maiden ja kulttuurien kirjallisuuksia sek\u00e4 kirjallisuuden suhdetta historiaan, filosofiaan, muihin taiteisiin ja yhteiskunnallisiin ilmi\u00f6ihin. My\u00f6s tutkimuskohteet ja teoreettiset n\u00e4k\u00f6kulmat ylitt\u00e4v\u00e4t eri kulttuuritraditioita.<\/p>\n\n\n\n<p>Yleisen kirjallisuustieteen opetuksessa ja tutkimuksessa pureudutaan teoreettisen ajattelun, historiallisen ymm\u00e4rryksen ja tekstianalyyttisten taitojen avulla kirjallisuuden toimintatapoihin sek\u00e4 sen ilment\u00e4miin historiallisen, kulttuurisen ja yhteiskunnallisen kokemuksen muotoihin. Tavoitteena on kyky analysoida eri tekstilajeja tarkasti ja kriittisesti sek\u00e4 monipuolinen maailmankirjallisuuden historian ja erilaisten teoreettisten l\u00e4hestymistapojen tuntemus.<\/p>\n\n\n\n<p>Oppiaineen tutkimusprofiili on laaja sek\u00e4 teoreettisten kysymyksenasettelujen suhteen ett\u00e4 maantieteellisesti ja ajallisesti. Tutkimusaiheet ulottuvat 1600-luvulta nykyp\u00e4iv\u00e4\u00e4n ja eurooppalaisista kirjallisuuksista Yhdysvaltain, Karibian alueen ja Etel\u00e4-Amerikan kirjallisuuteen. Teoreettisia suuntautumistapoja yhdist\u00e4\u00e4 kontekstualisoiva tarkastelutapa: kirjallisuus n\u00e4hd\u00e4\u00e4n yhteiskunnassa ja kulttuurissa toimivana, ihmisen kulloistakin historiallisesti m\u00e4\u00e4rittynytt\u00e4 olemista ilment\u00e4v\u00e4n\u00e4 mutta my\u00f6s siihen kantaa ottavana ja sit\u00e4 problematisoivana.<\/p>\n\n\n\n<p>Oppiaineen tavoitteena on kouluttaa kriittisi\u00e4, laajasti kirjallisuuden kysymyksiin perehtyneit\u00e4 asiantuntijoita, joilla on valmiudet toimia opetuksen, tutkimuksen ja kulttuuriel\u00e4m\u00e4n moninaisilla kentill\u00e4.<\/p>\n\n\n\n<p>Lis\u00e4\u00e4 yleisest\u00e4 kirjallisuustieteest\u00e4 <a href=\"https:\/\/www.utu.fi\/fi\/yliopisto\/humanistinen-tiedekunta\/yleinen-kirjallisuustiede\" target=\"_blank\" rel=\"noreferrer noopener\">Turun yliopiston nettisivuilla<\/a>.<\/p>\n","protected":false},"excerpt":{"rendered":"<p>Yleisess\u00e4 kirjallisuustieteess\u00e4 pyrit\u00e4\u00e4n teoreettisen ja historiallisen tiedon avulla ymm\u00e4rt\u00e4m\u00e4\u00e4n ja tulkitsemaan kirjallisuuden ominaispiirteit\u00e4, merkityksi\u00e4 ja yhteiskunnallisia edellytyksi\u00e4. Opinnot avaavat n\u00e4k\u00f6alaa eri kulttuuripiirien tuntemukseen ja antavat valmiuksia aikamme kulttuuristen ilmi\u00f6iden analyyttiseen ja kriittiseen tarkasteluun. Yleinen kirjallisuustiede on itsen\u00e4isen\u00e4 oppiaineena Suomessa ainoastaan Turun ja Helsingin yliopistoissa. Oppiaine kattaa maailmankirjallisuuden moninaisen kirjon, vaikka k\u00e4yt\u00e4nn\u00f6ss\u00e4 painopiste on l\u00e4nsimaisessa kirjallisuudessa. [&hellip;]<\/p>\n","protected":false},"author":28800,"featured_media":0,"parent":0,"menu_order":0,"comment_status":"closed","ping_status":"closed","template":"","meta":{"footnotes":""},"class_list":["post-24","page","type-page","status-publish","hentry","post-preview"],"_links":{"self":[{"href":"https:\/\/blogit.utu.fi\/yleinenkirjallisuustiede\/wp-json\/wp\/v2\/pages\/24","targetHints":{"allow":["GET"]}}],"collection":[{"href":"https:\/\/blogit.utu.fi\/yleinenkirjallisuustiede\/wp-json\/wp\/v2\/pages"}],"about":[{"href":"https:\/\/blogit.utu.fi\/yleinenkirjallisuustiede\/wp-json\/wp\/v2\/types\/page"}],"author":[{"embeddable":true,"href":"https:\/\/blogit.utu.fi\/yleinenkirjallisuustiede\/wp-json\/wp\/v2\/users\/28800"}],"replies":[{"embeddable":true,"href":"https:\/\/blogit.utu.fi\/yleinenkirjallisuustiede\/wp-json\/wp\/v2\/comments?post=24"}],"version-history":[{"count":2,"href":"https:\/\/blogit.utu.fi\/yleinenkirjallisuustiede\/wp-json\/wp\/v2\/pages\/24\/revisions"}],"predecessor-version":[{"id":69,"href":"https:\/\/blogit.utu.fi\/yleinenkirjallisuustiede\/wp-json\/wp\/v2\/pages\/24\/revisions\/69"}],"wp:attachment":[{"href":"https:\/\/blogit.utu.fi\/yleinenkirjallisuustiede\/wp-json\/wp\/v2\/media?parent=24"}],"curies":[{"name":"wp","href":"https:\/\/api.w.org\/{rel}","templated":true}]}}