{"id":14,"date":"2019-10-16T12:43:53","date_gmt":"2019-10-16T12:43:53","guid":{"rendered":"https:\/\/blogit.utu.fi\/ylhist\/?page_id=14"},"modified":"2023-04-26T16:42:44","modified_gmt":"2023-04-26T16:42:44","slug":"arkistot","status":"publish","type":"page","link":"https:\/\/blogit.utu.fi\/ylhist\/arkistot\/","title":{"rendered":"Kokoelmat"},"content":{"rendered":"<p>Yleisen historian oppiaineella on hallussaan laajat alkuper\u00e4isaineistokokoelmat. Aineistoa on kartutettu vuosien varrella erityisesti oppiaineen painopistealueiden teemoista: siirtolaisuushistoriasta, It\u00e4meren piirin historiasta ja matkailun historiasta. N\u00e4iden lis\u00e4ksi kokoelmista l\u00f6ytyy runsaasti materiaalia esimerkiksi toisesta maailmansodasta, maailmann\u00e4yttelyist\u00e4 ja Kolmannen valtakunnan historiasta. Aineisto koostuu arkistomateriaalista, painetusta kirjallisuudesta sek\u00e4 sanoma- ja aikakauslehtien vuosikerroista. Mittava osa materiaalista on mikrofilmein\u00e4 tai -kortteina. Mit\u00e4\u00e4n aineistoja ei lainata ulos, mutta materiaaleihin voi tutustua oppiaineen tiloissa virka-aikana. Henkil\u00f6kunta neuvoo mielell\u00e4\u00e4n aineiston k\u00e4yt\u00f6ss\u00e4.<\/p>\n","protected":false},"excerpt":{"rendered":"<p>Yleisen historian oppiaineella on hallussaan laajat alkuper\u00e4isaineistokokoelmat. Aineistoa on kartutettu vuosien varrella erityisesti oppiaineen painopistealueiden teemoista: siirtolaisuushistoriasta, It\u00e4meren piirin historiasta ja matkailun historiasta. N\u00e4iden lis\u00e4ksi kokoelmista l\u00f6ytyy runsaasti materiaalia esimerkiksi toisesta maailmansodasta, maailmann\u00e4yttelyist\u00e4 ja Kolmannen valtakunnan historiasta. Aineisto koostuu arkistomateriaalista, painetusta kirjallisuudesta sek\u00e4 sanoma- ja aikakauslehtien vuosikerroista. Mittava osa materiaalista on mikrofilmein\u00e4 tai -kortteina. Mit\u00e4\u00e4n [&hellip;]<\/p>\n","protected":false},"author":3371,"featured_media":1031,"parent":0,"menu_order":1,"comment_status":"closed","ping_status":"closed","template":"","meta":{"footnotes":""},"class_list":["post-14","page","type-page","status-publish","has-post-thumbnail","czr-hentry"],"_links":{"self":[{"href":"https:\/\/blogit.utu.fi\/ylhist\/wp-json\/wp\/v2\/pages\/14","targetHints":{"allow":["GET"]}}],"collection":[{"href":"https:\/\/blogit.utu.fi\/ylhist\/wp-json\/wp\/v2\/pages"}],"about":[{"href":"https:\/\/blogit.utu.fi\/ylhist\/wp-json\/wp\/v2\/types\/page"}],"author":[{"embeddable":true,"href":"https:\/\/blogit.utu.fi\/ylhist\/wp-json\/wp\/v2\/users\/3371"}],"replies":[{"embeddable":true,"href":"https:\/\/blogit.utu.fi\/ylhist\/wp-json\/wp\/v2\/comments?post=14"}],"version-history":[{"count":3,"href":"https:\/\/blogit.utu.fi\/ylhist\/wp-json\/wp\/v2\/pages\/14\/revisions"}],"predecessor-version":[{"id":272,"href":"https:\/\/blogit.utu.fi\/ylhist\/wp-json\/wp\/v2\/pages\/14\/revisions\/272"}],"wp:featuredmedia":[{"embeddable":true,"href":"https:\/\/blogit.utu.fi\/ylhist\/wp-json\/wp\/v2\/media\/1031"}],"wp:attachment":[{"href":"https:\/\/blogit.utu.fi\/ylhist\/wp-json\/wp\/v2\/media?parent=14"}],"curies":[{"name":"wp","href":"https:\/\/api.w.org\/{rel}","templated":true}]}}