{"id":254,"date":"2019-10-17T10:39:56","date_gmt":"2019-10-17T10:39:56","guid":{"rendered":"https:\/\/blogit.utu.fi\/ylhist\/?page_id=254"},"modified":"2024-04-26T06:38:35","modified_gmt":"2024-04-26T06:38:35","slug":"siirtolaisuusarkisto","status":"publish","type":"page","link":"https:\/\/blogit.utu.fi\/ylhist\/arkistot\/siirtolaisuusarkisto\/","title":{"rendered":"Siirtolaisuuskokoelma"},"content":{"rendered":"<p class=\"utu-rte2Element-P\">Yleisen historian oppiaineella on ainutlaatuinen, p\u00e4\u00e4osin 1960-1970-luvuilla koottu siirtolaisuushistorian kokoelma, johon sis\u00e4ltyy mm. siirtolaisten kirjeit\u00e4, leikekirjoja ja valokuvia, heid\u00e4n julkaisemiaan lehti\u00e4 sek\u00e4 aikalaiskirjallisuutta. Kokoelma sijaitsee\u00a0<a href=\"https:\/\/www.utu.fi\/fi\/yliopisto\/humanistinen-tiedekunta\/hktl-arkisto\">Historian, kulttuurin ja taiteiden tutkimuksen laitoksen arkistossa\u00a0<\/a>(Arcanum, Arcanuminkuja 1). Kokoelma on muodostettu p\u00e4\u00e4osin siirtolaisten ja heid\u00e4n j\u00e4lkel\u00e4istens\u00e4 lahjoituksista. Valtaosa materiaaleista keskittyy Amerikan-siirtolaisuuteen, mutta joukossa on my\u00f6s esimerkiksi Australian-siirtolaisuuteen liittyv\u00e4\u00e4 aineistoa. Tarkat kuvaukset kokoelmien sis\u00e4ll\u00f6st\u00e4 l\u00f6ytyv\u00e4t lahjoitusluetteloista. Seuraavassa kuvailtuna er\u00e4it\u00e4 kokoelmista l\u00f6ytyvi\u00e4 materiaalityyppej\u00e4:<\/p>\n<h3 class=\"utu-rte2Element-H3\">Kirjekokoelma<\/h3>\n<p class=\"utu-rte2Element-P\">Siirtolaisuushistorian aineiston yhteydess\u00e4 on laaja kirjekokoelma, joka on ker\u00e4tty 1960-luvulla Satakunnasta ja Varsinais-Suomesta. Kirjeet ovat p\u00e4\u00e4osin Amerikkaan siirtolaisiksi muuttaneiden suomalaisten l\u00e4hett\u00e4mi\u00e4. Kirjeiden joukossa olleet valokuvat sek\u00e4 suurin osa postikorteista on sijoitettu erilliseen kuvakokoelmaan.<\/p>\n<h3 class=\"utu-rte2Element-H3\">Kirjakokoelma<\/h3>\n<p class=\"utu-rte2Element-P\">Lahjoitusten mukana on saatu runsaasti siirtolaisuutta k\u00e4sittelev\u00e4\u00e4 tai siirtolaisten tuottamaa kirjallisuutta. Kirjallisuus on j\u00e4rjestetty temaattisesti ja se on luetteloitu kokonaisuudessaan.<\/p>\n<h3 class=\"utu-rte2Element-H3\">Lehtikokoelma<\/h3>\n<p class=\"utu-rte2Element-P\">Kokoelmaan kuuluu runsaasti suomalaissiirtolaisten julkaisemia sanoma- ja aikakauslehti\u00e4, joista osasta on olemassa monia vuosikertoja, osasta yksitt\u00e4isi\u00e4 numeroita. Kaikki lehdet on luetteloitu.<\/p>\n<h3 class=\"utu-rte2Element-H3\">Kuvakokoelma<\/h3>\n<p class=\"utu-rte2Element-P\">Siirtolaisuuskokoelman kuvamateriaali on koottu omaksi kokoelmakseen. Kuva-aiheiden mukaan j\u00e4rjestetyt postikortit muodostavat oman kokonaisuutensa. Toisen kokonaisuuden muodostavat siirtolaiskirjeiden ja -lomakkeiden joukosta ker\u00e4tyt valokuvat. Molemmat kokonaisuudet on luokiteltu.<\/p>\n<h3 class=\"utu-rte2Element-H3\">\u201dSuomi-Seuran\u201d kokoelma<\/h3>\n<p class=\"utu-rte2Element-P\">Suomi-Seura (<a href=\"http:\/\/www.suomi-seura.fi\/\">http:\/\/www.suomi-seura.fi\/<\/a>) on perustettu vuonna 1927\u00a0 yhteydenpitov\u00e4lineeksi ulkomailla olevien suomalaisten ja heid\u00e4n j\u00e4lkel\u00e4istens\u00e4 ja Suomen v\u00e4lill\u00e4. Seura toimii t\u00e4n\u00e4kin p\u00e4iv\u00e4n\u00e4 aktiivisesti. Yleisen historian siirtolaisuustutkimuksen laajetessa\u00a0 yhteydet Suomi-Seuraan olivat vilkkaat. Seura oli<\/p>\n<p class=\"utu-rte2Element-P\">ker\u00e4nnyt laajan ulkosuomalaisia ja Suomi-yhteyksi\u00e4 koskevan lehtileikekokoelman, jossa on materiaalia monista maista ja\u00a0 erilaisista aihepiireist\u00e4 (vierailuista, yhdistysten toiminnoista, Suomen avustamisesta sodan aikana,\u00a0 sis\u00e4- ja ulkopoliittista kysymyksist\u00e4,\u00a0 jne.).\u00a0 Eniten on aineistoa amerikansuomalaisista, mutta paljon Kanadasta, Australiasta, Ven\u00e4j\u00e4lt\u00e4\/Neuvostoliitosta ja muualtakin.\u00a0 Yleisen historian oppiaineen vuosia kest\u00e4nyt digitointiprojekti, yhdess\u00e4 Siirtolaisuusinstituutin kanssa viime vaiheissa, on saatettu nyt loppuun, tuloksena n. 23000 suomalaista ja ulkomaista lehtileikett\u00e4 n. v. 1920-1965.\u00a0 Leikkeit\u00e4 voi lukea kokoelmahuoneen yhdelt\u00e4 tietokoneelta.\u00a0 Kokoelman perusluettelo ja tarkka leikeluettelo ovat oheisessa linkiss\u00e4.<\/p>\n<h3 class=\"utu-rte2Element-H3\">Kyselykaavakkeet Pohjois-Amerikan siirtolaisille<\/h3>\n<p class=\"utu-rte2Element-P\">Yleisen historian oppiaineessa tehtiin 1960-1970-luvulla laaja kysely\u00a0 Pohjois-Amerikkaan menneille ja sielt\u00e4 palanneille siirtolaisille. Lomakkeet sis\u00e4lt\u00e4v\u00e4t\u00a0 80 kysymyst\u00e4, alkaen perus- ja henkil\u00f6tiedoista ja ulottuen moniin kysymyksiin jotka liittyv\u00e4t ty\u00f6h\u00f6n, perheeseen, sulautumiskysymyksiin, siirtolaiskulttuuriin jne.\u00a0 Kaavakkeita on kahta tyyppi\u00e4, Yhdysvaltoihin ja Kanadaan menneet ja sinne j\u00e4\u00e4neet siirtolaiset\u00a0 (nro. 1-2521, vuosilta 1968-1976, yhteens\u00e4 2521\u00a0 kaavaketta), sek\u00e4 Suomeen palanneille siirtolaisille osoitetut kaavakkeet (nro. 5001-6349 ja 7001-7346, vuosilta 1969-1977, yhteens\u00e4 1695\u00a0 kaavaketta).\u00a0 Kaavakkeita voi lukea kokoelmahuoneen yhdelt\u00e4 tietokoneelta.\u00a0 Kaavakkeita koskevat kaksi luetteloa ovat oheisessa linkiss\u00e4.<\/p>\n<h3 class=\"utu-rte2Element-H3\">Muita aineistoja<\/h3>\n<p class=\"utu-rte2Element-P\">Siirtolaisuuskokoelmaan sis\u00e4ltyy lis\u00e4ksi lukuisia muita aineistoja, kuten muistelmia ja p\u00e4iv\u00e4kirjoja, matkakertomuksia, leikekokoelmia, passiluetteloja, senaatin siirtolaisuutta koskevia p\u00f6yt\u00e4kirjoja, matkustusasiakirjoja, siirtolaisluetteloita, Yhdysvaltain suurl\u00e4hetyst\u00f6n materiaalia, sotilaskantakorttikokoelma sek\u00e4 \u00e4\u00e4nestysluetteloita. Valta-osa aineistosta koskee Yhdysvaltain siirtolaisuutta, mutta joukossa on my\u00f6s Australian, Kanadan ja Etel\u00e4-Amerikan siirtolaisuutta koskevia materiaaleja. Kiinnostava kokonaisuutensa on my\u00f6s &#8221;loikkarisiirtolaisuuden&#8221; kokoelma.<\/p>\n<p class=\"utu-rte2Element-P\">Siirtolaisarkistossa on lis\u00e4ksi runsaasti aineistoa Amerikansuomalaisista yhdistystoiminnasta, ty\u00f6v\u00e4en-, osuustoiminta- ja raittiusliikkeist\u00e4. My\u00f6s siirtolaisten uskonnolliseen el\u00e4m\u00e4\u00e4n liittyv\u00e4\u00e4 materiaalia l\u00f6ytyy runsaasti. Esimerkiksi Suomi-Opiston ja Suomi-Synodin aineistot ovat laajat. Kattavamman kuvan materiaaleista saa selailemalla lahjoitusluetteloita.<\/p>\n","protected":false},"excerpt":{"rendered":"<p>Yleisen historian oppiaineella on ainutlaatuinen, p\u00e4\u00e4osin 1960-1970-luvuilla koottu siirtolaisuushistorian kokoelma, johon sis\u00e4ltyy mm. siirtolaisten kirjeit\u00e4, leikekirjoja ja valokuvia, heid\u00e4n julkaisemiaan lehti\u00e4 sek\u00e4 aikalaiskirjallisuutta. Kokoelma sijaitsee\u00a0Historian, kulttuurin ja taiteiden tutkimuksen laitoksen arkistossa\u00a0(Arcanum, Arcanuminkuja 1). Kokoelma on muodostettu p\u00e4\u00e4osin siirtolaisten ja heid\u00e4n j\u00e4lkel\u00e4istens\u00e4 lahjoituksista. Valtaosa materiaaleista keskittyy Amerikan-siirtolaisuuteen, mutta joukossa on my\u00f6s esimerkiksi Australian-siirtolaisuuteen liittyv\u00e4\u00e4 aineistoa. Tarkat [&hellip;]<\/p>\n","protected":false},"author":3371,"featured_media":0,"parent":14,"menu_order":0,"comment_status":"closed","ping_status":"closed","template":"","meta":{"footnotes":""},"class_list":["post-254","page","type-page","status-publish","czr-hentry"],"_links":{"self":[{"href":"https:\/\/blogit.utu.fi\/ylhist\/wp-json\/wp\/v2\/pages\/254","targetHints":{"allow":["GET"]}}],"collection":[{"href":"https:\/\/blogit.utu.fi\/ylhist\/wp-json\/wp\/v2\/pages"}],"about":[{"href":"https:\/\/blogit.utu.fi\/ylhist\/wp-json\/wp\/v2\/types\/page"}],"author":[{"embeddable":true,"href":"https:\/\/blogit.utu.fi\/ylhist\/wp-json\/wp\/v2\/users\/3371"}],"replies":[{"embeddable":true,"href":"https:\/\/blogit.utu.fi\/ylhist\/wp-json\/wp\/v2\/comments?post=254"}],"version-history":[{"count":4,"href":"https:\/\/blogit.utu.fi\/ylhist\/wp-json\/wp\/v2\/pages\/254\/revisions"}],"predecessor-version":[{"id":1094,"href":"https:\/\/blogit.utu.fi\/ylhist\/wp-json\/wp\/v2\/pages\/254\/revisions\/1094"}],"up":[{"embeddable":true,"href":"https:\/\/blogit.utu.fi\/ylhist\/wp-json\/wp\/v2\/pages\/14"}],"wp:attachment":[{"href":"https:\/\/blogit.utu.fi\/ylhist\/wp-json\/wp\/v2\/media?parent=254"}],"curies":[{"name":"wp","href":"https:\/\/api.w.org\/{rel}","templated":true}]}}