{"id":263,"date":"2019-10-17T10:41:45","date_gmt":"2019-10-17T10:41:45","guid":{"rendered":"https:\/\/blogit.utu.fi\/ylhist\/?page_id=263"},"modified":"2019-10-17T10:41:45","modified_gmt":"2019-10-17T10:41:45","slug":"matkailuhistoria","status":"publish","type":"page","link":"https:\/\/blogit.utu.fi\/ylhist\/arkistot\/matkailuhistoria\/","title":{"rendered":"Matkailuhistoria"},"content":{"rendered":"<p class=\"utu-rte2Element-P\">Oppiaine on kartuttanut matkailun historian kokoelmiaan 2000-luvun alusta l\u00e4htien. Kokoelma pit\u00e4\u00e4 sis\u00e4ll\u00e4\u00e4n sek\u00e4 tutkimuskirjallisuutta, lehtileikkeit\u00e4, projektimateriaalia ett\u00e4 alkuper\u00e4ismateriaaliksi luokiteltavaa aineistoa, kuten opaskirjallisuutta, esitteit\u00e4, postikortteja, valokuvia ja haastatteluja. Suurin osa aineistosta keskittyy Eurooppaan, mutta mukana on my\u00f6s Afrikkaa, Australiaa, L\u00e4hi-it\u00e4\u00e4, Pohjois-Amerikkaa ja Ven\u00e4j\u00e4\u00e4 koskevia materiaaleja.<\/p>\n<p class=\"utu-rte2Element-P\">Matkailun historian kokoelmaan on saatu runsaasti materiaalia lahjoituksena matkaopas Sinikka R\u00e4nn\u00e4lilt\u00e4,\u00a0diplomi-insin\u00f6\u00f6ri Ilmari Wallinmaalta sek\u00e4 emeritusprofessori Auvo Kostiaiselta. Aineistoa on saatu my\u00f6s suurl\u00e4hettil\u00e4s Jussi M\u00e4kisen perikunnan lahjoituksena sek\u00e4 hankittu itse.<\/p>\n","protected":false},"excerpt":{"rendered":"<p>Oppiaine on kartuttanut matkailun historian kokoelmiaan 2000-luvun alusta l\u00e4htien. Kokoelma pit\u00e4\u00e4 sis\u00e4ll\u00e4\u00e4n sek\u00e4 tutkimuskirjallisuutta, lehtileikkeit\u00e4, projektimateriaalia ett\u00e4 alkuper\u00e4ismateriaaliksi luokiteltavaa aineistoa, kuten opaskirjallisuutta, esitteit\u00e4, postikortteja, valokuvia ja haastatteluja. Suurin osa aineistosta keskittyy Eurooppaan, mutta mukana on my\u00f6s Afrikkaa, Australiaa, L\u00e4hi-it\u00e4\u00e4, Pohjois-Amerikkaa ja Ven\u00e4j\u00e4\u00e4 koskevia materiaaleja. Matkailun historian kokoelmaan on saatu runsaasti materiaalia lahjoituksena matkaopas Sinikka R\u00e4nn\u00e4lilt\u00e4,\u00a0diplomi-insin\u00f6\u00f6ri [&hellip;]<\/p>\n","protected":false},"author":3371,"featured_media":0,"parent":14,"menu_order":2,"comment_status":"closed","ping_status":"closed","template":"","meta":{"footnotes":""},"class_list":["post-263","page","type-page","status-publish","czr-hentry"],"_links":{"self":[{"href":"https:\/\/blogit.utu.fi\/ylhist\/wp-json\/wp\/v2\/pages\/263","targetHints":{"allow":["GET"]}}],"collection":[{"href":"https:\/\/blogit.utu.fi\/ylhist\/wp-json\/wp\/v2\/pages"}],"about":[{"href":"https:\/\/blogit.utu.fi\/ylhist\/wp-json\/wp\/v2\/types\/page"}],"author":[{"embeddable":true,"href":"https:\/\/blogit.utu.fi\/ylhist\/wp-json\/wp\/v2\/users\/3371"}],"replies":[{"embeddable":true,"href":"https:\/\/blogit.utu.fi\/ylhist\/wp-json\/wp\/v2\/comments?post=263"}],"version-history":[{"count":1,"href":"https:\/\/blogit.utu.fi\/ylhist\/wp-json\/wp\/v2\/pages\/263\/revisions"}],"predecessor-version":[{"id":266,"href":"https:\/\/blogit.utu.fi\/ylhist\/wp-json\/wp\/v2\/pages\/263\/revisions\/266"}],"up":[{"embeddable":true,"href":"https:\/\/blogit.utu.fi\/ylhist\/wp-json\/wp\/v2\/pages\/14"}],"wp:attachment":[{"href":"https:\/\/blogit.utu.fi\/ylhist\/wp-json\/wp\/v2\/media?parent=263"}],"curies":[{"name":"wp","href":"https:\/\/api.w.org\/{rel}","templated":true}]}}